{"id":4309,"date":"2024-10-25T08:02:05","date_gmt":"2024-10-25T08:02:05","guid":{"rendered":"https:\/\/roadskyguardrail.com\/?page_id=4309"},"modified":"2024-10-25T08:02:07","modified_gmt":"2024-10-25T08:02:07","slug":"flex-beam-guardrails","status":"publish","type":"page","link":"https:\/\/roadskyguardrail.com\/pt\/flex-beam-guardrails","title":{"rendered":"Guarda-corpos de viga flex\u00edvel"},"content":{"rendered":"<p>As barreiras de prote\u00e7\u00e3o com vigas flex\u00edveis s\u00e3o uma parte essencial das infra-estruturas modernas de seguran\u00e7a rodovi\u00e1ria, proporcionando uma combina\u00e7\u00e3o equilibrada de durabilidade, flexibilidade e rentabilidade. A sua capacidade de absorver a energia do impacto, proteger os ocupantes do ve\u00edculo e adaptar-se a v\u00e1rias condi\u00e7\u00f5es da estrada faz com que sejam a escolha preferida das autoridades rodovi\u00e1rias e dos planeadores urbanos em todo o mundo.<\/p>\n\n\n\n<h2 class=\"wp-block-heading\">Produtos relacionados<\/h2>\n\n\n\n<div class=\"wp-block-columns is-layout-flex wp-container-core-columns-is-layout-9d6595d7 wp-block-columns-is-layout-flex\">\n<div class=\"wp-block-column is-layout-flow wp-block-column-is-layout-flow\"><div class=\"wp-block-image\">\n<figure class=\"aligncenter size-large is-resized\"><a href=\"https:\/\/roadskyguardrail.com\/pt\/w-beam\" target=\"_blank\" rel=\"noreferrer noopener\"><img decoding=\"async\" src=\"https:\/\/roadskyguardrail.com\/wp-content\/uploads\/2017\/05\/IMG_1197.jpg\" alt=\"Guarda-corpo galvanizado com viga W\" style=\"object-fit:cover;width:200px;height:200px\"\/><\/a><figcaption class=\"wp-element-caption\"><a href=\"https:\/\/roadskyguardrail.com\/pt\/w-beam\" target=\"_blank\" rel=\"noreferrer noopener\">Guarda-corpo galvanizado com viga W<\/a><\/figcaption><\/figure><\/div><\/div>\n\n\n\n<div class=\"wp-block-column is-layout-flow wp-block-column-is-layout-flow\">\n<p>A balaustrada galvanizada com viga W \u00e9 a barreira de prote\u00e7\u00e3o mais comum nas estradas, concebida para evitar que o ve\u00edculo saia da estrada em zonas perigosas. A Roadsky pode fornecer guarda-corpos e acess\u00f3rios padr\u00e3o AASHTO para projectos de guarda-corpos de estradas e auto-estradas. As vigas s\u00e3o revestidas com uma camada uniforme de revestimento de zinco para evitar pontos fracos causados por ferrugem e corros\u00e3o.<\/p>\n<\/div>\n<\/div>\n\n\n\n<div class=\"wp-block-columns is-layout-flex wp-container-core-columns-is-layout-9d6595d7 wp-block-columns-is-layout-flex\">\n<div class=\"wp-block-column is-layout-flow wp-block-column-is-layout-flow\"><div class=\"wp-block-image\">\n<figure class=\"aligncenter size-large is-resized\"><a href=\"https:\/\/roadskyguardrail.com\/pt\/thrie-beam\" target=\"_blank\" rel=\"noreferrer noopener\"><img decoding=\"async\" src=\"https:\/\/roadskyguardrail.com\/wp-content\/uploads\/2014\/05\/Thrie-beam-guardrail-2.jpg\" alt=\"Guarda-corpos de viga tripla\" style=\"object-fit:cover;width:200px;height:200px\"\/><\/a><figcaption class=\"wp-element-caption\"><a href=\"https:\/\/roadskyguardrail.com\/pt\/thrie-beam\" target=\"_blank\" rel=\"noreferrer noopener\">Guarda-corpos de viga tripla<\/a><\/figcaption><\/figure><\/div><\/div>\n\n\n\n<div class=\"wp-block-column is-layout-flow wp-block-column-is-layout-flow\">\n<p>A viga de guarda-corpo de a\u00e7o galvanizado \u00e9 a barreira de colis\u00e3o mais comum projetada para evitar que o ve\u00edculo saia da estrada em \u00e1reas perigosas. Comparado com a viga w, o guarda-corpo da viga thrie (tr\u00eas vigas) tem melhor desempenho anti-colis\u00e3o, que \u00e9 amplamente aplicado em estradas perigosas, como a ponte.<\/p>\n<\/div>\n<\/div>\n\n\n\n<div class=\"wp-block-columns is-layout-flex wp-container-core-columns-is-layout-9d6595d7 wp-block-columns-is-layout-flex\">\n<div class=\"wp-block-column is-layout-flow wp-block-column-is-layout-flow\"><div class=\"wp-block-image\">\n<figure class=\"aligncenter size-large is-resized\"><a href=\"https:\/\/roadskyguardrail.com\/pt\/radius-beam\" target=\"_blank\" rel=\"noreferrer noopener\"><img decoding=\"async\" src=\"https:\/\/roadskyguardrail.com\/wp-content\/uploads\/2017\/07\/Radius-Beam.jpg\" alt=\"Raio da viga de guarda-corpos\" style=\"object-fit:cover;width:200px;height:200px\"\/><\/a><figcaption class=\"wp-element-caption\"><a href=\"https:\/\/roadskyguardrail.com\/pt\/radius-beam\" target=\"_blank\" rel=\"noreferrer noopener\">Raio da viga de guarda-corpos<\/a><\/figcaption><\/figure><\/div><\/div>\n\n\n\n<div class=\"wp-block-column is-layout-flow wp-block-column-is-layout-flow\">\n<p>A viga de raio \u00e9 uma forma curva feita especialmente para dar uma transi\u00e7\u00e3o suave em curvas com um raio de 1,5m a 50m, que se refere \u00e0 face de tr\u00e1fego da estrada. A viga de raio \u00e9 necess\u00e1ria para raios mais apertados e pode ser curvada convexa ou c\u00f4ncava em v\u00e1rios graus para diferentes aplica\u00e7\u00f5es de estradas.<\/p>\n<\/div>\n<\/div>\n\n\n\n<div class=\"wp-block-columns is-layout-flex wp-container-core-columns-is-layout-9d6595d7 wp-block-columns-is-layout-flex\">\n<div class=\"wp-block-column is-layout-flow wp-block-column-is-layout-flow\"><div class=\"wp-block-image\">\n<figure class=\"aligncenter size-large is-resized\"><a href=\"https:\/\/roadskyguardrail.com\/pt\/curved-guardrail-beam\" target=\"_blank\" rel=\"noreferrer noopener\"><img decoding=\"async\" src=\"https:\/\/roadskyguardrail.com\/wp-content\/uploads\/2011\/07\/MG_3185.jpg\" alt=\"Feixe de guarda-corpos curvo\" style=\"object-fit:cover;width:200px;height:200px\"\/><\/a><figcaption class=\"wp-element-caption\"><a href=\"https:\/\/roadskyguardrail.com\/pt\/curved-guardrail-beam\" target=\"_blank\" rel=\"noreferrer noopener\">Feixe de guarda-corpos curvo<\/a><\/figcaption><\/figure><\/div><\/div>\n\n\n\n<div class=\"wp-block-column is-layout-flow wp-block-column-is-layout-flow\">\n<p>A viga de guarda-corpos curva \u00e9 uma barreira de seguran\u00e7a especializada na berma da estrada, concebida para se alinhar com as curvas naturais de uma estrada. Constru\u00eddas em a\u00e7o dur\u00e1vel ou noutros materiais resistentes ao impacto, estas vigas s\u00e3o instaladas ao longo da extremidade das sec\u00e7\u00f5es curvas das estradas para evitar que os ve\u00edculos se desviem, proporcionando um ambiente de condu\u00e7\u00e3o mais seguro. Ao contr\u00e1rio das barreiras de prote\u00e7\u00e3o rectas, as vigas curvas s\u00e3o concebidas para se adaptarem perfeitamente ao tra\u00e7ado da estrada, reduzindo a possibilidade de colis\u00f5es bruscas e guiando eficazmente os ve\u00edculos nas curvas.<\/p>\n<\/div>\n<\/div>\n\n\n\n<h2 class=\"wp-block-heading\">Aplica\u00e7\u00f5es das barreiras de prote\u00e7\u00e3o de viga flex\u00edvel<\/h2>\n\n\n\n<p>As barreiras de prote\u00e7\u00e3o com vigas flex\u00edveis s\u00e3o normalmente utilizadas em \u00e1reas de alto risco e em locais onde os ve\u00edculos podem perder o controlo, incluindo<\/p>\n\n\n\n<ul class=\"wp-block-list\">\n<li>Auto-estradas<\/li>\n\n\n\n<li>Pontes e passagens superiores<\/li>\n\n\n\n<li>Estradas rurais e curvas<\/li>\n\n\n\n<li>Obst\u00e1culos na estrada<\/li>\n<\/ul>\n\n\n\n<h2 class=\"wp-block-heading\">Guarda-corpos RoadSky e Flex Beam<\/h2>\n\n\n\n<p>O RoadSky \u00e9 um programa profissional <strong><a href=\"https:\/\/roadskyguardrail.com\/pt\/\" target=\"_blank\" rel=\"noreferrer noopener\" style=\"text-decoration: underline;\">fornecedor de barreiras de prote\u00e7\u00e3o para auto-estradas<\/a><\/strong> com uma variedade de modelos \u00e0 escolha, e tamb\u00e9m fornece <strong><a href=\"https:\/\/roadskyguardrail.com\/pt\/pile-driver\" target=\"_blank\" rel=\"noreferrer noopener\" style=\"text-decoration: underline;\">m\u00e1quinas de instala\u00e7\u00e3o de barreiras de prote\u00e7\u00e3o<\/a><\/strong> para satisfazer as diferentes necessidades dos clientes. Se estiver \u00e0 procura destes produtos para o seu projeto, pode contactar-nos diretamente para obter mais informa\u00e7\u00f5es.<\/p>\n\n\n\n<h2 class=\"wp-block-heading\">Contacte-nos para um or\u00e7amento gratuito<\/h2>\n\n\n\n<p><em>Preencha o formul\u00e1rio abaixo e os nossos representantes comerciais entrar\u00e3o em contacto consigo em breve.<\/em><\/p>\n\n\n\n<div class=\"wp-block-contact-form-7-contact-form-selector\">\n<div class=\"wpcf7 no-js\" id=\"wpcf7-f5-o1\" lang=\"en-US\" dir=\"ltr\" data-wpcf7-id=\"5\">\n<div class=\"screen-reader-response\"><p role=\"status\" aria-live=\"polite\" aria-atomic=\"true\"><\/p> <ul><\/ul><\/div>\n<form action=\"\/pt\/wp-json\/wp\/v2\/pages\/4309#wpcf7-f5-o1\" method=\"post\" class=\"wpcf7-form init\" aria-label=\"Formul\u00e1rio de contacto\" novalidate=\"novalidate\" data-status=\"init\" data-trp-original-action=\"\/pt\/wp-json\/wp\/v2\/pages\/4309#wpcf7-f5-o1\">\n<fieldset class=\"hidden-fields-container\"><input type=\"hidden\" name=\"_wpcf7\" value=\"5\" \/><input type=\"hidden\" name=\"_wpcf7_version\" value=\"6.1.5\" \/><input type=\"hidden\" name=\"_wpcf7_locale\" value=\"en_US\" \/><input type=\"hidden\" name=\"_wpcf7_unit_tag\" value=\"wpcf7-f5-o1\" \/><input type=\"hidden\" name=\"_wpcf7_container_post\" value=\"0\" \/><input type=\"hidden\" name=\"_wpcf7_posted_data_hash\" value=\"\" \/>\n<\/fieldset>\n<div class=\"wpcf7-turnstile cf-turnstile\" data-sitekey=\"0x4AAAAAACH9ueYy7fDdFIjX\" data-response-field-name=\"_wpcf7_turnstile_response\"><\/div>\n\n<p><label><em>*<\/em>Assunto:<\/label><span class=\"wpcf7-form-control-wrap\" data-name=\"your-subject\"><input size=\"40\" maxlength=\"400\" class=\"wpcf7-form-control wpcf7-text wpcf7-validates-as-required\" id=\"your-subject\" aria-required=\"true\" aria-invalid=\"false\" value=\"Product Inquiry\" type=\"text\" name=\"your-subject\" \/><\/span>\n<\/p>\n<p><label><em>*<\/em>Nome:<\/label><span class=\"wpcf7-form-control-wrap\" data-name=\"your-name\"><input size=\"40\" maxlength=\"400\" class=\"wpcf7-form-control wpcf7-text wpcf7-validates-as-required\" id=\"your-name\" aria-required=\"true\" aria-invalid=\"false\" placeholder=\"Preencher com o seu nome habitualmente utilizado\" value=\"\" type=\"text\" name=\"your-name\" \/><\/span>\n<\/p>\n<p><label><em>*<\/em>Correio eletr\u00f3nico:<\/label><span class=\"wpcf7-form-control-wrap\" data-name=\"your-email\"><input size=\"40\" maxlength=\"400\" class=\"wpcf7-form-control wpcf7-email wpcf7-validates-as-required wpcf7-text wpcf7-validates-as-email\" id=\"your-email\" aria-required=\"true\" aria-invalid=\"false\" placeholder=\"Preencher o endere\u00e7o eletr\u00f3nico habitualmente utilizado\" value=\"\" type=\"email\" name=\"your-email\" \/><\/span>\n<\/p>\n<p><label>Telefone:<\/label><span class=\"wpcf7-form-control-wrap\" data-name=\"your-phone\"><input size=\"40\" maxlength=\"400\" class=\"wpcf7-form-control wpcf7-text\" id=\"your-phone\" aria-invalid=\"false\" placeholder=\"Preencher com o n\u00famero de telefone de contacto ou telem\u00f3vel\" value=\"\" type=\"text\" name=\"your-phone\" \/><\/span>\n<\/p>\n<p><label>Pa\u00eds:<\/label><span class=\"wpcf7-form-control-wrap\" data-name=\"your-country\"><input size=\"40\" maxlength=\"400\" class=\"wpcf7-form-control wpcf7-text\" id=\"your-country\" aria-invalid=\"false\" placeholder=\"Preencher com o seu pa\u00eds\" value=\"\" type=\"text\" name=\"your-country\" \/><\/span>\n<\/p>\n<p><label>Empresa:<\/label><span class=\"wpcf7-form-control-wrap\" data-name=\"your-company\"><input size=\"40\" maxlength=\"400\" class=\"wpcf7-form-control wpcf7-text\" id=\"your-company\" aria-invalid=\"false\" placeholder=\"Preencher com o nome da empresa\" value=\"\" type=\"text\" name=\"your-company\" \/><\/span>\n<\/p>\n<p><label><em>*<\/em>Mensagem:<\/label><span class=\"wpcf7-form-control-wrap\" data-name=\"your-message\"><textarea cols=\"40\" rows=\"10\" maxlength=\"2000\" class=\"wpcf7-form-control wpcf7-textarea wpcf7-validates-as-required\" aria-required=\"true\" aria-invalid=\"false\" placeholder=\"Por favor, preencha os detalhes que deseja saber, como o nome do produto, especifica\u00e7\u00f5es, pre\u00e7o, MOQ, etc.\" name=\"your-message\"><\/textarea><\/span>\n<\/p>\n<p class=\"btn-submit\"><label> <\/label><input class=\"wpcf7-form-control wpcf7-submit has-spinner\" type=\"submit\" value=\"ENVIAR\" \/>\n<\/p><div class=\"wpcf7-response-output\" aria-hidden=\"true\"><\/div>\n<input type=\"hidden\" name=\"trp-form-language\" value=\"pt\"\/><\/form>\n<\/div>\n<\/div>","protected":false},"excerpt":{"rendered":"<p>As barreiras de prote\u00e7\u00e3o com vigas flex\u00edveis s\u00e3o uma parte essencial das infra-estruturas modernas de seguran\u00e7a rodovi\u00e1ria, proporcionando uma combina\u00e7\u00e3o equilibrada de durabilidade, flexibilidade e rentabilidade. A sua capacidade de absorver a energia do impacto, proteger os ocupantes do ve\u00edculo e adaptar-se a v\u00e1rias condi\u00e7\u00f5es da estrada faz com que sejam a escolha preferida das autoridades rodovi\u00e1rias e dos planeadores urbanos em todo o mundo. Produtos relacionados O guarda-corpo galvanizado com viga W \u00e9 a barreira de prote\u00e7\u00e3o mais comum em rodovias, projetada para evitar que o ve\u00edculo saia da estrada em \u00e1reas perigosas. A Roadsky pode fornecer guarda-corpos e acess\u00f3rios padr\u00e3o AASHTO para projetos de guarda-corpos de estradas e rodovias. As vigas s\u00e3o revestidas com uma camada uniforme de revestimento de zinco para evitar pontos fracos causados por ferrugem e corros\u00e3o. A viga de guarda-corpo de a\u00e7o galvanizado \u00e9 a barreira de choque mais comum projetada para evitar que o ve\u00edculo saia da estrada em \u00e1reas perigosas. Comparado com a viga w, o guarda-corpo da viga thrie (tr\u00eas vigas) tem melhor desempenho anti-colis\u00e3o, que \u00e9 amplamente aplicado em estradas perigosas, como a ponte. A viga de raio \u00e9 feita especialmente ...<\/p>","protected":false},"author":1,"featured_media":0,"parent":0,"menu_order":0,"comment_status":"closed","ping_status":"closed","template":"","meta":{"footnotes":""},"class_list":["post-4309","page","type-page","status-publish","hentry"],"yoast_head":"<!-- This site is optimized with the Yoast SEO plugin v27.4 - https:\/\/yoast.com\/product\/yoast-seo-wordpress\/ -->\n<title>Flex Beam Guardrails - RoadSky<\/title>\n<meta name=\"robots\" content=\"index, follow, max-snippet:-1, max-image-preview:large, max-video-preview:-1\" \/>\n<link rel=\"canonical\" href=\"https:\/\/roadskyguardrail.com\/pt\/flex-beam-guardrails\" \/>\n<meta property=\"og:locale\" content=\"pt_PT\" \/>\n<meta property=\"og:type\" content=\"article\" \/>\n<meta property=\"og:title\" content=\"Flex Beam Guardrails - RoadSky\" \/>\n<meta property=\"og:description\" content=\"Flex beam guardrails are an essential part of modern road safety infrastructure, providing a balanced blend of durability, flexibility, and cost-effectiveness. Their ability to absorb impact energy, protect vehicle occupants, and adapt to various road conditions makes them a preferred choice for highway authorities and city planners worldwide. Related Products W beam galvanized guardrail is the most common highway crash barriers designed to prevent the vehicle from running out of the road in dangerous area. Roadsky can supply&nbsp;AASHTO standard guardrail and accessories for roadside and highway guardrail projects. The beams are coated with a uniform layer of zinc coating to prevent weak spots caused by rust and corrosion. Galvanized steel guardrail beam is the most common crash barriers designed to prevent the vehicle from running out of the road in dangerous area. Compared to w beam, thrie beam (three beam) guardrail has better anti-collision performance, which is widely applied in dangerous road such as bridge. Radius beam is special made ...\" \/>\n<meta property=\"og:url\" content=\"https:\/\/roadskyguardrail.com\/pt\/flex-beam-guardrails\" \/>\n<meta property=\"og:site_name\" content=\"Nanjing Roadsky Traffic Facility Co.,Ltd (Roadsky Corporation)\" \/>\n<meta property=\"article:modified_time\" content=\"2024-10-25T08:02:07+00:00\" \/>\n<meta property=\"og:image\" content=\"https:\/\/roadskyguardrail.com\/wp-content\/uploads\/2017\/05\/IMG_1197.jpg\" \/>\n<meta name=\"twitter:card\" content=\"summary_large_image\" \/>\n<meta name=\"twitter:label1\" content=\"Est. reading time\" \/>\n\t<meta name=\"twitter:data1\" content=\"3 minutos\" \/>\n<script type=\"application\/ld+json\" class=\"yoast-schema-graph\">{\"@context\":\"https:\\\/\\\/schema.org\",\"@graph\":[{\"@type\":\"WebPage\",\"@id\":\"https:\\\/\\\/roadskyguardrail.com\\\/flex-beam-guardrails\",\"url\":\"https:\\\/\\\/roadskyguardrail.com\\\/flex-beam-guardrails\",\"name\":\"Flex Beam Guardrails - RoadSky\",\"isPartOf\":{\"@id\":\"https:\\\/\\\/roadskyguardrail.com\\\/#website\"},\"primaryImageOfPage\":{\"@id\":\"https:\\\/\\\/roadskyguardrail.com\\\/flex-beam-guardrails#primaryimage\"},\"image\":{\"@id\":\"https:\\\/\\\/roadskyguardrail.com\\\/flex-beam-guardrails#primaryimage\"},\"thumbnailUrl\":\"https:\\\/\\\/roadskyguardrail.com\\\/wp-content\\\/uploads\\\/2017\\\/05\\\/IMG_1197.jpg\",\"datePublished\":\"2024-10-25T08:02:05+00:00\",\"dateModified\":\"2024-10-25T08:02:07+00:00\",\"breadcrumb\":{\"@id\":\"https:\\\/\\\/roadskyguardrail.com\\\/flex-beam-guardrails#breadcrumb\"},\"inLanguage\":\"pt-PT\",\"potentialAction\":[{\"@type\":\"ReadAction\",\"target\":[\"https:\\\/\\\/roadskyguardrail.com\\\/flex-beam-guardrails\"]}]},{\"@type\":\"ImageObject\",\"inLanguage\":\"pt-PT\",\"@id\":\"https:\\\/\\\/roadskyguardrail.com\\\/flex-beam-guardrails#primaryimage\",\"url\":\"https:\\\/\\\/roadskyguardrail.com\\\/wp-content\\\/uploads\\\/2017\\\/05\\\/IMG_1197.jpg\",\"contentUrl\":\"https:\\\/\\\/roadskyguardrail.com\\\/wp-content\\\/uploads\\\/2017\\\/05\\\/IMG_1197.jpg\"},{\"@type\":\"BreadcrumbList\",\"@id\":\"https:\\\/\\\/roadskyguardrail.com\\\/flex-beam-guardrails#breadcrumb\",\"itemListElement\":[{\"@type\":\"ListItem\",\"position\":1,\"name\":\"Home\",\"item\":\"https:\\\/\\\/roadskyguardrail.com\\\/\"},{\"@type\":\"ListItem\",\"position\":2,\"name\":\"Flex Beam Guardrails\"}]},{\"@type\":\"WebSite\",\"@id\":\"https:\\\/\\\/roadskyguardrail.com\\\/#website\",\"url\":\"https:\\\/\\\/roadskyguardrail.com\\\/\",\"name\":\"Nanjing Roadsky Traffic Facility Co.,Ltd (Roadsky Corporation)\",\"description\":\"RoadSkyGuardrail.com\",\"potentialAction\":[{\"@type\":\"SearchAction\",\"target\":{\"@type\":\"EntryPoint\",\"urlTemplate\":\"https:\\\/\\\/roadskyguardrail.com\\\/?s={search_term_string}\"},\"query-input\":{\"@type\":\"PropertyValueSpecification\",\"valueRequired\":true,\"valueName\":\"search_term_string\"}}],\"inLanguage\":\"pt-PT\"}]}<\/script>\n<!-- \/ Yoast SEO plugin. -->","yoast_head_json":{"title":"Guarda-corpos de viga flex\u00edvel - RoadSky","robots":{"index":"index","follow":"follow","max-snippet":"max-snippet:-1","max-image-preview":"max-image-preview:large","max-video-preview":"max-video-preview:-1"},"canonical":"https:\/\/roadskyguardrail.com\/pt\/flex-beam-guardrails","og_locale":"pt_PT","og_type":"article","og_title":"Flex Beam Guardrails - RoadSky","og_description":"Flex beam guardrails are an essential part of modern road safety infrastructure, providing a balanced blend of durability, flexibility, and cost-effectiveness. Their ability to absorb impact energy, protect vehicle occupants, and adapt to various road conditions makes them a preferred choice for highway authorities and city planners worldwide. Related Products W beam galvanized guardrail is the most common highway crash barriers designed to prevent the vehicle from running out of the road in dangerous area. Roadsky can supply&nbsp;AASHTO standard guardrail and accessories for roadside and highway guardrail projects. The beams are coated with a uniform layer of zinc coating to prevent weak spots caused by rust and corrosion. Galvanized steel guardrail beam is the most common crash barriers designed to prevent the vehicle from running out of the road in dangerous area. Compared to w beam, thrie beam (three beam) guardrail has better anti-collision performance, which is widely applied in dangerous road such as bridge. Radius beam is special made ...","og_url":"https:\/\/roadskyguardrail.com\/pt\/flex-beam-guardrails","og_site_name":"Nanjing Roadsky Traffic Facility Co.,Ltd (Roadsky Corporation)","article_modified_time":"2024-10-25T08:02:07+00:00","og_image":[{"url":"https:\/\/roadskyguardrail.com\/wp-content\/uploads\/2017\/05\/IMG_1197.jpg","type":"","width":"","height":""}],"twitter_card":"summary_large_image","twitter_misc":{"Est. reading time":"3 minutos"},"schema":{"@context":"https:\/\/schema.org","@graph":[{"@type":"WebPage","@id":"https:\/\/roadskyguardrail.com\/flex-beam-guardrails","url":"https:\/\/roadskyguardrail.com\/flex-beam-guardrails","name":"Guarda-corpos de viga flex\u00edvel - RoadSky","isPartOf":{"@id":"https:\/\/roadskyguardrail.com\/#website"},"primaryImageOfPage":{"@id":"https:\/\/roadskyguardrail.com\/flex-beam-guardrails#primaryimage"},"image":{"@id":"https:\/\/roadskyguardrail.com\/flex-beam-guardrails#primaryimage"},"thumbnailUrl":"https:\/\/roadskyguardrail.com\/wp-content\/uploads\/2017\/05\/IMG_1197.jpg","datePublished":"2024-10-25T08:02:05+00:00","dateModified":"2024-10-25T08:02:07+00:00","breadcrumb":{"@id":"https:\/\/roadskyguardrail.com\/flex-beam-guardrails#breadcrumb"},"inLanguage":"pt-PT","potentialAction":[{"@type":"ReadAction","target":["https:\/\/roadskyguardrail.com\/flex-beam-guardrails"]}]},{"@type":"ImageObject","inLanguage":"pt-PT","@id":"https:\/\/roadskyguardrail.com\/flex-beam-guardrails#primaryimage","url":"https:\/\/roadskyguardrail.com\/wp-content\/uploads\/2017\/05\/IMG_1197.jpg","contentUrl":"https:\/\/roadskyguardrail.com\/wp-content\/uploads\/2017\/05\/IMG_1197.jpg"},{"@type":"BreadcrumbList","@id":"https:\/\/roadskyguardrail.com\/flex-beam-guardrails#breadcrumb","itemListElement":[{"@type":"ListItem","position":1,"name":"Home","item":"https:\/\/roadskyguardrail.com\/"},{"@type":"ListItem","position":2,"name":"Flex Beam Guardrails"}]},{"@type":"WebSite","@id":"https:\/\/roadskyguardrail.com\/#website","url":"https:\/\/roadskyguardrail.com\/","name":"Nanjing Roadsky Traffic Facility Co.,Ltd (Roadsky Corporation)","description":"RoadSkyGuardrail.com","potentialAction":[{"@type":"SearchAction","target":{"@type":"EntryPoint","urlTemplate":"https:\/\/roadskyguardrail.com\/?s={search_term_string}"},"query-input":{"@type":"PropertyValueSpecification","valueRequired":true,"valueName":"search_term_string"}}],"inLanguage":"pt-PT"}]}},"_links":{"self":[{"href":"https:\/\/roadskyguardrail.com\/pt\/wp-json\/wp\/v2\/pages\/4309","targetHints":{"allow":["GET"]}}],"collection":[{"href":"https:\/\/roadskyguardrail.com\/pt\/wp-json\/wp\/v2\/pages"}],"about":[{"href":"https:\/\/roadskyguardrail.com\/pt\/wp-json\/wp\/v2\/types\/page"}],"author":[{"embeddable":true,"href":"https:\/\/roadskyguardrail.com\/pt\/wp-json\/wp\/v2\/users\/1"}],"replies":[{"embeddable":true,"href":"https:\/\/roadskyguardrail.com\/pt\/wp-json\/wp\/v2\/comments?post=4309"}],"version-history":[{"count":1,"href":"https:\/\/roadskyguardrail.com\/pt\/wp-json\/wp\/v2\/pages\/4309\/revisions"}],"predecessor-version":[{"id":4312,"href":"https:\/\/roadskyguardrail.com\/pt\/wp-json\/wp\/v2\/pages\/4309\/revisions\/4312"}],"wp:attachment":[{"href":"https:\/\/roadskyguardrail.com\/pt\/wp-json\/wp\/v2\/media?parent=4309"}],"curies":[{"name":"wp","href":"https:\/\/api.w.org\/{rel}","templated":true}]}}