{"id":10,"date":"2010-05-02T04:20:46","date_gmt":"2010-05-02T04:20:46","guid":{"rendered":"https:\/\/roadskyguardrail.com\/?page_id=10"},"modified":"2025-12-10T03:56:06","modified_gmt":"2025-12-10T03:56:06","slug":"about","status":"publish","type":"page","link":"https:\/\/roadskyguardrail.com\/pt\/about","title":{"rendered":"Sobre n\u00f3s"},"content":{"rendered":"<p><strong>Nanjing Roadsky Traffic Facility Co.,Ltd. (Roadsky Corporation)&nbsp;<\/strong>desenvolve e fabrica <strong><a href=\"https:\/\/roadskyguardrail.com\/pt\/\" target=\"_blank\" rel=\"noreferrer noopener\" style=\"text-decoration: underline;\">guarda-corpos de autoestrada<\/a><\/strong> e equipamento de instala\u00e7\u00e3o em todo o mundo. Fundada em 2000 em Nanjing, na China, esfor\u00e7amo-nos por ser os principais especialistas no fornecimento de solu\u00e7\u00f5es para projectos de estradas e parques solares. Ao longo dos anos, fomos pioneiros no desenvolvimento da mais recente tecnologia na ind\u00fastria de seguran\u00e7a rodovi\u00e1ria e fornecemos conhecimentos t\u00e9cnicos especializados para uma gama mais ampla de projectos de constru\u00e7\u00e3o de estradas, desde seguran\u00e7a rodovi\u00e1ria, marca\u00e7\u00e3o de estradas, manuten\u00e7\u00e3o de estradas e guarda-corpos.<strong>&nbsp;<\/strong><\/p>\n\n\n<div class=\"wp-block-image\">\n<figure class=\"aligncenter size-full\"><img loading=\"lazy\" decoding=\"async\" width=\"600\" height=\"425\" src=\"https:\/\/roadskyguardrail.com\/wp-content\/uploads\/2024\/04\/RoadSky-Staff-Group-Photo.jpg\" alt=\"Foto de grupo do pessoal da RoadSky\" class=\"wp-image-4105\" srcset=\"https:\/\/roadskyguardrail.com\/wp-content\/uploads\/2024\/04\/RoadSky-Staff-Group-Photo.jpg 600w, https:\/\/roadskyguardrail.com\/wp-content\/uploads\/2024\/04\/RoadSky-Staff-Group-Photo-400x283.jpg 400w\" sizes=\"auto, (max-width: 600px) 100vw, 600px\" \/><\/figure><\/div>\n\n\n<p>Como fornecedor de <a href=\"https:\/\/roadskyguardrail.com\/pt\/guardrail-beam\" target=\"_blank\" rel=\"noreferrer noopener\" style=\"text-decoration: underline;\"><strong>viga de guarda-corpos<\/strong><\/a>, Com as nossas vigas de guarda-corpos, postes, terminais e acess\u00f3rios de guarda-corpos, concebemos os guarda-corpos de prote\u00e7\u00e3o para auto-estradas e estradas secund\u00e1rias, parques de estacionamento, f\u00e1bricas e armaz\u00e9ns. Uma forte equipa de I&amp;D e um processo de produ\u00e7\u00e3o rigorosamente controlado garantem que as nossas vigas de guarda-corpos cumprem as normas das auto-estradas e locais de trabalho em diferentes pa\u00edses.<\/p>\n\n\n\n<p>Para al\u00e9m dos guarda-corpos, a Roadsky tamb\u00e9m fabrica equipamento hidr\u00e1ulico de alta efici\u00eancia para a instala\u00e7\u00e3o de postes de guarda-corpos. Tanto o tipo de esteira como o tipo de roda <strong><a style=\"text-decoration: underline;\" href=\"https:\/\/roadskyguardrail.com\/pt\/pile-driver\" target=\"_blank\" rel=\"noreferrer noopener\">bate-estacas para guarda-corpos<\/a><\/strong> s\u00e3o fornecidos para diferentes condi\u00e7\u00f5es de trabalho. O condutor de postes Roadsky pode empilhar e extrair diferentes tipos de postes, como tipo C, tipo U, tipo H, etc. N\u00f3s tamb\u00e9m fornecemos o <strong><a href=\"https:\/\/roadskyguardrail.com\/pt\/solar-pile-driver\" target=\"_blank\" rel=\"noreferrer noopener\" style=\"text-decoration: underline;\">bate-estacas solar<\/a><\/strong> para instala\u00e7\u00e3o fotovoltaica. A pedido dos clientes, tamb\u00e9m fornecemos m\u00e1quinas de forma\u00e7\u00e3o e repara\u00e7\u00e3o de guardrails.<\/p>\n\n\n\n<figure class=\"wp-block-gallery has-nested-images columns-2 is-cropped wp-block-gallery-1 is-layout-flex wp-block-gallery-is-layout-flex\">\n<figure class=\"wp-block-image size-large\"><img loading=\"lazy\" decoding=\"async\" width=\"300\" height=\"199\" data-id=\"12\" src=\"https:\/\/roadskyguardrail.com\/wp-content\/uploads\/2010\/05\/about-us1.jpg\" alt=\"\" class=\"wp-image-12\"\/><\/figure>\n\n\n\n<figure class=\"wp-block-image size-large\"><img loading=\"lazy\" decoding=\"async\" width=\"300\" height=\"200\" data-id=\"13\" src=\"https:\/\/roadskyguardrail.com\/wp-content\/uploads\/2010\/05\/about-us2.jpg\" alt=\"\" class=\"wp-image-13\"\/><\/figure>\n<\/figure>\n\n\n\n<p>Desenvolvemos, fabricamos e fornecemos uma vasta gama de produtos de seguran\u00e7a para estradas, estacionamento, constru\u00e7\u00e3o e manuten\u00e7\u00e3o, que s\u00e3o produtos de seguran\u00e7a simplesmente estruturados que podem ser operados e instalados convenientemente. Temos vindo a fabricar e a fornecer barreiras de prote\u00e7\u00e3o e instala\u00e7\u00e3o da mais alta qualidade, m\u00e1quinas e materiais de marca\u00e7\u00e3o de estradas, manuten\u00e7\u00e3o de estradas e produtos de seguran\u00e7a para empreiteiros rodovi\u00e1rios de todo o mundo. Orgulhamo-nos da nossa forte equipa de I&amp;D e do processo de produ\u00e7\u00e3o rigorosamente controlado para garantir que os nossos produtos finais cumprem as normas de seguran\u00e7a rodovi\u00e1ria e de estradas em diferentes pa\u00edses. Constru\u00edmos v\u00e1rias m\u00e1quinas e materiais por medida, se necess\u00e1rio ou com base nas especifica\u00e7\u00f5es do cliente.<\/p>\n\n\n\n<p>A maioria dos nossos produtos \u00e9 exportada para mais de cem (100) pa\u00edses em \u00c1frica, Am\u00e9rica do Norte e do Sul, incluindo a Am\u00e9rica Central, M\u00e9dio Oriente, Sudeste Asi\u00e1tico, \u00c1sia Central, Europa e Oce\u00e2nia. Temos necessidades de exporta\u00e7\u00e3o particularmente grandes para marca\u00e7\u00e3o e manuten\u00e7\u00e3o de estradas para pa\u00edses em \u00c1frica, Am\u00e9rica Central e do Sul, M\u00e9dio Oriente, Sudeste Asi\u00e1tico e \u00c1sia Central.<\/p>\n\n\n\n<p>Como pioneira no desenvolvimento e fabrico de produtos para a constru\u00e7\u00e3o de estradas, a Roadsky Corp. \u00e9 capaz de fornecer n\u00e3o s\u00f3 as mat\u00e9rias-primas e o equipamento para a produ\u00e7\u00e3o de produtos de seguran\u00e7a, mas tamb\u00e9m o programa de forma\u00e7\u00e3o. A forma\u00e7\u00e3o especializada inclui a opera\u00e7\u00e3o e manuten\u00e7\u00e3o de equipamento, instru\u00e7\u00e3o de projectos de marca\u00e7\u00e3o de estradas e forma\u00e7\u00e3o de trabalhadores. Podemos enviar trabalhadores experientes para assistir e apoiar o trabalho de todo um projeto rodovi\u00e1rio. Se necess\u00e1rio, podemos tamb\u00e9m empenhar-nos na transfer\u00eancia de tecnologia, na qual a nossa empresa coloca especial \u00eanfase.<\/p>\n\n\n\n<p>Um fornecedor profissional de solu\u00e7\u00f5es de manuten\u00e7\u00e3o de estradas, que pode fabricar uma gama completa de produtos de manuten\u00e7\u00e3o de estradas e fornecer apoio t\u00e9cnico completo para projectos de constru\u00e7\u00e3o e seguran\u00e7a de estradas. Os nossos produtos e servi\u00e7os v\u00e3o para al\u00e9m da rela\u00e7\u00e3o comercial com os nossos clientes, somos parceiros para fornecer e entregar todos os tipos de produtos de seguran\u00e7a com o compromisso de tornar cada estrada muito mais segura para todos.<\/p>\n\n\n\n<h2 class=\"wp-block-heading has-text-align-center has-white-color has-text-color has-background\" style=\"background-color:#465c7d\">Vamos impulsionar o seu neg\u00f3cio hoje<\/h2>\n\n\n\n<div class=\"wp-block-contact-form-7-contact-form-selector\">\n<div class=\"wpcf7 no-js\" id=\"wpcf7-f5-o1\" lang=\"en-US\" dir=\"ltr\" data-wpcf7-id=\"5\">\n<div class=\"screen-reader-response\"><p role=\"status\" aria-live=\"polite\" aria-atomic=\"true\"><\/p> <ul><\/ul><\/div>\n<form action=\"\/pt\/wp-json\/wp\/v2\/pages\/10#wpcf7-f5-o1\" method=\"post\" class=\"wpcf7-form init\" aria-label=\"Formul\u00e1rio de contacto\" novalidate=\"novalidate\" data-status=\"init\" data-trp-original-action=\"\/pt\/wp-json\/wp\/v2\/pages\/10#wpcf7-f5-o1\">\n<fieldset class=\"hidden-fields-container\"><input type=\"hidden\" name=\"_wpcf7\" value=\"5\" \/><input type=\"hidden\" name=\"_wpcf7_version\" value=\"6.1.5\" \/><input type=\"hidden\" name=\"_wpcf7_locale\" value=\"en_US\" \/><input type=\"hidden\" name=\"_wpcf7_unit_tag\" value=\"wpcf7-f5-o1\" \/><input type=\"hidden\" name=\"_wpcf7_container_post\" value=\"0\" \/><input type=\"hidden\" name=\"_wpcf7_posted_data_hash\" value=\"\" \/>\n<\/fieldset>\n<div class=\"wpcf7-turnstile cf-turnstile\" data-sitekey=\"0x4AAAAAACH9ueYy7fDdFIjX\" data-response-field-name=\"_wpcf7_turnstile_response\"><\/div>\n\n<p><label><em>*<\/em>Assunto:<\/label><span class=\"wpcf7-form-control-wrap\" data-name=\"your-subject\"><input size=\"40\" maxlength=\"400\" class=\"wpcf7-form-control wpcf7-text wpcf7-validates-as-required\" id=\"your-subject\" aria-required=\"true\" aria-invalid=\"false\" value=\"Product Inquiry\" type=\"text\" name=\"your-subject\" \/><\/span>\n<\/p>\n<p><label><em>*<\/em>Nome:<\/label><span class=\"wpcf7-form-control-wrap\" data-name=\"your-name\"><input size=\"40\" maxlength=\"400\" class=\"wpcf7-form-control wpcf7-text wpcf7-validates-as-required\" id=\"your-name\" aria-required=\"true\" aria-invalid=\"false\" placeholder=\"Preencher com o seu nome habitualmente utilizado\" value=\"\" type=\"text\" name=\"your-name\" \/><\/span>\n<\/p>\n<p><label><em>*<\/em>Correio eletr\u00f3nico:<\/label><span class=\"wpcf7-form-control-wrap\" data-name=\"your-email\"><input size=\"40\" maxlength=\"400\" class=\"wpcf7-form-control wpcf7-email wpcf7-validates-as-required wpcf7-text wpcf7-validates-as-email\" id=\"your-email\" aria-required=\"true\" aria-invalid=\"false\" placeholder=\"Preencher o endere\u00e7o eletr\u00f3nico habitualmente utilizado\" value=\"\" type=\"email\" name=\"your-email\" \/><\/span>\n<\/p>\n<p><label>Telefone:<\/label><span class=\"wpcf7-form-control-wrap\" data-name=\"your-phone\"><input size=\"40\" maxlength=\"400\" class=\"wpcf7-form-control wpcf7-text\" id=\"your-phone\" aria-invalid=\"false\" placeholder=\"Preencher com o n\u00famero de telefone de contacto ou telem\u00f3vel\" value=\"\" type=\"text\" name=\"your-phone\" \/><\/span>\n<\/p>\n<p><label>Pa\u00eds:<\/label><span class=\"wpcf7-form-control-wrap\" data-name=\"your-country\"><input size=\"40\" maxlength=\"400\" class=\"wpcf7-form-control wpcf7-text\" id=\"your-country\" aria-invalid=\"false\" placeholder=\"Preencher com o seu pa\u00eds\" value=\"\" type=\"text\" name=\"your-country\" \/><\/span>\n<\/p>\n<p><label>Empresa:<\/label><span class=\"wpcf7-form-control-wrap\" data-name=\"your-company\"><input size=\"40\" maxlength=\"400\" class=\"wpcf7-form-control wpcf7-text\" id=\"your-company\" aria-invalid=\"false\" placeholder=\"Preencher com o nome da empresa\" value=\"\" type=\"text\" name=\"your-company\" \/><\/span>\n<\/p>\n<p><label><em>*<\/em>Mensagem:<\/label><span class=\"wpcf7-form-control-wrap\" data-name=\"your-message\"><textarea cols=\"40\" rows=\"10\" maxlength=\"2000\" class=\"wpcf7-form-control wpcf7-textarea wpcf7-validates-as-required\" aria-required=\"true\" aria-invalid=\"false\" placeholder=\"Por favor, preencha os detalhes que deseja saber, como o nome do produto, especifica\u00e7\u00f5es, pre\u00e7o, MOQ, etc.\" name=\"your-message\"><\/textarea><\/span>\n<\/p>\n<p class=\"btn-submit\"><label> <\/label><input class=\"wpcf7-form-control wpcf7-submit has-spinner\" type=\"submit\" value=\"ENVIAR\" \/>\n<\/p><div class=\"wpcf7-response-output\" aria-hidden=\"true\"><\/div>\n<input type=\"hidden\" name=\"trp-form-language\" value=\"pt\"\/><\/form>\n<\/div>\n<\/div>","protected":false},"excerpt":{"rendered":"<p>A empresa Nanjing Roadsky Traffic Facility Co.,Ltd. (Roadsky Corporation) desenvolve e fabrica guarda-corpos para auto-estradas e equipamento de instala\u00e7\u00e3o em todo o mundo. Fundada em 2000 em Nanjing, China, esfor\u00e7amo-nos por ser os principais especialistas no fornecimento de solu\u00e7\u00f5es para projectos de auto-estradas e parques solares. Ao longo dos anos, fomos pioneiros no desenvolvimento da mais recente tecnologia na ind\u00fastria de seguran\u00e7a rodovi\u00e1ria e fornecemos conhecimentos t\u00e9cnicos especializados para uma gama mais ampla de projectos de constru\u00e7\u00e3o de estradas, desde seguran\u00e7a rodovi\u00e1ria, marca\u00e7\u00e3o de estradas, manuten\u00e7\u00e3o de estradas e guarda-corpos.  Como fornecedor de vigas de guarda-corpos, postes, terminais e acess\u00f3rios para guarda-corpos, concebemos os guarda-corpos de prote\u00e7\u00e3o para auto-estradas e estradas secund\u00e1rias, parques de estacionamento, f\u00e1bricas e armaz\u00e9ns. Uma forte equipa de I&amp;D e um processo de produ\u00e7\u00e3o rigorosamente controlado garantem que as nossas vigas de guarda-corpos cumprem as normas das auto-estradas e locais de trabalho em diferentes pa\u00edses. Al\u00e9m de guardrails, Roadsky tamb\u00e9m fabrica equipamentos hidr\u00e1ulicos de alta efici\u00eancia para instala\u00e7\u00e3o de postes de guardrail. Tanto o bate-estacas de guarda-corpo tipo esteira quanto o tipo roda s\u00e3o fornecidos para diferentes condi\u00e7\u00f5es de trabalho. O bate-estacas Roadsky pode empilhar e extrair diferentes tipos de ...<\/p>","protected":false},"author":1,"featured_media":0,"parent":0,"menu_order":0,"comment_status":"closed","ping_status":"closed","template":"","meta":{"footnotes":""},"class_list":["post-10","page","type-page","status-publish","hentry"],"yoast_head":"<!-- This site is optimized with the Yoast SEO plugin v27.3 - https:\/\/yoast.com\/product\/yoast-seo-wordpress\/ -->\n<title>About US - RoadskyGuardrail<\/title>\n<meta name=\"robots\" content=\"index, follow, max-snippet:-1, max-image-preview:large, max-video-preview:-1\" \/>\n<link rel=\"canonical\" href=\"https:\/\/roadskyguardrail.com\/pt\/about\" \/>\n<meta property=\"og:locale\" content=\"pt_PT\" \/>\n<meta property=\"og:type\" content=\"article\" \/>\n<meta property=\"og:title\" content=\"About US - RoadskyGuardrail\" \/>\n<meta property=\"og:description\" content=\"Nanjing Roadsky Traffic Facility Co.,Ltd. (Roadsky Corporation)&nbsp;develops and manufactures highway guardrail and installation equipment everywhere in the world. Established in 2000 at Nanjing China, we endeavored to be the leading expert in providing&nbsp;highway and solar farm project solutions. Throughout the years, we pioneered development of the latest technology in road safety industry and provided technical expertise from specialized to a wider range of road construction from Road Safety, Road Marking, Road Maintenance, and Guardrail projects.&nbsp; As a supplier of guardrail beam, post, end terminal and guardrail accessories, we design the protective guardrails for highways and secondary roads, parking lots, factories, and warehouses. Strong R&amp;D team and strictly controlled production process ensure that our guardrail beams meet the standard of highways and workplaces in different countries. Besides guardrails, Roadsky also manufacture high efficient hydraulic guardrail post installation equipment. Both crawler-type and wheel-type guardrail pile driver are provided for different working conditions. Roadsky post driver can pile and extract different types of ...\" \/>\n<meta property=\"og:url\" content=\"https:\/\/roadskyguardrail.com\/pt\/about\" \/>\n<meta property=\"og:site_name\" content=\"Nanjing Roadsky Traffic Facility Co.,Ltd (Roadsky Corporation)\" \/>\n<meta property=\"article:modified_time\" content=\"2025-12-10T03:56:06+00:00\" \/>\n<meta property=\"og:image\" content=\"https:\/\/roadskyguardrail.com\/wp-content\/uploads\/2024\/04\/RoadSky-Staff-Group-Photo.jpg\" \/>\n\t<meta property=\"og:image:width\" content=\"600\" \/>\n\t<meta property=\"og:image:height\" content=\"425\" \/>\n\t<meta property=\"og:image:type\" content=\"image\/jpeg\" \/>\n<meta name=\"twitter:card\" content=\"summary_large_image\" \/>\n<meta name=\"twitter:label1\" content=\"Est. reading time\" \/>\n\t<meta name=\"twitter:data1\" content=\"3 minutos\" \/>\n<script type=\"application\/ld+json\" class=\"yoast-schema-graph\">{\"@context\":\"https:\\\/\\\/schema.org\",\"@graph\":[{\"@type\":\"WebPage\",\"@id\":\"https:\\\/\\\/roadskyguardrail.com\\\/about\",\"url\":\"https:\\\/\\\/roadskyguardrail.com\\\/about\",\"name\":\"About US - RoadskyGuardrail\",\"isPartOf\":{\"@id\":\"https:\\\/\\\/roadskyguardrail.com\\\/#website\"},\"primaryImageOfPage\":{\"@id\":\"https:\\\/\\\/roadskyguardrail.com\\\/about#primaryimage\"},\"image\":{\"@id\":\"https:\\\/\\\/roadskyguardrail.com\\\/about#primaryimage\"},\"thumbnailUrl\":\"https:\\\/\\\/roadskyguardrail.com\\\/wp-content\\\/uploads\\\/2024\\\/04\\\/RoadSky-Staff-Group-Photo.jpg\",\"datePublished\":\"2010-05-02T04:20:46+00:00\",\"dateModified\":\"2025-12-10T03:56:06+00:00\",\"breadcrumb\":{\"@id\":\"https:\\\/\\\/roadskyguardrail.com\\\/about#breadcrumb\"},\"inLanguage\":\"pt-PT\",\"potentialAction\":[{\"@type\":\"ReadAction\",\"target\":[\"https:\\\/\\\/roadskyguardrail.com\\\/about\"]}]},{\"@type\":\"ImageObject\",\"inLanguage\":\"pt-PT\",\"@id\":\"https:\\\/\\\/roadskyguardrail.com\\\/about#primaryimage\",\"url\":\"https:\\\/\\\/roadskyguardrail.com\\\/wp-content\\\/uploads\\\/2024\\\/04\\\/RoadSky-Staff-Group-Photo.jpg\",\"contentUrl\":\"https:\\\/\\\/roadskyguardrail.com\\\/wp-content\\\/uploads\\\/2024\\\/04\\\/RoadSky-Staff-Group-Photo.jpg\"},{\"@type\":\"BreadcrumbList\",\"@id\":\"https:\\\/\\\/roadskyguardrail.com\\\/about#breadcrumb\",\"itemListElement\":[{\"@type\":\"ListItem\",\"position\":1,\"name\":\"Home\",\"item\":\"https:\\\/\\\/roadskyguardrail.com\\\/\"},{\"@type\":\"ListItem\",\"position\":2,\"name\":\"About US\"}]},{\"@type\":\"WebSite\",\"@id\":\"https:\\\/\\\/roadskyguardrail.com\\\/#website\",\"url\":\"https:\\\/\\\/roadskyguardrail.com\\\/\",\"name\":\"Nanjing Roadsky Traffic Facility Co.,Ltd (Roadsky Corporation)\",\"description\":\"RoadSkyGuardrail.com\",\"potentialAction\":[{\"@type\":\"SearchAction\",\"target\":{\"@type\":\"EntryPoint\",\"urlTemplate\":\"https:\\\/\\\/roadskyguardrail.com\\\/?s={search_term_string}\"},\"query-input\":{\"@type\":\"PropertyValueSpecification\",\"valueRequired\":true,\"valueName\":\"search_term_string\"}}],\"inLanguage\":\"pt-PT\"}]}<\/script>\n<!-- \/ Yoast SEO plugin. -->","yoast_head_json":{"title":"Sobre n\u00f3s - RoadskyGuardrail","robots":{"index":"index","follow":"follow","max-snippet":"max-snippet:-1","max-image-preview":"max-image-preview:large","max-video-preview":"max-video-preview:-1"},"canonical":"https:\/\/roadskyguardrail.com\/pt\/about","og_locale":"pt_PT","og_type":"article","og_title":"About US - RoadskyGuardrail","og_description":"Nanjing Roadsky Traffic Facility Co.,Ltd. (Roadsky Corporation)&nbsp;develops and manufactures highway guardrail and installation equipment everywhere in the world. Established in 2000 at Nanjing China, we endeavored to be the leading expert in providing&nbsp;highway and solar farm project solutions. Throughout the years, we pioneered development of the latest technology in road safety industry and provided technical expertise from specialized to a wider range of road construction from Road Safety, Road Marking, Road Maintenance, and Guardrail projects.&nbsp; As a supplier of guardrail beam, post, end terminal and guardrail accessories, we design the protective guardrails for highways and secondary roads, parking lots, factories, and warehouses. Strong R&amp;D team and strictly controlled production process ensure that our guardrail beams meet the standard of highways and workplaces in different countries. Besides guardrails, Roadsky also manufacture high efficient hydraulic guardrail post installation equipment. Both crawler-type and wheel-type guardrail pile driver are provided for different working conditions. Roadsky post driver can pile and extract different types of ...","og_url":"https:\/\/roadskyguardrail.com\/pt\/about","og_site_name":"Nanjing Roadsky Traffic Facility Co.,Ltd (Roadsky Corporation)","article_modified_time":"2025-12-10T03:56:06+00:00","og_image":[{"width":600,"height":425,"url":"https:\/\/roadskyguardrail.com\/wp-content\/uploads\/2024\/04\/RoadSky-Staff-Group-Photo.jpg","type":"image\/jpeg"}],"twitter_card":"summary_large_image","twitter_misc":{"Est. reading time":"3 minutos"},"schema":{"@context":"https:\/\/schema.org","@graph":[{"@type":"WebPage","@id":"https:\/\/roadskyguardrail.com\/about","url":"https:\/\/roadskyguardrail.com\/about","name":"Sobre n\u00f3s - RoadskyGuardrail","isPartOf":{"@id":"https:\/\/roadskyguardrail.com\/#website"},"primaryImageOfPage":{"@id":"https:\/\/roadskyguardrail.com\/about#primaryimage"},"image":{"@id":"https:\/\/roadskyguardrail.com\/about#primaryimage"},"thumbnailUrl":"https:\/\/roadskyguardrail.com\/wp-content\/uploads\/2024\/04\/RoadSky-Staff-Group-Photo.jpg","datePublished":"2010-05-02T04:20:46+00:00","dateModified":"2025-12-10T03:56:06+00:00","breadcrumb":{"@id":"https:\/\/roadskyguardrail.com\/about#breadcrumb"},"inLanguage":"pt-PT","potentialAction":[{"@type":"ReadAction","target":["https:\/\/roadskyguardrail.com\/about"]}]},{"@type":"ImageObject","inLanguage":"pt-PT","@id":"https:\/\/roadskyguardrail.com\/about#primaryimage","url":"https:\/\/roadskyguardrail.com\/wp-content\/uploads\/2024\/04\/RoadSky-Staff-Group-Photo.jpg","contentUrl":"https:\/\/roadskyguardrail.com\/wp-content\/uploads\/2024\/04\/RoadSky-Staff-Group-Photo.jpg"},{"@type":"BreadcrumbList","@id":"https:\/\/roadskyguardrail.com\/about#breadcrumb","itemListElement":[{"@type":"ListItem","position":1,"name":"Home","item":"https:\/\/roadskyguardrail.com\/"},{"@type":"ListItem","position":2,"name":"About US"}]},{"@type":"WebSite","@id":"https:\/\/roadskyguardrail.com\/#website","url":"https:\/\/roadskyguardrail.com\/","name":"Nanjing Roadsky Traffic Facility Co.,Ltd (Roadsky Corporation)","description":"RoadSkyGuardrail.com","potentialAction":[{"@type":"SearchAction","target":{"@type":"EntryPoint","urlTemplate":"https:\/\/roadskyguardrail.com\/?s={search_term_string}"},"query-input":{"@type":"PropertyValueSpecification","valueRequired":true,"valueName":"search_term_string"}}],"inLanguage":"pt-PT"}]}},"_links":{"self":[{"href":"https:\/\/roadskyguardrail.com\/pt\/wp-json\/wp\/v2\/pages\/10","targetHints":{"allow":["GET"]}}],"collection":[{"href":"https:\/\/roadskyguardrail.com\/pt\/wp-json\/wp\/v2\/pages"}],"about":[{"href":"https:\/\/roadskyguardrail.com\/pt\/wp-json\/wp\/v2\/types\/page"}],"author":[{"embeddable":true,"href":"https:\/\/roadskyguardrail.com\/pt\/wp-json\/wp\/v2\/users\/1"}],"replies":[{"embeddable":true,"href":"https:\/\/roadskyguardrail.com\/pt\/wp-json\/wp\/v2\/comments?post=10"}],"version-history":[{"count":17,"href":"https:\/\/roadskyguardrail.com\/pt\/wp-json\/wp\/v2\/pages\/10\/revisions"}],"predecessor-version":[{"id":4808,"href":"https:\/\/roadskyguardrail.com\/pt\/wp-json\/wp\/v2\/pages\/10\/revisions\/4808"}],"wp:attachment":[{"href":"https:\/\/roadskyguardrail.com\/pt\/wp-json\/wp\/v2\/media?parent=10"}],"curies":[{"name":"wp","href":"https:\/\/api.w.org\/{rel}","templated":true}]}}