{"id":4309,"date":"2024-10-25T08:02:05","date_gmt":"2024-10-25T08:02:05","guid":{"rendered":"https:\/\/roadskyguardrail.com\/?page_id=4309"},"modified":"2024-10-25T08:02:07","modified_gmt":"2024-10-25T08:02:07","slug":"flex-beam-guardrails","status":"publish","type":"page","link":"https:\/\/roadskyguardrail.com\/it\/flex-beam-guardrails","title":{"rendered":"Parapetti a trave flessibile"},"content":{"rendered":"<p>I guardrail a travi flessibili sono una parte essenziale delle moderne infrastrutture di sicurezza stradale, in quanto offrono una miscela equilibrata di durata, flessibilit\u00e0 ed economicit\u00e0. La loro capacit\u00e0 di assorbire l'energia d'impatto, di proteggere gli occupanti dei veicoli e di adattarsi alle diverse condizioni stradali li rende la scelta preferita dalle autorit\u00e0 autostradali e dagli urbanisti di tutto il mondo.<\/p>\n\n\n\n<h2 class=\"wp-block-heading\">Prodotti correlati<\/h2>\n\n\n\n<div class=\"wp-block-columns is-layout-flex wp-container-core-columns-is-layout-9d6595d7 wp-block-columns-is-layout-flex\">\n<div class=\"wp-block-column is-layout-flow wp-block-column-is-layout-flow\"><div class=\"wp-block-image\">\n<figure class=\"aligncenter size-large is-resized\"><a href=\"https:\/\/roadskyguardrail.com\/it\/w-beam\" target=\"_blank\" rel=\"noreferrer noopener\"><img decoding=\"async\" src=\"https:\/\/roadskyguardrail.com\/wp-content\/uploads\/2017\/05\/IMG_1197.jpg\" alt=\"Parapetto zincato con fascio W\" style=\"object-fit:cover;width:200px;height:200px\"\/><\/a><figcaption class=\"wp-element-caption\"><a href=\"https:\/\/roadskyguardrail.com\/it\/w-beam\" target=\"_blank\" rel=\"noreferrer noopener\">Parapetto zincato con fascio W<\/a><\/figcaption><\/figure><\/div><\/div>\n\n\n\n<div class=\"wp-block-column is-layout-flow wp-block-column-is-layout-flow\">\n<p>Il guardrail zincato a W \u00e8 la pi\u00f9 comune barriera d'urto autostradale, progettata per evitare che il veicolo esca dalla strada in un'area pericolosa. Roadsky pu\u00f2 fornire guardrail standard AASHTO e accessori per progetti di guardrail stradali e autostradali. Le travi sono rivestite con uno strato uniforme di zinco per prevenire i punti deboli causati da ruggine e corrosione.<\/p>\n<\/div>\n<\/div>\n\n\n\n<div class=\"wp-block-columns is-layout-flex wp-container-core-columns-is-layout-9d6595d7 wp-block-columns-is-layout-flex\">\n<div class=\"wp-block-column is-layout-flow wp-block-column-is-layout-flow\"><div class=\"wp-block-image\">\n<figure class=\"aligncenter size-large is-resized\"><a href=\"https:\/\/roadskyguardrail.com\/it\/thrie-beam\" target=\"_blank\" rel=\"noreferrer noopener\"><img decoding=\"async\" src=\"https:\/\/roadskyguardrail.com\/wp-content\/uploads\/2014\/05\/Thrie-beam-guardrail-2.jpg\" alt=\"Parapetto con travi a vista\" style=\"object-fit:cover;width:200px;height:200px\"\/><\/a><figcaption class=\"wp-element-caption\"><a href=\"https:\/\/roadskyguardrail.com\/it\/thrie-beam\" target=\"_blank\" rel=\"noreferrer noopener\">Parapetto con travi a vista<\/a><\/figcaption><\/figure><\/div><\/div>\n\n\n\n<div class=\"wp-block-column is-layout-flow wp-block-column-is-layout-flow\">\n<p>Il guardrail in acciaio zincato \u00e8 la barriera anticollisione pi\u00f9 comune, progettata per evitare che il veicolo esca dalla strada in un'area pericolosa. Rispetto alla trave a W, il guardrail a tre travi ha migliori prestazioni anticollisione e trova ampia applicazione in strade pericolose come i ponti.<\/p>\n<\/div>\n<\/div>\n\n\n\n<div class=\"wp-block-columns is-layout-flex wp-container-core-columns-is-layout-9d6595d7 wp-block-columns-is-layout-flex\">\n<div class=\"wp-block-column is-layout-flow wp-block-column-is-layout-flow\"><div class=\"wp-block-image\">\n<figure class=\"aligncenter size-large is-resized\"><a href=\"https:\/\/roadskyguardrail.com\/it\/radius-beam\" target=\"_blank\" rel=\"noreferrer noopener\"><img decoding=\"async\" src=\"https:\/\/roadskyguardrail.com\/wp-content\/uploads\/2017\/07\/Radius-Beam.jpg\" alt=\"Trave guardrail a raggio\" style=\"object-fit:cover;width:200px;height:200px\"\/><\/a><figcaption class=\"wp-element-caption\"><a href=\"https:\/\/roadskyguardrail.com\/it\/radius-beam\" target=\"_blank\" rel=\"noreferrer noopener\">Trave guardrail a raggio<\/a><\/figcaption><\/figure><\/div><\/div>\n\n\n\n<div class=\"wp-block-column is-layout-flow wp-block-column-is-layout-flow\">\n<p>La trave a raggio \u00e8 una speciale forma curva che consente di ottenere una transizione fluida nelle curve con un raggio compreso tra 1,5 e 50 m, che si riferisce al fronte di circolazione della strada. La trave a raggio \u00e8 necessaria per i raggi pi\u00f9 stretti e pu\u00f2 essere curvata in modo convesso o concavo in vari gradi per le diverse applicazioni stradali.<\/p>\n<\/div>\n<\/div>\n\n\n\n<div class=\"wp-block-columns is-layout-flex wp-container-core-columns-is-layout-9d6595d7 wp-block-columns-is-layout-flex\">\n<div class=\"wp-block-column is-layout-flow wp-block-column-is-layout-flow\"><div class=\"wp-block-image\">\n<figure class=\"aligncenter size-large is-resized\"><a href=\"https:\/\/roadskyguardrail.com\/it\/curved-guardrail-beam\" target=\"_blank\" rel=\"noreferrer noopener\"><img decoding=\"async\" src=\"https:\/\/roadskyguardrail.com\/wp-content\/uploads\/2011\/07\/MG_3185.jpg\" alt=\"Trave guardrail curva\" style=\"object-fit:cover;width:200px;height:200px\"\/><\/a><figcaption class=\"wp-element-caption\"><a href=\"https:\/\/roadskyguardrail.com\/it\/curved-guardrail-beam\" target=\"_blank\" rel=\"noreferrer noopener\">Trave guardrail curva<\/a><\/figcaption><\/figure><\/div><\/div>\n\n\n\n<div class=\"wp-block-column is-layout-flow wp-block-column-is-layout-flow\">\n<p>La trave guardrail curva \u00e8 una barriera di sicurezza stradale specializzata, progettata per allinearsi alle curve naturali di una carreggiata. Costruite in acciaio durevole o in altri materiali resistenti agli urti, queste travi vengono installate lungo i bordi delle sezioni curve delle strade per impedire ai veicoli di deviare, offrendo un ambiente di guida pi\u00f9 sicuro. A differenza dei guardrail dritti, le travi curve sono progettate per adattarsi perfettamente al tracciato della strada, riducendo la possibilit\u00e0 di collisioni brusche e guidando efficacemente i veicoli nelle curve.<\/p>\n<\/div>\n<\/div>\n\n\n\n<h2 class=\"wp-block-heading\">Applicazioni dei parapetti a trave flessibile<\/h2>\n\n\n\n<p>I guardrail a trave flessibile sono comunemente utilizzati nelle aree ad alto rischio e nei luoghi in cui i veicoli possono perdere il controllo, tra cui:<\/p>\n\n\n\n<ul class=\"wp-block-list\">\n<li>Autostrade<\/li>\n\n\n\n<li>Ponti e cavalcavia<\/li>\n\n\n\n<li>Strade rurali e curve<\/li>\n\n\n\n<li>Ostacoli stradali<\/li>\n<\/ul>\n\n\n\n<h2 class=\"wp-block-heading\">Parapetti RoadSky e Flex Beam<\/h2>\n\n\n\n<p>RoadSky \u00e8 un servizio professionale <strong><a href=\"https:\/\/roadskyguardrail.com\/it\/\" target=\"_blank\" rel=\"noreferrer noopener\" style=\"text-decoration: underline;\">fornitore di guardrail autostradali<\/a><\/strong> con una variet\u00e0 di modelli tra cui scegliere, e fornisce anche <strong><a href=\"https:\/\/roadskyguardrail.com\/it\/pile-driver\" target=\"_blank\" rel=\"noreferrer noopener\" style=\"text-decoration: underline;\">macchine per l'installazione di guardrail<\/a><\/strong> per soddisfare le diverse esigenze dei clienti. Se state cercando questi prodotti per il vostro progetto, potete contattarci direttamente per maggiori informazioni.<\/p>\n\n\n\n<h2 class=\"wp-block-heading\">Contattateci per un preventivo gratuito<\/h2>\n\n\n\n<p><em>Compilate il modulo sottostante e i nostri rappresentanti commerciali vi contatteranno a breve.<\/em><\/p>\n\n\n\n<div class=\"wp-block-contact-form-7-contact-form-selector\">\n<div class=\"wpcf7 no-js\" id=\"wpcf7-f5-o1\" lang=\"en-US\" dir=\"ltr\" data-wpcf7-id=\"5\">\n<div class=\"screen-reader-response\"><p role=\"status\" aria-live=\"polite\" aria-atomic=\"true\"><\/p> <ul><\/ul><\/div>\n<form action=\"\/it\/wp-json\/wp\/v2\/pages\/4309#wpcf7-f5-o1\" method=\"post\" class=\"wpcf7-form init\" aria-label=\"Modulo di contatto\" novalidate=\"novalidate\" data-status=\"init\" data-trp-original-action=\"\/it\/wp-json\/wp\/v2\/pages\/4309#wpcf7-f5-o1\">\n<fieldset class=\"hidden-fields-container\"><input type=\"hidden\" name=\"_wpcf7\" value=\"5\" \/><input type=\"hidden\" name=\"_wpcf7_version\" value=\"6.1.5\" \/><input type=\"hidden\" name=\"_wpcf7_locale\" value=\"en_US\" \/><input type=\"hidden\" name=\"_wpcf7_unit_tag\" value=\"wpcf7-f5-o1\" \/><input type=\"hidden\" name=\"_wpcf7_container_post\" value=\"0\" \/><input type=\"hidden\" name=\"_wpcf7_posted_data_hash\" value=\"\" \/>\n<\/fieldset>\n<div class=\"wpcf7-turnstile cf-turnstile\" data-sitekey=\"0x4AAAAAACH9ueYy7fDdFIjX\" data-response-field-name=\"_wpcf7_turnstile_response\"><\/div>\n\n<p><label><em>*<\/em>Oggetto:<\/label><span class=\"wpcf7-form-control-wrap\" data-name=\"your-subject\"><input size=\"40\" maxlength=\"400\" class=\"wpcf7-form-control wpcf7-text wpcf7-validates-as-required\" id=\"your-subject\" aria-required=\"true\" aria-invalid=\"false\" value=\"Product Inquiry\" type=\"text\" name=\"your-subject\" \/><\/span>\n<\/p>\n<p><label><em>*<\/em>Nome:<\/label><span class=\"wpcf7-form-control-wrap\" data-name=\"your-name\"><input size=\"40\" maxlength=\"400\" class=\"wpcf7-form-control wpcf7-text wpcf7-validates-as-required\" id=\"your-name\" aria-required=\"true\" aria-invalid=\"false\" placeholder=\"Compilare il nome comunemente usato\" value=\"\" type=\"text\" name=\"your-name\" \/><\/span>\n<\/p>\n<p><label><em>*<\/em>E-mail:<\/label><span class=\"wpcf7-form-control-wrap\" data-name=\"your-email\"><input size=\"40\" maxlength=\"400\" class=\"wpcf7-form-control wpcf7-email wpcf7-validates-as-required wpcf7-text wpcf7-validates-as-email\" id=\"your-email\" aria-required=\"true\" aria-invalid=\"false\" placeholder=\"Compilare l&#039;e-mail comunemente utilizzata\" value=\"\" type=\"email\" name=\"your-email\" \/><\/span>\n<\/p>\n<p><label>Telefono:<\/label><span class=\"wpcf7-form-control-wrap\" data-name=\"your-phone\"><input size=\"40\" maxlength=\"400\" class=\"wpcf7-form-control wpcf7-text\" id=\"your-phone\" aria-invalid=\"false\" placeholder=\"Inserire il numero di telefono di contatto o il cellulare\" value=\"\" type=\"text\" name=\"your-phone\" \/><\/span>\n<\/p>\n<p><label>Paese:<\/label><span class=\"wpcf7-form-control-wrap\" data-name=\"your-country\"><input size=\"40\" maxlength=\"400\" class=\"wpcf7-form-control wpcf7-text\" id=\"your-country\" aria-invalid=\"false\" placeholder=\"Inserite il vostro paese\" value=\"\" type=\"text\" name=\"your-country\" \/><\/span>\n<\/p>\n<p><label>Azienda:<\/label><span class=\"wpcf7-form-control-wrap\" data-name=\"your-company\"><input size=\"40\" maxlength=\"400\" class=\"wpcf7-form-control wpcf7-text\" id=\"your-company\" aria-invalid=\"false\" placeholder=\"Inserire il nome della societ\u00e0\" value=\"\" type=\"text\" name=\"your-company\" \/><\/span>\n<\/p>\n<p><label><em>*<\/em>Messaggio:<\/label><span class=\"wpcf7-form-control-wrap\" data-name=\"your-message\"><textarea cols=\"40\" rows=\"10\" maxlength=\"2000\" class=\"wpcf7-form-control wpcf7-textarea wpcf7-validates-as-required\" aria-required=\"true\" aria-invalid=\"false\" placeholder=\"Inserite i dettagli che desiderate conoscere, come il nome del prodotto, le specifiche, il prezzo, il MOQ, ecc.\" name=\"your-message\"><\/textarea><\/span>\n<\/p>\n<p class=\"btn-submit\"><label> <\/label><input class=\"wpcf7-form-control wpcf7-submit has-spinner\" type=\"submit\" value=\"INVIA\" \/>\n<\/p><div class=\"wpcf7-response-output\" aria-hidden=\"true\"><\/div>\n<input type=\"hidden\" name=\"trp-form-language\" value=\"it\"\/><\/form>\n<\/div>\n<\/div>","protected":false},"excerpt":{"rendered":"<p>Flex beam guardrails are an essential part of modern road safety infrastructure, providing a balanced blend of durability, flexibility, and cost-effectiveness. Their ability to absorb impact energy, protect vehicle occupants, and adapt to various road conditions makes them a preferred choice for highway authorities and city planners worldwide. Related Products W beam galvanized guardrail is the most common highway crash barriers designed to prevent the vehicle from running out of the road in dangerous area. Roadsky can supply&nbsp;AASHTO standard guardrail and accessories for roadside and highway guardrail projects. The beams are coated with a uniform layer of zinc coating to prevent weak spots caused by rust and corrosion. Galvanized steel guardrail beam is the most common crash barriers designed to prevent the vehicle from running out of the road in dangerous area. Compared to w beam, thrie beam (three beam) guardrail has better anti-collision performance, which is widely applied in dangerous road such as bridge. Radius beam is special made &#8230;<\/p>","protected":false},"author":1,"featured_media":0,"parent":0,"menu_order":0,"comment_status":"closed","ping_status":"closed","template":"","meta":{"footnotes":""},"class_list":["post-4309","page","type-page","status-publish","hentry"],"yoast_head":"<!-- This site is optimized with the Yoast SEO plugin v27.4 - https:\/\/yoast.com\/product\/yoast-seo-wordpress\/ -->\n<title>Flex Beam Guardrails - RoadSky<\/title>\n<meta name=\"robots\" content=\"index, follow, max-snippet:-1, max-image-preview:large, max-video-preview:-1\" \/>\n<link rel=\"canonical\" href=\"https:\/\/roadskyguardrail.com\/it\/flex-beam-guardrails\" \/>\n<meta property=\"og:locale\" content=\"it_IT\" \/>\n<meta property=\"og:type\" content=\"article\" \/>\n<meta property=\"og:title\" content=\"Flex Beam Guardrails - RoadSky\" \/>\n<meta property=\"og:description\" content=\"Flex beam guardrails are an essential part of modern road safety infrastructure, providing a balanced blend of durability, flexibility, and cost-effectiveness. Their ability to absorb impact energy, protect vehicle occupants, and adapt to various road conditions makes them a preferred choice for highway authorities and city planners worldwide. Related Products W beam galvanized guardrail is the most common highway crash barriers designed to prevent the vehicle from running out of the road in dangerous area. Roadsky can supply&nbsp;AASHTO standard guardrail and accessories for roadside and highway guardrail projects. The beams are coated with a uniform layer of zinc coating to prevent weak spots caused by rust and corrosion. Galvanized steel guardrail beam is the most common crash barriers designed to prevent the vehicle from running out of the road in dangerous area. Compared to w beam, thrie beam (three beam) guardrail has better anti-collision performance, which is widely applied in dangerous road such as bridge. Radius beam is special made ...\" \/>\n<meta property=\"og:url\" content=\"https:\/\/roadskyguardrail.com\/it\/flex-beam-guardrails\" \/>\n<meta property=\"og:site_name\" content=\"Nanjing Roadsky Traffic Facility Co.,Ltd (Roadsky Corporation)\" \/>\n<meta property=\"article:modified_time\" content=\"2024-10-25T08:02:07+00:00\" \/>\n<meta property=\"og:image\" content=\"https:\/\/roadskyguardrail.com\/wp-content\/uploads\/2017\/05\/IMG_1197.jpg\" \/>\n<meta name=\"twitter:card\" content=\"summary_large_image\" \/>\n<meta name=\"twitter:label1\" content=\"Est. reading time\" \/>\n\t<meta name=\"twitter:data1\" content=\"3 minuti\" \/>\n<script type=\"application\/ld+json\" class=\"yoast-schema-graph\">{\"@context\":\"https:\\\/\\\/schema.org\",\"@graph\":[{\"@type\":\"WebPage\",\"@id\":\"https:\\\/\\\/roadskyguardrail.com\\\/flex-beam-guardrails\",\"url\":\"https:\\\/\\\/roadskyguardrail.com\\\/flex-beam-guardrails\",\"name\":\"Flex Beam Guardrails - RoadSky\",\"isPartOf\":{\"@id\":\"https:\\\/\\\/roadskyguardrail.com\\\/#website\"},\"primaryImageOfPage\":{\"@id\":\"https:\\\/\\\/roadskyguardrail.com\\\/flex-beam-guardrails#primaryimage\"},\"image\":{\"@id\":\"https:\\\/\\\/roadskyguardrail.com\\\/flex-beam-guardrails#primaryimage\"},\"thumbnailUrl\":\"https:\\\/\\\/roadskyguardrail.com\\\/wp-content\\\/uploads\\\/2017\\\/05\\\/IMG_1197.jpg\",\"datePublished\":\"2024-10-25T08:02:05+00:00\",\"dateModified\":\"2024-10-25T08:02:07+00:00\",\"breadcrumb\":{\"@id\":\"https:\\\/\\\/roadskyguardrail.com\\\/flex-beam-guardrails#breadcrumb\"},\"inLanguage\":\"it-IT\",\"potentialAction\":[{\"@type\":\"ReadAction\",\"target\":[\"https:\\\/\\\/roadskyguardrail.com\\\/flex-beam-guardrails\"]}]},{\"@type\":\"ImageObject\",\"inLanguage\":\"it-IT\",\"@id\":\"https:\\\/\\\/roadskyguardrail.com\\\/flex-beam-guardrails#primaryimage\",\"url\":\"https:\\\/\\\/roadskyguardrail.com\\\/wp-content\\\/uploads\\\/2017\\\/05\\\/IMG_1197.jpg\",\"contentUrl\":\"https:\\\/\\\/roadskyguardrail.com\\\/wp-content\\\/uploads\\\/2017\\\/05\\\/IMG_1197.jpg\"},{\"@type\":\"BreadcrumbList\",\"@id\":\"https:\\\/\\\/roadskyguardrail.com\\\/flex-beam-guardrails#breadcrumb\",\"itemListElement\":[{\"@type\":\"ListItem\",\"position\":1,\"name\":\"Home\",\"item\":\"https:\\\/\\\/roadskyguardrail.com\\\/\"},{\"@type\":\"ListItem\",\"position\":2,\"name\":\"Flex Beam Guardrails\"}]},{\"@type\":\"WebSite\",\"@id\":\"https:\\\/\\\/roadskyguardrail.com\\\/#website\",\"url\":\"https:\\\/\\\/roadskyguardrail.com\\\/\",\"name\":\"Nanjing Roadsky Traffic Facility Co.,Ltd (Roadsky Corporation)\",\"description\":\"RoadSkyGuardrail.com\",\"potentialAction\":[{\"@type\":\"SearchAction\",\"target\":{\"@type\":\"EntryPoint\",\"urlTemplate\":\"https:\\\/\\\/roadskyguardrail.com\\\/?s={search_term_string}\"},\"query-input\":{\"@type\":\"PropertyValueSpecification\",\"valueRequired\":true,\"valueName\":\"search_term_string\"}}],\"inLanguage\":\"it-IT\"}]}<\/script>\n<!-- \/ Yoast SEO plugin. -->","yoast_head_json":{"title":"Guardrail a trave flessibile - RoadSky","robots":{"index":"index","follow":"follow","max-snippet":"max-snippet:-1","max-image-preview":"max-image-preview:large","max-video-preview":"max-video-preview:-1"},"canonical":"https:\/\/roadskyguardrail.com\/it\/flex-beam-guardrails","og_locale":"it_IT","og_type":"article","og_title":"Flex Beam Guardrails - RoadSky","og_description":"Flex beam guardrails are an essential part of modern road safety infrastructure, providing a balanced blend of durability, flexibility, and cost-effectiveness. Their ability to absorb impact energy, protect vehicle occupants, and adapt to various road conditions makes them a preferred choice for highway authorities and city planners worldwide. Related Products W beam galvanized guardrail is the most common highway crash barriers designed to prevent the vehicle from running out of the road in dangerous area. Roadsky can supply&nbsp;AASHTO standard guardrail and accessories for roadside and highway guardrail projects. The beams are coated with a uniform layer of zinc coating to prevent weak spots caused by rust and corrosion. Galvanized steel guardrail beam is the most common crash barriers designed to prevent the vehicle from running out of the road in dangerous area. Compared to w beam, thrie beam (three beam) guardrail has better anti-collision performance, which is widely applied in dangerous road such as bridge. Radius beam is special made ...","og_url":"https:\/\/roadskyguardrail.com\/it\/flex-beam-guardrails","og_site_name":"Nanjing Roadsky Traffic Facility Co.,Ltd (Roadsky Corporation)","article_modified_time":"2024-10-25T08:02:07+00:00","og_image":[{"url":"https:\/\/roadskyguardrail.com\/wp-content\/uploads\/2017\/05\/IMG_1197.jpg","type":"","width":"","height":""}],"twitter_card":"summary_large_image","twitter_misc":{"Est. reading time":"3 minuti"},"schema":{"@context":"https:\/\/schema.org","@graph":[{"@type":"WebPage","@id":"https:\/\/roadskyguardrail.com\/flex-beam-guardrails","url":"https:\/\/roadskyguardrail.com\/flex-beam-guardrails","name":"Guardrail a trave flessibile - RoadSky","isPartOf":{"@id":"https:\/\/roadskyguardrail.com\/#website"},"primaryImageOfPage":{"@id":"https:\/\/roadskyguardrail.com\/flex-beam-guardrails#primaryimage"},"image":{"@id":"https:\/\/roadskyguardrail.com\/flex-beam-guardrails#primaryimage"},"thumbnailUrl":"https:\/\/roadskyguardrail.com\/wp-content\/uploads\/2017\/05\/IMG_1197.jpg","datePublished":"2024-10-25T08:02:05+00:00","dateModified":"2024-10-25T08:02:07+00:00","breadcrumb":{"@id":"https:\/\/roadskyguardrail.com\/flex-beam-guardrails#breadcrumb"},"inLanguage":"it-IT","potentialAction":[{"@type":"ReadAction","target":["https:\/\/roadskyguardrail.com\/flex-beam-guardrails"]}]},{"@type":"ImageObject","inLanguage":"it-IT","@id":"https:\/\/roadskyguardrail.com\/flex-beam-guardrails#primaryimage","url":"https:\/\/roadskyguardrail.com\/wp-content\/uploads\/2017\/05\/IMG_1197.jpg","contentUrl":"https:\/\/roadskyguardrail.com\/wp-content\/uploads\/2017\/05\/IMG_1197.jpg"},{"@type":"BreadcrumbList","@id":"https:\/\/roadskyguardrail.com\/flex-beam-guardrails#breadcrumb","itemListElement":[{"@type":"ListItem","position":1,"name":"Home","item":"https:\/\/roadskyguardrail.com\/"},{"@type":"ListItem","position":2,"name":"Flex Beam Guardrails"}]},{"@type":"WebSite","@id":"https:\/\/roadskyguardrail.com\/#website","url":"https:\/\/roadskyguardrail.com\/","name":"Nanjing Roadsky Traffic Facility Co.,Ltd (Roadsky Corporation)","description":"RoadSkyGuardrail.com","potentialAction":[{"@type":"SearchAction","target":{"@type":"EntryPoint","urlTemplate":"https:\/\/roadskyguardrail.com\/?s={search_term_string}"},"query-input":{"@type":"PropertyValueSpecification","valueRequired":true,"valueName":"search_term_string"}}],"inLanguage":"it-IT"}]}},"_links":{"self":[{"href":"https:\/\/roadskyguardrail.com\/it\/wp-json\/wp\/v2\/pages\/4309","targetHints":{"allow":["GET"]}}],"collection":[{"href":"https:\/\/roadskyguardrail.com\/it\/wp-json\/wp\/v2\/pages"}],"about":[{"href":"https:\/\/roadskyguardrail.com\/it\/wp-json\/wp\/v2\/types\/page"}],"author":[{"embeddable":true,"href":"https:\/\/roadskyguardrail.com\/it\/wp-json\/wp\/v2\/users\/1"}],"replies":[{"embeddable":true,"href":"https:\/\/roadskyguardrail.com\/it\/wp-json\/wp\/v2\/comments?post=4309"}],"version-history":[{"count":1,"href":"https:\/\/roadskyguardrail.com\/it\/wp-json\/wp\/v2\/pages\/4309\/revisions"}],"predecessor-version":[{"id":4312,"href":"https:\/\/roadskyguardrail.com\/it\/wp-json\/wp\/v2\/pages\/4309\/revisions\/4312"}],"wp:attachment":[{"href":"https:\/\/roadskyguardrail.com\/it\/wp-json\/wp\/v2\/media?parent=4309"}],"curies":[{"name":"wp","href":"https:\/\/api.w.org\/{rel}","templated":true}]}}