{"id":4309,"date":"2024-10-25T08:02:05","date_gmt":"2024-10-25T08:02:05","guid":{"rendered":"https:\/\/roadskyguardrail.com\/?page_id=4309"},"modified":"2024-10-25T08:02:07","modified_gmt":"2024-10-25T08:02:07","slug":"flex-beam-guardrails","status":"publish","type":"page","link":"https:\/\/roadskyguardrail.com\/fr\/flex-beam-guardrails","title":{"rendered":"Garde-corps \u00e0 poutrelles flexibles"},"content":{"rendered":"<p>Les glissi\u00e8res de s\u00e9curit\u00e9 \u00e0 poutrelles flexibles sont un \u00e9l\u00e9ment essentiel de l'infrastructure moderne de s\u00e9curit\u00e9 routi\u00e8re, car elles offrent un m\u00e9lange \u00e9quilibr\u00e9 de durabilit\u00e9, de flexibilit\u00e9 et de rentabilit\u00e9. Leur capacit\u00e9 \u00e0 absorber l'\u00e9nergie d'impact, \u00e0 prot\u00e9ger les occupants des v\u00e9hicules et \u00e0 s'adapter aux diff\u00e9rentes conditions routi\u00e8res en fait un choix privil\u00e9gi\u00e9 pour les autorit\u00e9s routi\u00e8res et les urbanistes du monde entier.<\/p>\n\n\n\n<h2 class=\"wp-block-heading\">Produits apparent\u00e9s<\/h2>\n\n\n\n<div class=\"wp-block-columns is-layout-flex wp-container-core-columns-is-layout-9d6595d7 wp-block-columns-is-layout-flex\">\n<div class=\"wp-block-column is-layout-flow wp-block-column-is-layout-flow\"><div class=\"wp-block-image\">\n<figure class=\"aligncenter size-large is-resized\"><a href=\"https:\/\/roadskyguardrail.com\/fr\/w-beam\" target=\"_blank\" rel=\"noreferrer noopener\"><img decoding=\"async\" src=\"https:\/\/roadskyguardrail.com\/wp-content\/uploads\/2017\/05\/IMG_1197.jpg\" alt=\"Garde-corps galvanis\u00e9 \u00e0 poutre en W\" style=\"object-fit:cover;width:200px;height:200px\"\/><\/a><figcaption class=\"wp-element-caption\"><a href=\"https:\/\/roadskyguardrail.com\/fr\/w-beam\" target=\"_blank\" rel=\"noreferrer noopener\">Garde-corps galvanis\u00e9 \u00e0 poutre en W<\/a><\/figcaption><\/figure><\/div><\/div>\n\n\n\n<div class=\"wp-block-column is-layout-flow wp-block-column-is-layout-flow\">\n<p>Les glissi\u00e8res de s\u00e9curit\u00e9 galvanis\u00e9es en W sont les glissi\u00e8res de s\u00e9curit\u00e9 les plus courantes sur les autoroutes. Elles sont con\u00e7ues pour emp\u00eacher les v\u00e9hicules de sortir de la route dans les zones dangereuses. Roadsky peut fournir des glissi\u00e8res de s\u00e9curit\u00e9 conformes \u00e0 la norme AASHTO et des accessoires pour les projets de glissi\u00e8res de s\u00e9curit\u00e9 en bord de route et sur les autoroutes. Les poutres sont recouvertes d'une couche uniforme de zinc pour \u00e9viter les points faibles caus\u00e9s par la rouille et la corrosion.<\/p>\n<\/div>\n<\/div>\n\n\n\n<div class=\"wp-block-columns is-layout-flex wp-container-core-columns-is-layout-9d6595d7 wp-block-columns-is-layout-flex\">\n<div class=\"wp-block-column is-layout-flow wp-block-column-is-layout-flow\"><div class=\"wp-block-image\">\n<figure class=\"aligncenter size-large is-resized\"><a href=\"https:\/\/roadskyguardrail.com\/fr\/thrie-beam\" target=\"_blank\" rel=\"noreferrer noopener\"><img decoding=\"async\" src=\"https:\/\/roadskyguardrail.com\/wp-content\/uploads\/2014\/05\/Thrie-beam-guardrail-2.jpg\" alt=\"Garde-corps \u00e0 poutrelles\" style=\"object-fit:cover;width:200px;height:200px\"\/><\/a><figcaption class=\"wp-element-caption\"><a href=\"https:\/\/roadskyguardrail.com\/fr\/thrie-beam\" target=\"_blank\" rel=\"noreferrer noopener\">Garde-corps \u00e0 poutrelles<\/a><\/figcaption><\/figure><\/div><\/div>\n\n\n\n<div class=\"wp-block-column is-layout-flow wp-block-column-is-layout-flow\">\n<p>Les glissi\u00e8res de s\u00e9curit\u00e9 en acier galvanis\u00e9 sont les barri\u00e8res de s\u00e9curit\u00e9 les plus courantes, con\u00e7ues pour emp\u00eacher les v\u00e9hicules de sortir de la route dans les zones dangereuses. Par rapport \u00e0 la poutre en W, la glissi\u00e8re de s\u00e9curit\u00e9 \u00e0 trois poutres a une meilleure performance anti-collision, ce qui est largement appliqu\u00e9 dans les routes dangereuses telles que les ponts.<\/p>\n<\/div>\n<\/div>\n\n\n\n<div class=\"wp-block-columns is-layout-flex wp-container-core-columns-is-layout-9d6595d7 wp-block-columns-is-layout-flex\">\n<div class=\"wp-block-column is-layout-flow wp-block-column-is-layout-flow\"><div class=\"wp-block-image\">\n<figure class=\"aligncenter size-large is-resized\"><a href=\"https:\/\/roadskyguardrail.com\/fr\/radius-beam\" target=\"_blank\" rel=\"noreferrer noopener\"><img decoding=\"async\" src=\"https:\/\/roadskyguardrail.com\/wp-content\/uploads\/2017\/07\/Radius-Beam.jpg\" alt=\"Rayon de la poutre de garde-corps\" style=\"object-fit:cover;width:200px;height:200px\"\/><\/a><figcaption class=\"wp-element-caption\"><a href=\"https:\/\/roadskyguardrail.com\/fr\/radius-beam\" target=\"_blank\" rel=\"noreferrer noopener\">Rayon de la poutre de garde-corps<\/a><\/figcaption><\/figure><\/div><\/div>\n\n\n\n<div class=\"wp-block-column is-layout-flow wp-block-column-is-layout-flow\">\n<p>La poutre de rayon est une forme courb\u00e9e sp\u00e9cialement con\u00e7ue pour assurer une transition en douceur dans les courbes d'un rayon de 1,5 m \u00e0 50 m, ce qui correspond \u00e0 la surface de circulation de la route.<\/p>\n<\/div>\n<\/div>\n\n\n\n<div class=\"wp-block-columns is-layout-flex wp-container-core-columns-is-layout-9d6595d7 wp-block-columns-is-layout-flex\">\n<div class=\"wp-block-column is-layout-flow wp-block-column-is-layout-flow\"><div class=\"wp-block-image\">\n<figure class=\"aligncenter size-large is-resized\"><a href=\"https:\/\/roadskyguardrail.com\/fr\/curved-guardrail-beam\" target=\"_blank\" rel=\"noreferrer noopener\"><img decoding=\"async\" src=\"https:\/\/roadskyguardrail.com\/wp-content\/uploads\/2011\/07\/MG_3185.jpg\" alt=\"Poutre de garde-corps courb\u00e9e\" style=\"object-fit:cover;width:200px;height:200px\"\/><\/a><figcaption class=\"wp-element-caption\"><a href=\"https:\/\/roadskyguardrail.com\/fr\/curved-guardrail-beam\" target=\"_blank\" rel=\"noreferrer noopener\">Poutre de garde-corps courb\u00e9e<\/a><\/figcaption><\/figure><\/div><\/div>\n\n\n\n<div class=\"wp-block-column is-layout-flow wp-block-column-is-layout-flow\">\n<p>Les glissi\u00e8res de s\u00e9curit\u00e9 courbes sont des barri\u00e8res de s\u00e9curit\u00e9 sp\u00e9cialis\u00e9es con\u00e7ues pour s'aligner sur les courbes naturelles d'une route. Construites en acier durable ou en d'autres mat\u00e9riaux r\u00e9sistants aux chocs, ces poutres sont install\u00e9es le long du bord des sections courbes des routes pour emp\u00eacher les v\u00e9hicules de d\u00e9vier, offrant ainsi un environnement de conduite plus s\u00fbr. Contrairement aux glissi\u00e8res de s\u00e9curit\u00e9 droites, les poutres courbes sont con\u00e7ues pour s'adapter parfaitement au trac\u00e9 de la route, r\u00e9duisant ainsi les risques de collisions brutales et guidant efficacement les v\u00e9hicules dans les virages.<\/p>\n<\/div>\n<\/div>\n\n\n\n<h2 class=\"wp-block-heading\">Applications des garde-corps \u00e0 poutrelles flexibles<\/h2>\n\n\n\n<p>Les glissi\u00e8res de s\u00e9curit\u00e9 \u00e0 poutrelles flexibles sont couramment utilis\u00e9es dans les zones \u00e0 haut risque et les endroits o\u00f9 les v\u00e9hicules peuvent perdre le contr\u00f4le, notamment :<\/p>\n\n\n\n<ul class=\"wp-block-list\">\n<li>Autoroutes<\/li>\n\n\n\n<li>Ponts et viaducs<\/li>\n\n\n\n<li>Routes rurales et routes en courbe<\/li>\n\n\n\n<li>Obstacles sur le bord de la route<\/li>\n<\/ul>\n\n\n\n<h2 class=\"wp-block-heading\">Garde-corps RoadSky et Flex Beam<\/h2>\n\n\n\n<p>RoadSky est un outil professionnel <strong><a href=\"https:\/\/roadskyguardrail.com\/fr\/\" target=\"_blank\" rel=\"noreferrer noopener\" style=\"text-decoration: underline;\">Fournisseur de glissi\u00e8res de s\u00e9curit\u00e9 pour autoroutes<\/a><\/strong> avec un choix de mod\u00e8les vari\u00e9s, et fournit \u00e9galement <strong><a href=\"https:\/\/roadskyguardrail.com\/fr\/pile-driver\" target=\"_blank\" rel=\"noreferrer noopener\" style=\"text-decoration: underline;\">machines de pose de glissi\u00e8res de s\u00e9curit\u00e9<\/a><\/strong> pour r\u00e9pondre aux diff\u00e9rents besoins des clients. Si vous recherchez ces produits pour votre projet, vous pouvez nous contacter directement pour plus d'informations.<\/p>\n\n\n\n<h2 class=\"wp-block-heading\">Contactez-nous pour un devis gratuit<\/h2>\n\n\n\n<p><em>Remplissez le formulaire ci-dessous et nos repr\u00e9sentants commerciaux prendront contact avec vous dans les plus brefs d\u00e9lais.<\/em><\/p>\n\n\n\n<div class=\"wp-block-contact-form-7-contact-form-selector\">\n<div class=\"wpcf7 no-js\" id=\"wpcf7-f5-o1\" lang=\"en-US\" dir=\"ltr\" data-wpcf7-id=\"5\">\n<div class=\"screen-reader-response\"><p role=\"status\" aria-live=\"polite\" aria-atomic=\"true\"><\/p> <ul><\/ul><\/div>\n<form action=\"\/fr\/wp-json\/wp\/v2\/pages\/4309#wpcf7-f5-o1\" method=\"post\" class=\"wpcf7-form init\" aria-label=\"Formulaire de contact\" novalidate=\"novalidate\" data-status=\"init\" data-trp-original-action=\"\/fr\/wp-json\/wp\/v2\/pages\/4309#wpcf7-f5-o1\">\n<fieldset class=\"hidden-fields-container\"><input type=\"hidden\" name=\"_wpcf7\" value=\"5\" \/><input type=\"hidden\" name=\"_wpcf7_version\" value=\"6.1.5\" \/><input type=\"hidden\" name=\"_wpcf7_locale\" value=\"en_US\" \/><input type=\"hidden\" name=\"_wpcf7_unit_tag\" value=\"wpcf7-f5-o1\" \/><input type=\"hidden\" name=\"_wpcf7_container_post\" value=\"0\" \/><input type=\"hidden\" name=\"_wpcf7_posted_data_hash\" value=\"\" \/>\n<\/fieldset>\n<div class=\"wpcf7-turnstile cf-turnstile\" data-sitekey=\"0x4AAAAAACH9ueYy7fDdFIjX\" data-response-field-name=\"_wpcf7_turnstile_response\"><\/div>\n\n<p><label><em>*<\/em>Sujet :<\/label><span class=\"wpcf7-form-control-wrap\" data-name=\"your-subject\"><input size=\"40\" maxlength=\"400\" class=\"wpcf7-form-control wpcf7-text wpcf7-validates-as-required\" id=\"your-subject\" aria-required=\"true\" aria-invalid=\"false\" value=\"Product Inquiry\" type=\"text\" name=\"your-subject\" \/><\/span>\n<\/p>\n<p><label><em>*<\/em>Nom :<\/label><span class=\"wpcf7-form-control-wrap\" data-name=\"your-name\"><input size=\"40\" maxlength=\"400\" class=\"wpcf7-form-control wpcf7-text wpcf7-validates-as-required\" id=\"your-name\" aria-required=\"true\" aria-invalid=\"false\" placeholder=\"Veuillez indiquer votre nom le plus couramment utilis\u00e9\" value=\"\" type=\"text\" name=\"your-name\" \/><\/span>\n<\/p>\n<p><label><em>*<\/em>E-mail :<\/label><span class=\"wpcf7-form-control-wrap\" data-name=\"your-email\"><input size=\"40\" maxlength=\"400\" class=\"wpcf7-form-control wpcf7-email wpcf7-validates-as-required wpcf7-text wpcf7-validates-as-email\" id=\"your-email\" aria-required=\"true\" aria-invalid=\"false\" placeholder=\"Veuillez remplir l&#039;e-mail couramment utilis\u00e9\" value=\"\" type=\"email\" name=\"your-email\" \/><\/span>\n<\/p>\n<p><label>T\u00e9l\u00e9phone :<\/label><span class=\"wpcf7-form-control-wrap\" data-name=\"your-phone\"><input size=\"40\" maxlength=\"400\" class=\"wpcf7-form-control wpcf7-text\" id=\"your-phone\" aria-invalid=\"false\" placeholder=\"Veuillez indiquer le num\u00e9ro de t\u00e9l\u00e9phone de la personne \u00e0 contacter ou le num\u00e9ro de t\u00e9l\u00e9phone portable\" value=\"\" type=\"text\" name=\"your-phone\" \/><\/span>\n<\/p>\n<p><label>Pays :<\/label><span class=\"wpcf7-form-control-wrap\" data-name=\"your-country\"><input size=\"40\" maxlength=\"400\" class=\"wpcf7-form-control wpcf7-text\" id=\"your-country\" aria-invalid=\"false\" placeholder=\"Veuillez indiquer votre pays\" value=\"\" type=\"text\" name=\"your-country\" \/><\/span>\n<\/p>\n<p><label>Entreprise :<\/label><span class=\"wpcf7-form-control-wrap\" data-name=\"your-company\"><input size=\"40\" maxlength=\"400\" class=\"wpcf7-form-control wpcf7-text\" id=\"your-company\" aria-invalid=\"false\" placeholder=\"Veuillez indiquer le nom de l&#039;entreprise\" value=\"\" type=\"text\" name=\"your-company\" \/><\/span>\n<\/p>\n<p><label><em>*<\/em>Message :<\/label><span class=\"wpcf7-form-control-wrap\" data-name=\"your-message\"><textarea cols=\"40\" rows=\"10\" maxlength=\"2000\" class=\"wpcf7-form-control wpcf7-textarea wpcf7-validates-as-required\" aria-required=\"true\" aria-invalid=\"false\" placeholder=\"Veuillez indiquer les d\u00e9tails que vous souhaitez conna\u00eetre, tels que le nom du produit, les sp\u00e9cifications, le prix, la quantit\u00e9 minimale de pi\u00e8ces, etc.\" name=\"your-message\"><\/textarea><\/span>\n<\/p>\n<p class=\"btn-submit\"><label> <\/label><input class=\"wpcf7-form-control wpcf7-submit has-spinner\" type=\"submit\" value=\"SOUMETTRE\" \/>\n<\/p><div class=\"wpcf7-response-output\" aria-hidden=\"true\"><\/div>\n<input type=\"hidden\" name=\"trp-form-language\" value=\"fr\"\/><\/form>\n<\/div>\n<\/div>","protected":false},"excerpt":{"rendered":"<p>Flex beam guardrails are an essential part of modern road safety infrastructure, providing a balanced blend of durability, flexibility, and cost-effectiveness. Their ability to absorb impact energy, protect vehicle occupants, and adapt to various road conditions makes them a preferred choice for highway authorities and city planners worldwide. Related Products W beam galvanized guardrail is the most common highway crash barriers designed to prevent the vehicle from running out of the road in dangerous area. Roadsky can supply&nbsp;AASHTO standard guardrail and accessories for roadside and highway guardrail projects. The beams are coated with a uniform layer of zinc coating to prevent weak spots caused by rust and corrosion. Galvanized steel guardrail beam is the most common crash barriers designed to prevent the vehicle from running out of the road in dangerous area. Compared to w beam, thrie beam (three beam) guardrail has better anti-collision performance, which is widely applied in dangerous road such as bridge. Radius beam is special made &#8230;<\/p>","protected":false},"author":1,"featured_media":0,"parent":0,"menu_order":0,"comment_status":"closed","ping_status":"closed","template":"","meta":{"footnotes":""},"class_list":["post-4309","page","type-page","status-publish","hentry"],"yoast_head":"<!-- This site is optimized with the Yoast SEO plugin v27.4 - https:\/\/yoast.com\/product\/yoast-seo-wordpress\/ -->\n<title>Flex Beam Guardrails - RoadSky<\/title>\n<meta name=\"robots\" content=\"index, follow, max-snippet:-1, max-image-preview:large, max-video-preview:-1\" \/>\n<link rel=\"canonical\" href=\"https:\/\/roadskyguardrail.com\/fr\/flex-beam-guardrails\" \/>\n<meta property=\"og:locale\" content=\"fr_FR\" \/>\n<meta property=\"og:type\" content=\"article\" \/>\n<meta property=\"og:title\" content=\"Flex Beam Guardrails - RoadSky\" \/>\n<meta property=\"og:description\" content=\"Flex beam guardrails are an essential part of modern road safety infrastructure, providing a balanced blend of durability, flexibility, and cost-effectiveness. Their ability to absorb impact energy, protect vehicle occupants, and adapt to various road conditions makes them a preferred choice for highway authorities and city planners worldwide. Related Products W beam galvanized guardrail is the most common highway crash barriers designed to prevent the vehicle from running out of the road in dangerous area. Roadsky can supply&nbsp;AASHTO standard guardrail and accessories for roadside and highway guardrail projects. The beams are coated with a uniform layer of zinc coating to prevent weak spots caused by rust and corrosion. Galvanized steel guardrail beam is the most common crash barriers designed to prevent the vehicle from running out of the road in dangerous area. Compared to w beam, thrie beam (three beam) guardrail has better anti-collision performance, which is widely applied in dangerous road such as bridge. Radius beam is special made ...\" \/>\n<meta property=\"og:url\" content=\"https:\/\/roadskyguardrail.com\/fr\/flex-beam-guardrails\" \/>\n<meta property=\"og:site_name\" content=\"Nanjing Roadsky Traffic Facility Co.,Ltd (Roadsky Corporation)\" \/>\n<meta property=\"article:modified_time\" content=\"2024-10-25T08:02:07+00:00\" \/>\n<meta property=\"og:image\" content=\"https:\/\/roadskyguardrail.com\/wp-content\/uploads\/2017\/05\/IMG_1197.jpg\" \/>\n<meta name=\"twitter:card\" content=\"summary_large_image\" \/>\n<meta name=\"twitter:label1\" content=\"Est. reading time\" \/>\n\t<meta name=\"twitter:data1\" content=\"3 minutes\" \/>\n<script type=\"application\/ld+json\" class=\"yoast-schema-graph\">{\"@context\":\"https:\\\/\\\/schema.org\",\"@graph\":[{\"@type\":\"WebPage\",\"@id\":\"https:\\\/\\\/roadskyguardrail.com\\\/flex-beam-guardrails\",\"url\":\"https:\\\/\\\/roadskyguardrail.com\\\/flex-beam-guardrails\",\"name\":\"Flex Beam Guardrails - RoadSky\",\"isPartOf\":{\"@id\":\"https:\\\/\\\/roadskyguardrail.com\\\/#website\"},\"primaryImageOfPage\":{\"@id\":\"https:\\\/\\\/roadskyguardrail.com\\\/flex-beam-guardrails#primaryimage\"},\"image\":{\"@id\":\"https:\\\/\\\/roadskyguardrail.com\\\/flex-beam-guardrails#primaryimage\"},\"thumbnailUrl\":\"https:\\\/\\\/roadskyguardrail.com\\\/wp-content\\\/uploads\\\/2017\\\/05\\\/IMG_1197.jpg\",\"datePublished\":\"2024-10-25T08:02:05+00:00\",\"dateModified\":\"2024-10-25T08:02:07+00:00\",\"breadcrumb\":{\"@id\":\"https:\\\/\\\/roadskyguardrail.com\\\/flex-beam-guardrails#breadcrumb\"},\"inLanguage\":\"fr-FR\",\"potentialAction\":[{\"@type\":\"ReadAction\",\"target\":[\"https:\\\/\\\/roadskyguardrail.com\\\/flex-beam-guardrails\"]}]},{\"@type\":\"ImageObject\",\"inLanguage\":\"fr-FR\",\"@id\":\"https:\\\/\\\/roadskyguardrail.com\\\/flex-beam-guardrails#primaryimage\",\"url\":\"https:\\\/\\\/roadskyguardrail.com\\\/wp-content\\\/uploads\\\/2017\\\/05\\\/IMG_1197.jpg\",\"contentUrl\":\"https:\\\/\\\/roadskyguardrail.com\\\/wp-content\\\/uploads\\\/2017\\\/05\\\/IMG_1197.jpg\"},{\"@type\":\"BreadcrumbList\",\"@id\":\"https:\\\/\\\/roadskyguardrail.com\\\/flex-beam-guardrails#breadcrumb\",\"itemListElement\":[{\"@type\":\"ListItem\",\"position\":1,\"name\":\"Home\",\"item\":\"https:\\\/\\\/roadskyguardrail.com\\\/\"},{\"@type\":\"ListItem\",\"position\":2,\"name\":\"Flex Beam Guardrails\"}]},{\"@type\":\"WebSite\",\"@id\":\"https:\\\/\\\/roadskyguardrail.com\\\/#website\",\"url\":\"https:\\\/\\\/roadskyguardrail.com\\\/\",\"name\":\"Nanjing Roadsky Traffic Facility Co.,Ltd (Roadsky Corporation)\",\"description\":\"RoadSkyGuardrail.com\",\"potentialAction\":[{\"@type\":\"SearchAction\",\"target\":{\"@type\":\"EntryPoint\",\"urlTemplate\":\"https:\\\/\\\/roadskyguardrail.com\\\/?s={search_term_string}\"},\"query-input\":{\"@type\":\"PropertyValueSpecification\",\"valueRequired\":true,\"valueName\":\"search_term_string\"}}],\"inLanguage\":\"fr-FR\"}]}<\/script>\n<!-- \/ Yoast SEO plugin. -->","yoast_head_json":{"title":"Garde-corps Flex Beam - RoadSky","robots":{"index":"index","follow":"follow","max-snippet":"max-snippet:-1","max-image-preview":"max-image-preview:large","max-video-preview":"max-video-preview:-1"},"canonical":"https:\/\/roadskyguardrail.com\/fr\/flex-beam-guardrails","og_locale":"fr_FR","og_type":"article","og_title":"Flex Beam Guardrails - RoadSky","og_description":"Flex beam guardrails are an essential part of modern road safety infrastructure, providing a balanced blend of durability, flexibility, and cost-effectiveness. Their ability to absorb impact energy, protect vehicle occupants, and adapt to various road conditions makes them a preferred choice for highway authorities and city planners worldwide. Related Products W beam galvanized guardrail is the most common highway crash barriers designed to prevent the vehicle from running out of the road in dangerous area. Roadsky can supply&nbsp;AASHTO standard guardrail and accessories for roadside and highway guardrail projects. The beams are coated with a uniform layer of zinc coating to prevent weak spots caused by rust and corrosion. Galvanized steel guardrail beam is the most common crash barriers designed to prevent the vehicle from running out of the road in dangerous area. Compared to w beam, thrie beam (three beam) guardrail has better anti-collision performance, which is widely applied in dangerous road such as bridge. Radius beam is special made ...","og_url":"https:\/\/roadskyguardrail.com\/fr\/flex-beam-guardrails","og_site_name":"Nanjing Roadsky Traffic Facility Co.,Ltd (Roadsky Corporation)","article_modified_time":"2024-10-25T08:02:07+00:00","og_image":[{"url":"https:\/\/roadskyguardrail.com\/wp-content\/uploads\/2017\/05\/IMG_1197.jpg","type":"","width":"","height":""}],"twitter_card":"summary_large_image","twitter_misc":{"Est. reading time":"3 minutes"},"schema":{"@context":"https:\/\/schema.org","@graph":[{"@type":"WebPage","@id":"https:\/\/roadskyguardrail.com\/flex-beam-guardrails","url":"https:\/\/roadskyguardrail.com\/flex-beam-guardrails","name":"Garde-corps Flex Beam - RoadSky","isPartOf":{"@id":"https:\/\/roadskyguardrail.com\/#website"},"primaryImageOfPage":{"@id":"https:\/\/roadskyguardrail.com\/flex-beam-guardrails#primaryimage"},"image":{"@id":"https:\/\/roadskyguardrail.com\/flex-beam-guardrails#primaryimage"},"thumbnailUrl":"https:\/\/roadskyguardrail.com\/wp-content\/uploads\/2017\/05\/IMG_1197.jpg","datePublished":"2024-10-25T08:02:05+00:00","dateModified":"2024-10-25T08:02:07+00:00","breadcrumb":{"@id":"https:\/\/roadskyguardrail.com\/flex-beam-guardrails#breadcrumb"},"inLanguage":"fr-FR","potentialAction":[{"@type":"ReadAction","target":["https:\/\/roadskyguardrail.com\/flex-beam-guardrails"]}]},{"@type":"ImageObject","inLanguage":"fr-FR","@id":"https:\/\/roadskyguardrail.com\/flex-beam-guardrails#primaryimage","url":"https:\/\/roadskyguardrail.com\/wp-content\/uploads\/2017\/05\/IMG_1197.jpg","contentUrl":"https:\/\/roadskyguardrail.com\/wp-content\/uploads\/2017\/05\/IMG_1197.jpg"},{"@type":"BreadcrumbList","@id":"https:\/\/roadskyguardrail.com\/flex-beam-guardrails#breadcrumb","itemListElement":[{"@type":"ListItem","position":1,"name":"Home","item":"https:\/\/roadskyguardrail.com\/"},{"@type":"ListItem","position":2,"name":"Flex Beam Guardrails"}]},{"@type":"WebSite","@id":"https:\/\/roadskyguardrail.com\/#website","url":"https:\/\/roadskyguardrail.com\/","name":"Nanjing Roadsky Traffic Facility Co. Ltd (Roadsky Corporation)","description":"RoadSkyGuardrail.com","potentialAction":[{"@type":"SearchAction","target":{"@type":"EntryPoint","urlTemplate":"https:\/\/roadskyguardrail.com\/?s={search_term_string}"},"query-input":{"@type":"PropertyValueSpecification","valueRequired":true,"valueName":"search_term_string"}}],"inLanguage":"fr-FR"}]}},"_links":{"self":[{"href":"https:\/\/roadskyguardrail.com\/fr\/wp-json\/wp\/v2\/pages\/4309","targetHints":{"allow":["GET"]}}],"collection":[{"href":"https:\/\/roadskyguardrail.com\/fr\/wp-json\/wp\/v2\/pages"}],"about":[{"href":"https:\/\/roadskyguardrail.com\/fr\/wp-json\/wp\/v2\/types\/page"}],"author":[{"embeddable":true,"href":"https:\/\/roadskyguardrail.com\/fr\/wp-json\/wp\/v2\/users\/1"}],"replies":[{"embeddable":true,"href":"https:\/\/roadskyguardrail.com\/fr\/wp-json\/wp\/v2\/comments?post=4309"}],"version-history":[{"count":1,"href":"https:\/\/roadskyguardrail.com\/fr\/wp-json\/wp\/v2\/pages\/4309\/revisions"}],"predecessor-version":[{"id":4312,"href":"https:\/\/roadskyguardrail.com\/fr\/wp-json\/wp\/v2\/pages\/4309\/revisions\/4312"}],"wp:attachment":[{"href":"https:\/\/roadskyguardrail.com\/fr\/wp-json\/wp\/v2\/media?parent=4309"}],"curies":[{"name":"wp","href":"https:\/\/api.w.org\/{rel}","templated":true}]}}