{"id":4163,"date":"2024-05-16T07:13:50","date_gmt":"2024-05-16T07:13:50","guid":{"rendered":"https:\/\/roadskyguardrail.com\/?page_id=4163"},"modified":"2024-05-16T07:13:51","modified_gmt":"2024-05-16T07:13:51","slug":"solar-pile-ramming-machine","status":"publish","type":"page","link":"https:\/\/roadskyguardrail.com\/fr\/solar-pile-ramming-machine","title":{"rendered":"Machine \u00e0 battre les pieux solaires"},"content":{"rendered":"<p>Dans le paysage en constante \u00e9volution des \u00e9nergies renouvelables, l'\u00e9nergie solaire s'impose comme un phare de la durabilit\u00e9. Pour exploiter tout le potentiel de l'\u00e9nergie solaire, l'efficacit\u00e9 et la stabilit\u00e9 des installations de panneaux solaires sont primordiales. La machine \u00e0 battre les pieux solaires est un outil r\u00e9volutionnaire qui garantit l'int\u00e9grit\u00e9 structurelle et la long\u00e9vit\u00e9 des fermes solaires.<\/p>\n\n\n\n<p>RoadSky fournit des machines de battage de pieux solaires efficaces et robustes, des ventes directes d'usine, des prix abordables.<\/p>\n\n\n\n<div class=\"wp-block-columns is-layout-flex wp-container-core-columns-is-layout-9d6595d7 wp-block-columns-is-layout-flex\">\n<div class=\"wp-block-column is-layout-flow wp-block-column-is-layout-flow\">\n<h2 class=\"wp-block-heading\">Produits apparent\u00e9s<\/h2>\n<\/div>\n\n\n\n<div class=\"wp-block-column is-layout-flow wp-block-column-is-layout-flow\">\n<p class=\"has-text-align-right\"><strong><a href=\"https:\/\/roadskyguardrail.com\/fr\/pile-driver-machine\" target=\"_blank\" rel=\"noreferrer noopener\">Plus d'informations<\/a><\/strong>:<\/p>\n\n\n\n<hr class=\"wp-block-separator has-alpha-channel-opacity\"\/>\n<\/div>\n<\/div>\n\n\n\n<div class=\"wp-block-columns is-layout-flex wp-container-core-columns-is-layout-9d6595d7 wp-block-columns-is-layout-flex\">\n<div class=\"wp-block-column is-layout-flow wp-block-column-is-layout-flow\"><div class=\"wp-block-image\">\n<figure class=\"aligncenter size-large is-resized\"><a href=\"https:\/\/roadskyguardrail.com\/fr\/solar-pile-driver\" target=\"_blank\" rel=\"noreferrer noopener\"><img decoding=\"async\" src=\"https:\/\/roadskyguardrail.com\/wp-content\/uploads\/2023\/08\/Solar-Pile-Driver-2.jpg\" alt=\"Pilonneuse solaire YCR\" style=\"object-fit:cover;width:200px;height:200px\"\/><\/a><figcaption class=\"wp-element-caption\"><a href=\"https:\/\/roadskyguardrail.com\/fr\/solar-pile-driver\" target=\"_blank\" rel=\"noreferrer noopener\">Pilonneuse solaire YCR<\/a><\/figcaption><\/figure><\/div><\/div>\n\n\n\n<div class=\"wp-block-column is-layout-flow wp-block-column-is-layout-flow\">\n<p>L'enfonce-pieux solaire hydraulique de la s\u00e9rie YCR est con\u00e7u pour les projets de fermes solaires. La longueur des pieux peut atteindre 4 \u00e0 6 m\u00e8tres pour r\u00e9pondre aux besoins de l'installation photovolta\u00efque. De plus, la plateforme de travail peut \u00eatre tourn\u00e9e \u00e0 360 degr\u00e9s pour des op\u00e9rations rapides dans les fermes solaires.<\/p>\n<\/div>\n<\/div>\n\n\n\n<div class=\"wp-block-columns is-layout-flex wp-container-core-columns-is-layout-9d6595d7 wp-block-columns-is-layout-flex\">\n<div class=\"wp-block-column is-layout-flow wp-block-column-is-layout-flow\"><div class=\"wp-block-image\">\n<figure class=\"aligncenter size-large is-resized\"><a href=\"https:\/\/roadskyguardrail.com\/fr\/new-style-pv-crawler-pile-driver\" target=\"_blank\" rel=\"noreferrer noopener\"><img decoding=\"async\" src=\"https:\/\/roadskyguardrail.com\/wp-content\/uploads\/2021\/07\/QQ%E5%9B%BE%E7%89%8720211231105406.jpg\" alt=\"Nouvelle machine de battage de pieux \u00e0 chenilles PV\" style=\"object-fit:cover;width:200px;height:auto\"\/><\/a><figcaption class=\"wp-element-caption\"><a href=\"https:\/\/roadskyguardrail.com\/fr\/new-style-pv-crawler-pile-driver\" target=\"_blank\" rel=\"noreferrer noopener\">Nouvelle machine de battage de pieux \u00e0 chenilles PV<\/a><\/figcaption><\/figure><\/div><\/div>\n\n\n\n<div class=\"wp-block-column is-layout-flow wp-block-column-is-layout-flow\">\n<p>L'enfonceuse de pieux PV \u00e0 chenilles de type nouveau est un \u00e9quipement sp\u00e9cialis\u00e9 utilis\u00e9 pour l'installation de syst\u00e8mes de panneaux solaires, en particulier dans le cadre de projets solaires \u00e0 grande \u00e9chelle. Elle combine les fonctionnalit\u00e9s d'une chenille (v\u00e9hicule \u00e0 chenilles) et d'un enfonceur de pieux.<\/p>\n<\/div>\n<\/div>\n\n\n\n<h2 class=\"wp-block-heading\">Vid\u00e9o du produit (Mod\u00e8le : YCR Solar Pile Driver)<\/h2>\n\n\n\n<figure class=\"wp-block-embed aligncenter is-type-video is-provider-youtube wp-block-embed-youtube wp-embed-aspect-16-9 wp-has-aspect-ratio\"><div class=\"wp-block-embed__wrapper\">\n<iframe loading=\"lazy\" title=\"Pilonneuse solaire YCR\" width=\"500\" height=\"281\" src=\"https:\/\/www.youtube.com\/embed\/E5xAIYuZrns?feature=oembed\" frameborder=\"0\" allow=\"accelerometer; autoplay; clipboard-write; encrypted-media; gyroscope; picture-in-picture; web-share\" referrerpolicy=\"strict-origin-when-cross-origin\" allowfullscreen><\/iframe>\n<\/div><\/figure>\n\n\n\n<h2 class=\"wp-block-heading\">Cas client<\/h2>\n\n\n<div class=\"wp-block-image\">\n<figure class=\"aligncenter size-full\"><img loading=\"lazy\" decoding=\"async\" width=\"650\" height=\"651\" src=\"https:\/\/roadskyguardrail.com\/wp-content\/uploads\/2024\/05\/Pile-Driver-Customer-Case.jpg\" alt=\"Cas client de l&#039;enfonceur de pieux\" class=\"wp-image-4122\" srcset=\"https:\/\/roadskyguardrail.com\/wp-content\/uploads\/2024\/05\/Pile-Driver-Customer-Case.jpg 650w, https:\/\/roadskyguardrail.com\/wp-content\/uploads\/2024\/05\/Pile-Driver-Customer-Case-400x400.jpg 400w, https:\/\/roadskyguardrail.com\/wp-content\/uploads\/2024\/05\/Pile-Driver-Customer-Case-150x150.jpg 150w\" sizes=\"auto, (max-width: 650px) 100vw, 650px\" \/><\/figure><\/div>\n\n\n<h2 class=\"wp-block-heading\">Notre certificat :<\/h2>\n\n\n<div class=\"wp-block-image\">\n<figure class=\"aligncenter size-full\"><img loading=\"lazy\" decoding=\"async\" width=\"597\" height=\"268\" src=\"https:\/\/roadskyguardrail.com\/wp-content\/uploads\/2024\/05\/Certificate.jpg\" alt=\"Certificat\" class=\"wp-image-4123\" srcset=\"https:\/\/roadskyguardrail.com\/wp-content\/uploads\/2024\/05\/Certificate.jpg 597w, https:\/\/roadskyguardrail.com\/wp-content\/uploads\/2024\/05\/Certificate-400x180.jpg 400w\" sizes=\"auto, (max-width: 597px) 100vw, 597px\" \/><\/figure><\/div>\n\n\n<h2 class=\"wp-block-heading\">Contactez-nous pour un devis gratuit<\/h2>\n\n\n\n<p><em>Remplissez le formulaire ci-dessous et nos repr\u00e9sentants commerciaux prendront contact avec vous dans les plus brefs d\u00e9lais.<\/em><\/p>\n\n\n\n<div class=\"wp-block-contact-form-7-contact-form-selector\">\n<div class=\"wpcf7 no-js\" id=\"wpcf7-f5-o1\" lang=\"en-US\" dir=\"ltr\" data-wpcf7-id=\"5\">\n<div class=\"screen-reader-response\"><p role=\"status\" aria-live=\"polite\" aria-atomic=\"true\"><\/p> <ul><\/ul><\/div>\n<form action=\"\/fr\/wp-json\/wp\/v2\/pages\/4163#wpcf7-f5-o1\" method=\"post\" class=\"wpcf7-form init\" aria-label=\"Formulaire de contact\" novalidate=\"novalidate\" data-status=\"init\" data-trp-original-action=\"\/fr\/wp-json\/wp\/v2\/pages\/4163#wpcf7-f5-o1\">\n<fieldset class=\"hidden-fields-container\"><input type=\"hidden\" name=\"_wpcf7\" value=\"5\" \/><input type=\"hidden\" name=\"_wpcf7_version\" value=\"6.1.5\" \/><input type=\"hidden\" name=\"_wpcf7_locale\" value=\"en_US\" \/><input type=\"hidden\" name=\"_wpcf7_unit_tag\" value=\"wpcf7-f5-o1\" \/><input type=\"hidden\" name=\"_wpcf7_container_post\" value=\"0\" \/><input type=\"hidden\" name=\"_wpcf7_posted_data_hash\" value=\"\" \/>\n<\/fieldset>\n<p><label><em>*<\/em>Sujet :<\/label><span class=\"wpcf7-form-control-wrap\" data-name=\"your-subject\"><input size=\"40\" maxlength=\"400\" class=\"wpcf7-form-control wpcf7-text wpcf7-validates-as-required\" id=\"your-subject\" aria-required=\"true\" aria-invalid=\"false\" value=\"Product Inquiry\" type=\"text\" name=\"your-subject\" \/><\/span>\n<\/p>\n<p><label><em>*<\/em>Nom :<\/label><span class=\"wpcf7-form-control-wrap\" data-name=\"your-name\"><input size=\"40\" maxlength=\"400\" class=\"wpcf7-form-control wpcf7-text wpcf7-validates-as-required\" id=\"your-name\" aria-required=\"true\" aria-invalid=\"false\" placeholder=\"Veuillez indiquer votre nom le plus couramment utilis\u00e9\" value=\"\" type=\"text\" name=\"your-name\" \/><\/span>\n<\/p>\n<p><label><em>*<\/em>E-mail :<\/label><span class=\"wpcf7-form-control-wrap\" data-name=\"your-email\"><input size=\"40\" maxlength=\"400\" class=\"wpcf7-form-control wpcf7-email wpcf7-validates-as-required wpcf7-text wpcf7-validates-as-email\" id=\"your-email\" aria-required=\"true\" aria-invalid=\"false\" placeholder=\"Veuillez remplir l&#039;e-mail couramment utilis\u00e9\" value=\"\" type=\"email\" name=\"your-email\" \/><\/span>\n<\/p>\n<p><label>T\u00e9l\u00e9phone :<\/label><span class=\"wpcf7-form-control-wrap\" data-name=\"your-phone\"><input size=\"40\" maxlength=\"400\" class=\"wpcf7-form-control wpcf7-text\" id=\"your-phone\" aria-invalid=\"false\" placeholder=\"Veuillez indiquer le num\u00e9ro de t\u00e9l\u00e9phone de la personne \u00e0 contacter ou le num\u00e9ro de t\u00e9l\u00e9phone portable\" value=\"\" type=\"text\" name=\"your-phone\" \/><\/span>\n<\/p>\n<p><label>Pays :<\/label><span class=\"wpcf7-form-control-wrap\" data-name=\"your-country\"><input size=\"40\" maxlength=\"400\" class=\"wpcf7-form-control wpcf7-text\" id=\"your-country\" aria-invalid=\"false\" placeholder=\"Veuillez indiquer votre pays\" value=\"\" type=\"text\" name=\"your-country\" \/><\/span>\n<\/p>\n<p><label>Entreprise :<\/label><span class=\"wpcf7-form-control-wrap\" data-name=\"your-company\"><input size=\"40\" maxlength=\"400\" class=\"wpcf7-form-control wpcf7-text\" id=\"your-company\" aria-invalid=\"false\" placeholder=\"Veuillez indiquer le nom de l&#039;entreprise\" value=\"\" type=\"text\" name=\"your-company\" \/><\/span>\n<\/p>\n<p><label><em>*<\/em>Message :<\/label><span class=\"wpcf7-form-control-wrap\" data-name=\"your-message\"><textarea cols=\"40\" rows=\"10\" maxlength=\"2000\" class=\"wpcf7-form-control wpcf7-textarea wpcf7-validates-as-required\" aria-required=\"true\" aria-invalid=\"false\" placeholder=\"Veuillez indiquer les d\u00e9tails que vous souhaitez conna\u00eetre, tels que le nom du produit, les sp\u00e9cifications, le prix, la quantit\u00e9 minimale de pi\u00e8ces, etc.\" name=\"your-message\"><\/textarea><\/span>\n<\/p>\n<div class=\"wpcf7-turnstile cf-turnstile\" data-sitekey=\"0x4AAAAAACH9ueYy7fDdFIjX\" data-response-field-name=\"_wpcf7_turnstile_response\"><\/div>\n<p class=\"btn-submit\"><label> <\/label><input class=\"wpcf7-form-control wpcf7-submit has-spinner\" type=\"submit\" value=\"SOUMETTRE\" \/>\n<\/p><div class=\"wpcf7-response-output\" aria-hidden=\"true\"><\/div>\n<input type=\"hidden\" name=\"trp-form-language\" value=\"fr\"\/><\/form>\n<\/div>\n<\/div>","protected":false},"excerpt":{"rendered":"<p>In the ever-evolving landscape of renewable energy, solar power stands out as a beacon of sustainability. To harness the full potential of solar energy, the efficiency and stability of solar panel installations are paramount. Enter the solar pile ramming machine \u2013 a revolutionary tool that ensures the structural integrity and longevity of solar farms. RoadSky provides efficient and sturdy solar pile ramming machines, factory direct sales, affordable price. Related Products More: YCR series hydraulic solar pile driver is designed for solar power farm projects. The piling length can reach max 4m to 6m to match the needs of photo voltaic installation. Besides, the working platform can be 360 degree rotated for fast operation in solar power farm. New-style PV crawler pile driver machine is a specialized piece of equipment used in the installation of solar panel systems, particularly in utility-scale solar projects. It combines the functionalities of a crawler (tracked vehicle) with a pile driver. Product Video (Model: YCR Solar &#8230;<\/p>","protected":false},"author":1,"featured_media":0,"parent":0,"menu_order":0,"comment_status":"closed","ping_status":"closed","template":"","meta":{"footnotes":""},"class_list":["post-4163","page","type-page","status-publish","hentry"],"yoast_head":"<!-- This site is optimized with the Yoast SEO plugin v27.5 - https:\/\/yoast.com\/product\/yoast-seo-wordpress\/ -->\n<title>Solar Pile Ramming Machine - RoadSky<\/title>\n<meta name=\"description\" content=\"RoadSky provides efficient and sturdy solar pile ramming machines, factory direct sales, affordable price.\" \/>\n<meta name=\"robots\" content=\"index, follow, max-snippet:-1, max-image-preview:large, max-video-preview:-1\" \/>\n<link rel=\"canonical\" href=\"https:\/\/roadskyguardrail.com\/fr\/solar-pile-ramming-machine\" \/>\n<meta property=\"og:locale\" content=\"fr_FR\" \/>\n<meta property=\"og:type\" content=\"article\" \/>\n<meta property=\"og:title\" content=\"Solar Pile Ramming Machine - RoadSky\" \/>\n<meta property=\"og:description\" content=\"RoadSky provides efficient and sturdy solar pile ramming machines, factory direct sales, affordable price.\" \/>\n<meta property=\"og:url\" content=\"https:\/\/roadskyguardrail.com\/fr\/solar-pile-ramming-machine\" \/>\n<meta property=\"og:site_name\" content=\"Nanjing Roadsky Traffic Facility Co.,Ltd (Roadsky Corporation)\" \/>\n<meta property=\"article:modified_time\" content=\"2024-05-16T07:13:51+00:00\" \/>\n<meta property=\"og:image\" content=\"https:\/\/roadskyguardrail.com\/wp-content\/uploads\/2023\/08\/Solar-Pile-Driver-2.jpg\" \/>\n<meta name=\"twitter:card\" content=\"summary_large_image\" \/>\n<meta name=\"twitter:label1\" content=\"Est. reading time\" \/>\n\t<meta name=\"twitter:data1\" content=\"2 minutes\" \/>\n<script type=\"application\/ld+json\" class=\"yoast-schema-graph\">{\"@context\":\"https:\\\/\\\/schema.org\",\"@graph\":[{\"@type\":\"WebPage\",\"@id\":\"https:\\\/\\\/roadskyguardrail.com\\\/solar-pile-ramming-machine\",\"url\":\"https:\\\/\\\/roadskyguardrail.com\\\/solar-pile-ramming-machine\",\"name\":\"Solar Pile Ramming Machine - RoadSky\",\"isPartOf\":{\"@id\":\"https:\\\/\\\/roadskyguardrail.com\\\/#website\"},\"primaryImageOfPage\":{\"@id\":\"https:\\\/\\\/roadskyguardrail.com\\\/solar-pile-ramming-machine#primaryimage\"},\"image\":{\"@id\":\"https:\\\/\\\/roadskyguardrail.com\\\/solar-pile-ramming-machine#primaryimage\"},\"thumbnailUrl\":\"https:\\\/\\\/roadskyguardrail.com\\\/wp-content\\\/uploads\\\/2023\\\/08\\\/Solar-Pile-Driver-2.jpg\",\"datePublished\":\"2024-05-16T07:13:50+00:00\",\"dateModified\":\"2024-05-16T07:13:51+00:00\",\"description\":\"RoadSky provides efficient and sturdy solar pile ramming machines, factory direct sales, affordable price.\",\"breadcrumb\":{\"@id\":\"https:\\\/\\\/roadskyguardrail.com\\\/solar-pile-ramming-machine#breadcrumb\"},\"inLanguage\":\"fr-FR\",\"potentialAction\":[{\"@type\":\"ReadAction\",\"target\":[\"https:\\\/\\\/roadskyguardrail.com\\\/solar-pile-ramming-machine\"]}]},{\"@type\":\"ImageObject\",\"inLanguage\":\"fr-FR\",\"@id\":\"https:\\\/\\\/roadskyguardrail.com\\\/solar-pile-ramming-machine#primaryimage\",\"url\":\"https:\\\/\\\/roadskyguardrail.com\\\/wp-content\\\/uploads\\\/2023\\\/08\\\/Solar-Pile-Driver-2.jpg\",\"contentUrl\":\"https:\\\/\\\/roadskyguardrail.com\\\/wp-content\\\/uploads\\\/2023\\\/08\\\/Solar-Pile-Driver-2.jpg\"},{\"@type\":\"BreadcrumbList\",\"@id\":\"https:\\\/\\\/roadskyguardrail.com\\\/solar-pile-ramming-machine#breadcrumb\",\"itemListElement\":[{\"@type\":\"ListItem\",\"position\":1,\"name\":\"Home\",\"item\":\"https:\\\/\\\/roadskyguardrail.com\\\/\"},{\"@type\":\"ListItem\",\"position\":2,\"name\":\"Solar Pile Ramming Machine\"}]},{\"@type\":\"WebSite\",\"@id\":\"https:\\\/\\\/roadskyguardrail.com\\\/#website\",\"url\":\"https:\\\/\\\/roadskyguardrail.com\\\/\",\"name\":\"Nanjing Roadsky Traffic Facility Co.,Ltd (Roadsky Corporation)\",\"description\":\"RoadSkyGuardrail.com\",\"potentialAction\":[{\"@type\":\"SearchAction\",\"target\":{\"@type\":\"EntryPoint\",\"urlTemplate\":\"https:\\\/\\\/roadskyguardrail.com\\\/?s={search_term_string}\"},\"query-input\":{\"@type\":\"PropertyValueSpecification\",\"valueRequired\":true,\"valueName\":\"search_term_string\"}}],\"inLanguage\":\"fr-FR\"}]}<\/script>\n<!-- \/ Yoast SEO plugin. -->","yoast_head_json":{"title":"Machine \u00e0 pilonner solaire - RoadSky","description":"RoadSky fournit des machines de battage de pieux solaires efficaces et robustes, des ventes directes d'usine, des prix abordables.","robots":{"index":"index","follow":"follow","max-snippet":"max-snippet:-1","max-image-preview":"max-image-preview:large","max-video-preview":"max-video-preview:-1"},"canonical":"https:\/\/roadskyguardrail.com\/fr\/solar-pile-ramming-machine","og_locale":"fr_FR","og_type":"article","og_title":"Solar Pile Ramming Machine - RoadSky","og_description":"RoadSky provides efficient and sturdy solar pile ramming machines, factory direct sales, affordable price.","og_url":"https:\/\/roadskyguardrail.com\/fr\/solar-pile-ramming-machine","og_site_name":"Nanjing Roadsky Traffic Facility Co.,Ltd (Roadsky Corporation)","article_modified_time":"2024-05-16T07:13:51+00:00","og_image":[{"url":"https:\/\/roadskyguardrail.com\/wp-content\/uploads\/2023\/08\/Solar-Pile-Driver-2.jpg","type":"","width":"","height":""}],"twitter_card":"summary_large_image","twitter_misc":{"Est. reading time":"2 minutes"},"schema":{"@context":"https:\/\/schema.org","@graph":[{"@type":"WebPage","@id":"https:\/\/roadskyguardrail.com\/solar-pile-ramming-machine","url":"https:\/\/roadskyguardrail.com\/solar-pile-ramming-machine","name":"Machine \u00e0 pilonner solaire - RoadSky","isPartOf":{"@id":"https:\/\/roadskyguardrail.com\/#website"},"primaryImageOfPage":{"@id":"https:\/\/roadskyguardrail.com\/solar-pile-ramming-machine#primaryimage"},"image":{"@id":"https:\/\/roadskyguardrail.com\/solar-pile-ramming-machine#primaryimage"},"thumbnailUrl":"https:\/\/roadskyguardrail.com\/wp-content\/uploads\/2023\/08\/Solar-Pile-Driver-2.jpg","datePublished":"2024-05-16T07:13:50+00:00","dateModified":"2024-05-16T07:13:51+00:00","description":"RoadSky fournit des machines de battage de pieux solaires efficaces et robustes, des ventes directes d'usine, des prix abordables.","breadcrumb":{"@id":"https:\/\/roadskyguardrail.com\/solar-pile-ramming-machine#breadcrumb"},"inLanguage":"fr-FR","potentialAction":[{"@type":"ReadAction","target":["https:\/\/roadskyguardrail.com\/solar-pile-ramming-machine"]}]},{"@type":"ImageObject","inLanguage":"fr-FR","@id":"https:\/\/roadskyguardrail.com\/solar-pile-ramming-machine#primaryimage","url":"https:\/\/roadskyguardrail.com\/wp-content\/uploads\/2023\/08\/Solar-Pile-Driver-2.jpg","contentUrl":"https:\/\/roadskyguardrail.com\/wp-content\/uploads\/2023\/08\/Solar-Pile-Driver-2.jpg"},{"@type":"BreadcrumbList","@id":"https:\/\/roadskyguardrail.com\/solar-pile-ramming-machine#breadcrumb","itemListElement":[{"@type":"ListItem","position":1,"name":"Home","item":"https:\/\/roadskyguardrail.com\/"},{"@type":"ListItem","position":2,"name":"Solar Pile Ramming Machine"}]},{"@type":"WebSite","@id":"https:\/\/roadskyguardrail.com\/#website","url":"https:\/\/roadskyguardrail.com\/","name":"Nanjing Roadsky Traffic Facility Co. Ltd (Roadsky Corporation)","description":"RoadSkyGuardrail.com","potentialAction":[{"@type":"SearchAction","target":{"@type":"EntryPoint","urlTemplate":"https:\/\/roadskyguardrail.com\/?s={search_term_string}"},"query-input":{"@type":"PropertyValueSpecification","valueRequired":true,"valueName":"search_term_string"}}],"inLanguage":"fr-FR"}]}},"_links":{"self":[{"href":"https:\/\/roadskyguardrail.com\/fr\/wp-json\/wp\/v2\/pages\/4163","targetHints":{"allow":["GET"]}}],"collection":[{"href":"https:\/\/roadskyguardrail.com\/fr\/wp-json\/wp\/v2\/pages"}],"about":[{"href":"https:\/\/roadskyguardrail.com\/fr\/wp-json\/wp\/v2\/types\/page"}],"author":[{"embeddable":true,"href":"https:\/\/roadskyguardrail.com\/fr\/wp-json\/wp\/v2\/users\/1"}],"replies":[{"embeddable":true,"href":"https:\/\/roadskyguardrail.com\/fr\/wp-json\/wp\/v2\/comments?post=4163"}],"version-history":[{"count":3,"href":"https:\/\/roadskyguardrail.com\/fr\/wp-json\/wp\/v2\/pages\/4163\/revisions"}],"predecessor-version":[{"id":4167,"href":"https:\/\/roadskyguardrail.com\/fr\/wp-json\/wp\/v2\/pages\/4163\/revisions\/4167"}],"wp:attachment":[{"href":"https:\/\/roadskyguardrail.com\/fr\/wp-json\/wp\/v2\/media?parent=4163"}],"curies":[{"name":"wp","href":"https:\/\/api.w.org\/{rel}","templated":true}]}}