{"id":2,"date":"2010-05-02T02:34:51","date_gmt":"2010-05-02T02:34:51","guid":{"rendered":"http:\/\/wp1024.hostgator.com\/~waesrc0acwci\/?page_id=2"},"modified":"2025-02-08T06:41:18","modified_gmt":"2025-02-08T06:41:18","slug":"inquiry","status":"publish","type":"page","link":"https:\/\/roadskyguardrail.com\/fr\/inquiry","title":{"rendered":"Demande de renseignements"},"content":{"rendered":"<div class=\"wp-block-contact-form-7-contact-form-selector\">\n<div class=\"wpcf7 no-js\" id=\"wpcf7-f5-o1\" lang=\"en-US\" dir=\"ltr\" data-wpcf7-id=\"5\">\n<div class=\"screen-reader-response\"><p role=\"status\" aria-live=\"polite\" aria-atomic=\"true\"><\/p> <ul><\/ul><\/div>\n<form action=\"\/fr\/wp-json\/wp\/v2\/pages\/2#wpcf7-f5-o1\" method=\"post\" class=\"wpcf7-form init\" aria-label=\"Formulaire de contact\" novalidate=\"novalidate\" data-status=\"init\" data-trp-original-action=\"\/fr\/wp-json\/wp\/v2\/pages\/2#wpcf7-f5-o1\">\n<fieldset class=\"hidden-fields-container\"><input type=\"hidden\" name=\"_wpcf7\" value=\"5\" \/><input type=\"hidden\" name=\"_wpcf7_version\" value=\"6.1.5\" \/><input type=\"hidden\" name=\"_wpcf7_locale\" value=\"en_US\" \/><input type=\"hidden\" name=\"_wpcf7_unit_tag\" value=\"wpcf7-f5-o1\" \/><input type=\"hidden\" name=\"_wpcf7_container_post\" value=\"0\" \/><input type=\"hidden\" name=\"_wpcf7_posted_data_hash\" value=\"\" \/>\n<\/fieldset>\n<div class=\"wpcf7-turnstile cf-turnstile\" data-sitekey=\"0x4AAAAAACH9ueYy7fDdFIjX\" data-response-field-name=\"_wpcf7_turnstile_response\"><\/div>\n\n<p><label><em>*<\/em>Sujet :<\/label><span class=\"wpcf7-form-control-wrap\" data-name=\"your-subject\"><input size=\"40\" maxlength=\"400\" class=\"wpcf7-form-control wpcf7-text wpcf7-validates-as-required\" id=\"your-subject\" aria-required=\"true\" aria-invalid=\"false\" value=\"Product Inquiry\" type=\"text\" name=\"your-subject\" \/><\/span>\n<\/p>\n<p><label><em>*<\/em>Nom :<\/label><span class=\"wpcf7-form-control-wrap\" data-name=\"your-name\"><input size=\"40\" maxlength=\"400\" class=\"wpcf7-form-control wpcf7-text wpcf7-validates-as-required\" id=\"your-name\" aria-required=\"true\" aria-invalid=\"false\" placeholder=\"Veuillez indiquer votre nom le plus couramment utilis\u00e9\" value=\"\" type=\"text\" name=\"your-name\" \/><\/span>\n<\/p>\n<p><label><em>*<\/em>E-mail :<\/label><span class=\"wpcf7-form-control-wrap\" data-name=\"your-email\"><input size=\"40\" maxlength=\"400\" class=\"wpcf7-form-control wpcf7-email wpcf7-validates-as-required wpcf7-text wpcf7-validates-as-email\" id=\"your-email\" aria-required=\"true\" aria-invalid=\"false\" placeholder=\"Veuillez remplir l&#039;e-mail couramment utilis\u00e9\" value=\"\" type=\"email\" name=\"your-email\" \/><\/span>\n<\/p>\n<p><label>T\u00e9l\u00e9phone :<\/label><span class=\"wpcf7-form-control-wrap\" data-name=\"your-phone\"><input size=\"40\" maxlength=\"400\" class=\"wpcf7-form-control wpcf7-text\" id=\"your-phone\" aria-invalid=\"false\" placeholder=\"Veuillez indiquer le num\u00e9ro de t\u00e9l\u00e9phone de la personne \u00e0 contacter ou le num\u00e9ro de t\u00e9l\u00e9phone portable\" value=\"\" type=\"text\" name=\"your-phone\" \/><\/span>\n<\/p>\n<p><label>Pays :<\/label><span class=\"wpcf7-form-control-wrap\" data-name=\"your-country\"><input size=\"40\" maxlength=\"400\" class=\"wpcf7-form-control wpcf7-text\" id=\"your-country\" aria-invalid=\"false\" placeholder=\"Veuillez indiquer votre pays\" value=\"\" type=\"text\" name=\"your-country\" \/><\/span>\n<\/p>\n<p><label>Entreprise :<\/label><span class=\"wpcf7-form-control-wrap\" data-name=\"your-company\"><input size=\"40\" maxlength=\"400\" class=\"wpcf7-form-control wpcf7-text\" id=\"your-company\" aria-invalid=\"false\" placeholder=\"Veuillez indiquer le nom de l&#039;entreprise\" value=\"\" type=\"text\" name=\"your-company\" \/><\/span>\n<\/p>\n<p><label><em>*<\/em>Message :<\/label><span class=\"wpcf7-form-control-wrap\" data-name=\"your-message\"><textarea cols=\"40\" rows=\"10\" maxlength=\"2000\" class=\"wpcf7-form-control wpcf7-textarea wpcf7-validates-as-required\" aria-required=\"true\" aria-invalid=\"false\" placeholder=\"Veuillez indiquer les d\u00e9tails que vous souhaitez conna\u00eetre, tels que le nom du produit, les sp\u00e9cifications, le prix, la quantit\u00e9 minimale de pi\u00e8ces, etc.\" name=\"your-message\"><\/textarea><\/span>\n<\/p>\n<p class=\"btn-submit\"><label> <\/label><input class=\"wpcf7-form-control wpcf7-submit has-spinner\" type=\"submit\" value=\"SOUMETTRE\" \/>\n<\/p><div class=\"wpcf7-response-output\" aria-hidden=\"true\"><\/div>\n<input type=\"hidden\" name=\"trp-form-language\" value=\"fr\"\/><\/form>\n<\/div>\n<\/div>","protected":false},"excerpt":{"rendered":"","protected":false},"author":1,"featured_media":0,"parent":0,"menu_order":0,"comment_status":"closed","ping_status":"open","template":"page-inquiry.php","meta":{"footnotes":""},"class_list":["post-2","page","type-page","status-publish","hentry"],"yoast_head":"<!-- This site is optimized with the Yoast SEO plugin v27.3 - https:\/\/yoast.com\/product\/yoast-seo-wordpress\/ -->\n<title>Inquiry - RoadskyGuardrail<\/title>\n<meta name=\"robots\" content=\"index, follow, max-snippet:-1, max-image-preview:large, max-video-preview:-1\" \/>\n<link rel=\"canonical\" href=\"https:\/\/roadskyguardrail.com\/fr\/inquiry\" \/>\n<meta property=\"og:locale\" content=\"fr_FR\" \/>\n<meta property=\"og:type\" content=\"article\" \/>\n<meta property=\"og:title\" content=\"Inquiry - RoadskyGuardrail\" \/>\n<meta property=\"og:url\" content=\"https:\/\/roadskyguardrail.com\/fr\/inquiry\" \/>\n<meta property=\"og:site_name\" content=\"Nanjing Roadsky Traffic Facility Co.,Ltd (Roadsky Corporation)\" \/>\n<meta property=\"article:modified_time\" content=\"2025-02-08T06:41:18+00:00\" \/>\n<meta name=\"twitter:card\" content=\"summary_large_image\" \/>\n<meta name=\"twitter:label1\" content=\"Est. reading time\" \/>\n\t<meta name=\"twitter:data1\" content=\"1 minute\" \/>\n<script type=\"application\/ld+json\" class=\"yoast-schema-graph\">{\"@context\":\"https:\\\/\\\/schema.org\",\"@graph\":[{\"@type\":\"WebPage\",\"@id\":\"https:\\\/\\\/roadskyguardrail.com\\\/inquiry\",\"url\":\"https:\\\/\\\/roadskyguardrail.com\\\/inquiry\",\"name\":\"Inquiry - RoadskyGuardrail\",\"isPartOf\":{\"@id\":\"https:\\\/\\\/roadskyguardrail.com\\\/#website\"},\"datePublished\":\"2010-05-02T02:34:51+00:00\",\"dateModified\":\"2025-02-08T06:41:18+00:00\",\"breadcrumb\":{\"@id\":\"https:\\\/\\\/roadskyguardrail.com\\\/inquiry#breadcrumb\"},\"inLanguage\":\"fr-FR\",\"potentialAction\":[{\"@type\":\"ReadAction\",\"target\":[\"https:\\\/\\\/roadskyguardrail.com\\\/inquiry\"]}]},{\"@type\":\"BreadcrumbList\",\"@id\":\"https:\\\/\\\/roadskyguardrail.com\\\/inquiry#breadcrumb\",\"itemListElement\":[{\"@type\":\"ListItem\",\"position\":1,\"name\":\"Home\",\"item\":\"https:\\\/\\\/roadskyguardrail.com\\\/\"},{\"@type\":\"ListItem\",\"position\":2,\"name\":\"Inquiry\"}]},{\"@type\":\"WebSite\",\"@id\":\"https:\\\/\\\/roadskyguardrail.com\\\/#website\",\"url\":\"https:\\\/\\\/roadskyguardrail.com\\\/\",\"name\":\"Nanjing Roadsky Traffic Facility Co.,Ltd (Roadsky Corporation)\",\"description\":\"RoadSkyGuardrail.com\",\"potentialAction\":[{\"@type\":\"SearchAction\",\"target\":{\"@type\":\"EntryPoint\",\"urlTemplate\":\"https:\\\/\\\/roadskyguardrail.com\\\/?s={search_term_string}\"},\"query-input\":{\"@type\":\"PropertyValueSpecification\",\"valueRequired\":true,\"valueName\":\"search_term_string\"}}],\"inLanguage\":\"fr-FR\"}]}<\/script>\n<!-- \/ Yoast SEO plugin. -->","yoast_head_json":{"title":"Demande de renseignements - RoadskyGuardrail","robots":{"index":"index","follow":"follow","max-snippet":"max-snippet:-1","max-image-preview":"max-image-preview:large","max-video-preview":"max-video-preview:-1"},"canonical":"https:\/\/roadskyguardrail.com\/fr\/inquiry","og_locale":"fr_FR","og_type":"article","og_title":"Inquiry - RoadskyGuardrail","og_url":"https:\/\/roadskyguardrail.com\/fr\/inquiry","og_site_name":"Nanjing Roadsky Traffic Facility Co.,Ltd (Roadsky Corporation)","article_modified_time":"2025-02-08T06:41:18+00:00","twitter_card":"summary_large_image","twitter_misc":{"Est. reading time":"1 minute"},"schema":{"@context":"https:\/\/schema.org","@graph":[{"@type":"WebPage","@id":"https:\/\/roadskyguardrail.com\/inquiry","url":"https:\/\/roadskyguardrail.com\/inquiry","name":"Demande de renseignements - RoadskyGuardrail","isPartOf":{"@id":"https:\/\/roadskyguardrail.com\/#website"},"datePublished":"2010-05-02T02:34:51+00:00","dateModified":"2025-02-08T06:41:18+00:00","breadcrumb":{"@id":"https:\/\/roadskyguardrail.com\/inquiry#breadcrumb"},"inLanguage":"fr-FR","potentialAction":[{"@type":"ReadAction","target":["https:\/\/roadskyguardrail.com\/inquiry"]}]},{"@type":"BreadcrumbList","@id":"https:\/\/roadskyguardrail.com\/inquiry#breadcrumb","itemListElement":[{"@type":"ListItem","position":1,"name":"Home","item":"https:\/\/roadskyguardrail.com\/"},{"@type":"ListItem","position":2,"name":"Inquiry"}]},{"@type":"WebSite","@id":"https:\/\/roadskyguardrail.com\/#website","url":"https:\/\/roadskyguardrail.com\/","name":"Nanjing Roadsky Traffic Facility Co. Ltd (Roadsky Corporation)","description":"RoadSkyGuardrail.com","potentialAction":[{"@type":"SearchAction","target":{"@type":"EntryPoint","urlTemplate":"https:\/\/roadskyguardrail.com\/?s={search_term_string}"},"query-input":{"@type":"PropertyValueSpecification","valueRequired":true,"valueName":"search_term_string"}}],"inLanguage":"fr-FR"}]}},"_links":{"self":[{"href":"https:\/\/roadskyguardrail.com\/fr\/wp-json\/wp\/v2\/pages\/2","targetHints":{"allow":["GET"]}}],"collection":[{"href":"https:\/\/roadskyguardrail.com\/fr\/wp-json\/wp\/v2\/pages"}],"about":[{"href":"https:\/\/roadskyguardrail.com\/fr\/wp-json\/wp\/v2\/types\/page"}],"author":[{"embeddable":true,"href":"https:\/\/roadskyguardrail.com\/fr\/wp-json\/wp\/v2\/users\/1"}],"replies":[{"embeddable":true,"href":"https:\/\/roadskyguardrail.com\/fr\/wp-json\/wp\/v2\/comments?post=2"}],"version-history":[{"count":6,"href":"https:\/\/roadskyguardrail.com\/fr\/wp-json\/wp\/v2\/pages\/2\/revisions"}],"predecessor-version":[{"id":4464,"href":"https:\/\/roadskyguardrail.com\/fr\/wp-json\/wp\/v2\/pages\/2\/revisions\/4464"}],"wp:attachment":[{"href":"https:\/\/roadskyguardrail.com\/fr\/wp-json\/wp\/v2\/media?parent=2"}],"curies":[{"name":"wp","href":"https:\/\/api.w.org\/{rel}","templated":true}]}}