{"id":10,"date":"2010-05-02T04:20:46","date_gmt":"2010-05-02T04:20:46","guid":{"rendered":"https:\/\/roadskyguardrail.com\/?page_id=10"},"modified":"2025-12-10T03:56:06","modified_gmt":"2025-12-10T03:56:06","slug":"about","status":"publish","type":"page","link":"https:\/\/roadskyguardrail.com\/fr\/about","title":{"rendered":"\u00c0 propos des \u00c9tats-Unis"},"content":{"rendered":"<p><strong>Nanjing Roadsky Traffic Facility Co. Ltd. (Roadsky Corporation)&nbsp;<\/strong>d\u00e9veloppe et fabrique <strong><a href=\"https:\/\/roadskyguardrail.com\/fr\/\" target=\"_blank\" rel=\"noreferrer noopener\" style=\"text-decoration: underline;\">glissi\u00e8re de s\u00e9curit\u00e9<\/a><\/strong> et des \u00e9quipements d'installation partout dans le monde. Fond\u00e9e en 2000 \u00e0 Nanjing, en Chine, notre soci\u00e9t\u00e9 s'est efforc\u00e9e d'\u00eatre l'expert principal dans la fourniture de solutions pour les projets d'autoroutes et de fermes solaires. Au fil des ans, nous avons \u00e9t\u00e9 les premiers \u00e0 d\u00e9velopper les derni\u00e8res technologies dans le domaine de la s\u00e9curit\u00e9 routi\u00e8re et \u00e0 fournir une expertise technique sp\u00e9cialis\u00e9e \u00e0 une gamme plus large de projets de construction routi\u00e8re, qu'il s'agisse de la s\u00e9curit\u00e9 routi\u00e8re, du marquage routier, de l'entretien des routes ou des glissi\u00e8res de s\u00e9curit\u00e9.<strong>&nbsp;<\/strong><\/p>\n\n\n<div class=\"wp-block-image\">\n<figure class=\"aligncenter size-full\"><img loading=\"lazy\" decoding=\"async\" width=\"600\" height=\"425\" src=\"https:\/\/roadskyguardrail.com\/wp-content\/uploads\/2024\/04\/RoadSky-Staff-Group-Photo.jpg\" alt=\"Photo de groupe du personnel de RoadSky\" class=\"wp-image-4105\" srcset=\"https:\/\/roadskyguardrail.com\/wp-content\/uploads\/2024\/04\/RoadSky-Staff-Group-Photo.jpg 600w, https:\/\/roadskyguardrail.com\/wp-content\/uploads\/2024\/04\/RoadSky-Staff-Group-Photo-400x283.jpg 400w\" sizes=\"auto, (max-width: 600px) 100vw, 600px\" \/><\/figure><\/div>\n\n\n<p>En tant que fournisseur de <a href=\"https:\/\/roadskyguardrail.com\/fr\/guardrail-beam\" target=\"_blank\" rel=\"noreferrer noopener\" style=\"text-decoration: underline;\"><strong>poutre de garde-corps<\/strong><\/a>, Gr\u00e2ce \u00e0 nos lisses, poteaux, terminaisons et accessoires de garde-corps, nous concevons des garde-corps de protection pour les autoroutes et les routes secondaires, les parkings, les usines et les entrep\u00f4ts. Une solide \u00e9quipe de recherche et d\u00e9veloppement et un processus de production rigoureusement contr\u00f4l\u00e9 garantissent que nos poutres de garde-corps r\u00e9pondent aux normes des autoroutes et des lieux de travail dans diff\u00e9rents pays.<\/p>\n\n\n\n<p>Outre les glissi\u00e8res de s\u00e9curit\u00e9, Roadsky fabrique \u00e9galement des \u00e9quipements d'installation de poteaux de glissi\u00e8res de s\u00e9curit\u00e9 hydrauliques tr\u00e8s efficaces. Les \u00e9quipements \u00e0 chenilles et \u00e0 roues <strong><a style=\"text-decoration: underline;\" href=\"https:\/\/roadskyguardrail.com\/fr\/pile-driver\" target=\"_blank\" rel=\"noreferrer noopener\">garde-corps enfonceur de pieux<\/a><\/strong> sont pr\u00e9vus pour diff\u00e9rentes conditions de travail. Le conducteur de poteaux Roadsky peut empiler et extraire diff\u00e9rents types de poteaux tels que le type C, le type U, le type H, etc. Nous fournissons \u00e9galement les <strong><a href=\"https:\/\/roadskyguardrail.com\/fr\/solar-pile-driver\" target=\"_blank\" rel=\"noreferrer noopener\" style=\"text-decoration: underline;\">enfonceur de pieux solaire<\/a><\/strong> pour les installations photovolta\u00efques. \u00c0 la demande des clients, nous fournissons \u00e9galement des machines de formage et de r\u00e9paration de glissi\u00e8res de s\u00e9curit\u00e9.<\/p>\n\n\n\n<figure class=\"wp-block-gallery has-nested-images columns-2 is-cropped wp-block-gallery-1 is-layout-flex wp-block-gallery-is-layout-flex\">\n<figure class=\"wp-block-image size-large\"><img loading=\"lazy\" decoding=\"async\" width=\"300\" height=\"199\" data-id=\"12\" src=\"https:\/\/roadskyguardrail.com\/wp-content\/uploads\/2010\/05\/about-us1.jpg\" alt=\"\" class=\"wp-image-12\"\/><\/figure>\n\n\n\n<figure class=\"wp-block-image size-large\"><img loading=\"lazy\" decoding=\"async\" width=\"300\" height=\"200\" data-id=\"13\" src=\"https:\/\/roadskyguardrail.com\/wp-content\/uploads\/2010\/05\/about-us2.jpg\" alt=\"\" class=\"wp-image-13\"\/><\/figure>\n<\/figure>\n\n\n\n<p>Nous d\u00e9veloppons, fabriquons et fournissons une large gamme de produits de s\u00e9curit\u00e9 pour les routes, les parkings, la construction et l'entretien. Il s'agit simplement de produits de s\u00e9curit\u00e9 structur\u00e9s qui peuvent \u00eatre utilis\u00e9s et install\u00e9s de mani\u00e8re pratique. Nous fabriquons et fournissons des glissi\u00e8res de s\u00e9curit\u00e9 et des installations de la plus haute qualit\u00e9, des machines et des mat\u00e9riaux de marquage routier, des produits de s\u00e9curit\u00e9 et d'entretien des routes pour les entrepreneurs routiers du monde entier. Nous sommes fiers de notre solide \u00e9quipe de recherche et d\u00e9veloppement et de notre processus de production strictement contr\u00f4l\u00e9 pour garantir que nos produits finis r\u00e9pondent aux normes des autoroutes et de la s\u00e9curit\u00e9 routi\u00e8re dans diff\u00e9rents pays. Nous fabriquons sur mesure diverses machines et mat\u00e9riaux en fonction des besoins ou des sp\u00e9cifications du client.<\/p>\n\n\n\n<p>La plupart de nos produits sont export\u00e9s vers plus de cent (100) pays d'Afrique, d'Am\u00e9rique du Nord et du Sud, y compris l'Am\u00e9rique centrale, le Moyen-Orient, l'Asie du Sud-Est, l'Asie centrale, l'Europe et l'Oc\u00e9anie. Nous avons des besoins d'exportation particuli\u00e8rement importants en mati\u00e8re de marquage et d'entretien des routes vers des pays d'Afrique, d'Am\u00e9rique centrale et du Sud, du Moyen-Orient, d'Asie du Sud-Est et d'Asie centrale.<\/p>\n\n\n\n<p>En tant que pionnier du d\u00e9veloppement et de la fabrication de produits de construction routi\u00e8re, Roadsky Corp. est en mesure de fournir non seulement les mati\u00e8res premi\u00e8res et l'\u00e9quipement n\u00e9cessaires \u00e0 la production de produits de s\u00e9curit\u00e9, mais aussi le programme de formation. L'expertise en mati\u00e8re de formation comprend l'utilisation et l'entretien des \u00e9quipements, l'instruction des projets de marquage routier et la formation des travailleurs. Nous pouvons envoyer des travailleurs exp\u00e9riment\u00e9s pour assister et soutenir le travail d'un projet routier entier. Si n\u00e9cessaire, nous pouvons \u00e9galement nous engager dans le transfert de technologie sur lequel notre soci\u00e9t\u00e9 met particuli\u00e8rement l'accent.<\/p>\n\n\n\n<p>Un fournisseur professionnel de solutions d'entretien des routes, qui peut fabriquer une gamme compl\u00e8te de produits d'entretien des routes et fournir une assistance technique compl\u00e8te pour les projets de construction et de s\u00e9curit\u00e9 routi\u00e8res. Nos produits et services vont au-del\u00e0 des relations commerciales avec nos clients, nous nous associons pour fournir et livrer toutes sortes de produits de s\u00e9curit\u00e9 avec l'engagement de rendre chaque route beaucoup plus s\u00fbre pour tout le monde.<\/p>\n\n\n\n<h2 class=\"wp-block-heading has-text-align-center has-white-color has-text-color has-background\" style=\"background-color:#465c7d\">Donnons un coup de pouce \u00e0 votre entreprise d\u00e8s aujourd'hui<\/h2>\n\n\n\n<div class=\"wp-block-contact-form-7-contact-form-selector\">\n<div class=\"wpcf7 no-js\" id=\"wpcf7-f5-o1\" lang=\"en-US\" dir=\"ltr\" data-wpcf7-id=\"5\">\n<div class=\"screen-reader-response\"><p role=\"status\" aria-live=\"polite\" aria-atomic=\"true\"><\/p> <ul><\/ul><\/div>\n<form action=\"\/fr\/wp-json\/wp\/v2\/pages\/10#wpcf7-f5-o1\" method=\"post\" class=\"wpcf7-form init\" aria-label=\"Formulaire de contact\" novalidate=\"novalidate\" data-status=\"init\" data-trp-original-action=\"\/fr\/wp-json\/wp\/v2\/pages\/10#wpcf7-f5-o1\">\n<fieldset class=\"hidden-fields-container\"><input type=\"hidden\" name=\"_wpcf7\" value=\"5\" \/><input type=\"hidden\" name=\"_wpcf7_version\" value=\"6.1.5\" \/><input type=\"hidden\" name=\"_wpcf7_locale\" value=\"en_US\" \/><input type=\"hidden\" name=\"_wpcf7_unit_tag\" value=\"wpcf7-f5-o1\" \/><input type=\"hidden\" name=\"_wpcf7_container_post\" value=\"0\" \/><input type=\"hidden\" name=\"_wpcf7_posted_data_hash\" value=\"\" \/>\n<\/fieldset>\n<div class=\"wpcf7-turnstile cf-turnstile\" data-sitekey=\"0x4AAAAAACH9ueYy7fDdFIjX\" data-response-field-name=\"_wpcf7_turnstile_response\"><\/div>\n\n<p><label><em>*<\/em>Sujet :<\/label><span class=\"wpcf7-form-control-wrap\" data-name=\"your-subject\"><input size=\"40\" maxlength=\"400\" class=\"wpcf7-form-control wpcf7-text wpcf7-validates-as-required\" id=\"your-subject\" aria-required=\"true\" aria-invalid=\"false\" value=\"Product Inquiry\" type=\"text\" name=\"your-subject\" \/><\/span>\n<\/p>\n<p><label><em>*<\/em>Nom :<\/label><span class=\"wpcf7-form-control-wrap\" data-name=\"your-name\"><input size=\"40\" maxlength=\"400\" class=\"wpcf7-form-control wpcf7-text wpcf7-validates-as-required\" id=\"your-name\" aria-required=\"true\" aria-invalid=\"false\" placeholder=\"Veuillez indiquer votre nom le plus couramment utilis\u00e9\" value=\"\" type=\"text\" name=\"your-name\" \/><\/span>\n<\/p>\n<p><label><em>*<\/em>E-mail :<\/label><span class=\"wpcf7-form-control-wrap\" data-name=\"your-email\"><input size=\"40\" maxlength=\"400\" class=\"wpcf7-form-control wpcf7-email wpcf7-validates-as-required wpcf7-text wpcf7-validates-as-email\" id=\"your-email\" aria-required=\"true\" aria-invalid=\"false\" placeholder=\"Veuillez remplir l&#039;e-mail couramment utilis\u00e9\" value=\"\" type=\"email\" name=\"your-email\" \/><\/span>\n<\/p>\n<p><label>T\u00e9l\u00e9phone :<\/label><span class=\"wpcf7-form-control-wrap\" data-name=\"your-phone\"><input size=\"40\" maxlength=\"400\" class=\"wpcf7-form-control wpcf7-text\" id=\"your-phone\" aria-invalid=\"false\" placeholder=\"Veuillez indiquer le num\u00e9ro de t\u00e9l\u00e9phone de la personne \u00e0 contacter ou le num\u00e9ro de t\u00e9l\u00e9phone portable\" value=\"\" type=\"text\" name=\"your-phone\" \/><\/span>\n<\/p>\n<p><label>Pays :<\/label><span class=\"wpcf7-form-control-wrap\" data-name=\"your-country\"><input size=\"40\" maxlength=\"400\" class=\"wpcf7-form-control wpcf7-text\" id=\"your-country\" aria-invalid=\"false\" placeholder=\"Veuillez indiquer votre pays\" value=\"\" type=\"text\" name=\"your-country\" \/><\/span>\n<\/p>\n<p><label>Entreprise :<\/label><span class=\"wpcf7-form-control-wrap\" data-name=\"your-company\"><input size=\"40\" maxlength=\"400\" class=\"wpcf7-form-control wpcf7-text\" id=\"your-company\" aria-invalid=\"false\" placeholder=\"Veuillez indiquer le nom de l&#039;entreprise\" value=\"\" type=\"text\" name=\"your-company\" \/><\/span>\n<\/p>\n<p><label><em>*<\/em>Message :<\/label><span class=\"wpcf7-form-control-wrap\" data-name=\"your-message\"><textarea cols=\"40\" rows=\"10\" maxlength=\"2000\" class=\"wpcf7-form-control wpcf7-textarea wpcf7-validates-as-required\" aria-required=\"true\" aria-invalid=\"false\" placeholder=\"Veuillez indiquer les d\u00e9tails que vous souhaitez conna\u00eetre, tels que le nom du produit, les sp\u00e9cifications, le prix, la quantit\u00e9 minimale de pi\u00e8ces, etc.\" name=\"your-message\"><\/textarea><\/span>\n<\/p>\n<p class=\"btn-submit\"><label> <\/label><input class=\"wpcf7-form-control wpcf7-submit has-spinner\" type=\"submit\" value=\"SOUMETTRE\" \/>\n<\/p><div class=\"wpcf7-response-output\" aria-hidden=\"true\"><\/div>\n<input type=\"hidden\" name=\"trp-form-language\" value=\"fr\"\/><\/form>\n<\/div>\n<\/div>","protected":false},"excerpt":{"rendered":"<p>Nanjing Roadsky Traffic Facility Co.,Ltd. (Roadsky Corporation) d\u00e9veloppe et fabrique des glissi\u00e8res de s\u00e9curit\u00e9 et des \u00e9quipements d'installation partout dans le monde. Fond\u00e9e en 2000 \u00e0 Nanjing, en Chine, notre soci\u00e9t\u00e9 s'est efforc\u00e9e d'\u00eatre l'expert principal en mati\u00e8re de solutions pour les projets d'autoroutes et de fermes solaires. Au fil des ans, nous avons \u00e9t\u00e9 les premiers \u00e0 d\u00e9velopper les derni\u00e8res technologies dans le domaine de la s\u00e9curit\u00e9 routi\u00e8re et \u00e0 fournir une expertise technique sp\u00e9cialis\u00e9e \u00e0 un large \u00e9ventail de projets de construction routi\u00e8re, qu'il s'agisse de la s\u00e9curit\u00e9 routi\u00e8re, du marquage routier, de l'entretien des routes ou des glissi\u00e8res de s\u00e9curit\u00e9.  En tant que fournisseur de poutres, de poteaux, de terminaux et d'accessoires pour glissi\u00e8res de s\u00e9curit\u00e9, nous concevons des glissi\u00e8res de protection pour les autoroutes et les routes secondaires, les parkings, les usines et les entrep\u00f4ts. Une solide \u00e9quipe de recherche et d\u00e9veloppement et un processus de production rigoureusement contr\u00f4l\u00e9 garantissent que nos poutres de garde-corps r\u00e9pondent aux normes des autoroutes et des lieux de travail dans diff\u00e9rents pays. Outre les glissi\u00e8res de s\u00e9curit\u00e9, Roadsky fabrique \u00e9galement des \u00e9quipements d'installation de poteaux de glissi\u00e8res de s\u00e9curit\u00e9 hydrauliques \u00e0 haute efficacit\u00e9. L'enfonceur de poteaux de glissi\u00e8res de s\u00e9curit\u00e9 \u00e0 chenilles et \u00e0 roues est fourni pour diff\u00e9rentes conditions de travail. L'enfonceur de poteaux Roadsky peut empiler et extraire diff\u00e9rents types de ...<\/p>","protected":false},"author":1,"featured_media":0,"parent":0,"menu_order":0,"comment_status":"closed","ping_status":"closed","template":"","meta":{"footnotes":""},"class_list":["post-10","page","type-page","status-publish","hentry"],"yoast_head":"<!-- This site is optimized with the Yoast SEO plugin v27.3 - https:\/\/yoast.com\/product\/yoast-seo-wordpress\/ -->\n<title>About US - RoadskyGuardrail<\/title>\n<meta name=\"robots\" content=\"index, follow, max-snippet:-1, max-image-preview:large, max-video-preview:-1\" \/>\n<link rel=\"canonical\" href=\"https:\/\/roadskyguardrail.com\/fr\/about\" \/>\n<meta property=\"og:locale\" content=\"fr_FR\" \/>\n<meta property=\"og:type\" content=\"article\" \/>\n<meta property=\"og:title\" content=\"About US - RoadskyGuardrail\" \/>\n<meta property=\"og:description\" content=\"Nanjing Roadsky Traffic Facility Co.,Ltd. (Roadsky Corporation)&nbsp;develops and manufactures highway guardrail and installation equipment everywhere in the world. Established in 2000 at Nanjing China, we endeavored to be the leading expert in providing&nbsp;highway and solar farm project solutions. Throughout the years, we pioneered development of the latest technology in road safety industry and provided technical expertise from specialized to a wider range of road construction from Road Safety, Road Marking, Road Maintenance, and Guardrail projects.&nbsp; As a supplier of guardrail beam, post, end terminal and guardrail accessories, we design the protective guardrails for highways and secondary roads, parking lots, factories, and warehouses. Strong R&amp;D team and strictly controlled production process ensure that our guardrail beams meet the standard of highways and workplaces in different countries. Besides guardrails, Roadsky also manufacture high efficient hydraulic guardrail post installation equipment. Both crawler-type and wheel-type guardrail pile driver are provided for different working conditions. Roadsky post driver can pile and extract different types of ...\" \/>\n<meta property=\"og:url\" content=\"https:\/\/roadskyguardrail.com\/fr\/about\" \/>\n<meta property=\"og:site_name\" content=\"Nanjing Roadsky Traffic Facility Co.,Ltd (Roadsky Corporation)\" \/>\n<meta property=\"article:modified_time\" content=\"2025-12-10T03:56:06+00:00\" \/>\n<meta property=\"og:image\" content=\"https:\/\/roadskyguardrail.com\/wp-content\/uploads\/2024\/04\/RoadSky-Staff-Group-Photo.jpg\" \/>\n\t<meta property=\"og:image:width\" content=\"600\" \/>\n\t<meta property=\"og:image:height\" content=\"425\" \/>\n\t<meta property=\"og:image:type\" content=\"image\/jpeg\" \/>\n<meta name=\"twitter:card\" content=\"summary_large_image\" \/>\n<meta name=\"twitter:label1\" content=\"Est. reading time\" \/>\n\t<meta name=\"twitter:data1\" content=\"3 minutes\" \/>\n<script type=\"application\/ld+json\" class=\"yoast-schema-graph\">{\"@context\":\"https:\\\/\\\/schema.org\",\"@graph\":[{\"@type\":\"WebPage\",\"@id\":\"https:\\\/\\\/roadskyguardrail.com\\\/about\",\"url\":\"https:\\\/\\\/roadskyguardrail.com\\\/about\",\"name\":\"About US - RoadskyGuardrail\",\"isPartOf\":{\"@id\":\"https:\\\/\\\/roadskyguardrail.com\\\/#website\"},\"primaryImageOfPage\":{\"@id\":\"https:\\\/\\\/roadskyguardrail.com\\\/about#primaryimage\"},\"image\":{\"@id\":\"https:\\\/\\\/roadskyguardrail.com\\\/about#primaryimage\"},\"thumbnailUrl\":\"https:\\\/\\\/roadskyguardrail.com\\\/wp-content\\\/uploads\\\/2024\\\/04\\\/RoadSky-Staff-Group-Photo.jpg\",\"datePublished\":\"2010-05-02T04:20:46+00:00\",\"dateModified\":\"2025-12-10T03:56:06+00:00\",\"breadcrumb\":{\"@id\":\"https:\\\/\\\/roadskyguardrail.com\\\/about#breadcrumb\"},\"inLanguage\":\"fr-FR\",\"potentialAction\":[{\"@type\":\"ReadAction\",\"target\":[\"https:\\\/\\\/roadskyguardrail.com\\\/about\"]}]},{\"@type\":\"ImageObject\",\"inLanguage\":\"fr-FR\",\"@id\":\"https:\\\/\\\/roadskyguardrail.com\\\/about#primaryimage\",\"url\":\"https:\\\/\\\/roadskyguardrail.com\\\/wp-content\\\/uploads\\\/2024\\\/04\\\/RoadSky-Staff-Group-Photo.jpg\",\"contentUrl\":\"https:\\\/\\\/roadskyguardrail.com\\\/wp-content\\\/uploads\\\/2024\\\/04\\\/RoadSky-Staff-Group-Photo.jpg\"},{\"@type\":\"BreadcrumbList\",\"@id\":\"https:\\\/\\\/roadskyguardrail.com\\\/about#breadcrumb\",\"itemListElement\":[{\"@type\":\"ListItem\",\"position\":1,\"name\":\"Home\",\"item\":\"https:\\\/\\\/roadskyguardrail.com\\\/\"},{\"@type\":\"ListItem\",\"position\":2,\"name\":\"About US\"}]},{\"@type\":\"WebSite\",\"@id\":\"https:\\\/\\\/roadskyguardrail.com\\\/#website\",\"url\":\"https:\\\/\\\/roadskyguardrail.com\\\/\",\"name\":\"Nanjing Roadsky Traffic Facility Co.,Ltd (Roadsky Corporation)\",\"description\":\"RoadSkyGuardrail.com\",\"potentialAction\":[{\"@type\":\"SearchAction\",\"target\":{\"@type\":\"EntryPoint\",\"urlTemplate\":\"https:\\\/\\\/roadskyguardrail.com\\\/?s={search_term_string}\"},\"query-input\":{\"@type\":\"PropertyValueSpecification\",\"valueRequired\":true,\"valueName\":\"search_term_string\"}}],\"inLanguage\":\"fr-FR\"}]}<\/script>\n<!-- \/ Yoast SEO plugin. -->","yoast_head_json":{"title":"A propos de nous - RoadskyGuardrail","robots":{"index":"index","follow":"follow","max-snippet":"max-snippet:-1","max-image-preview":"max-image-preview:large","max-video-preview":"max-video-preview:-1"},"canonical":"https:\/\/roadskyguardrail.com\/fr\/about","og_locale":"fr_FR","og_type":"article","og_title":"About US - RoadskyGuardrail","og_description":"Nanjing Roadsky Traffic Facility Co.,Ltd. (Roadsky Corporation)&nbsp;develops and manufactures highway guardrail and installation equipment everywhere in the world. Established in 2000 at Nanjing China, we endeavored to be the leading expert in providing&nbsp;highway and solar farm project solutions. Throughout the years, we pioneered development of the latest technology in road safety industry and provided technical expertise from specialized to a wider range of road construction from Road Safety, Road Marking, Road Maintenance, and Guardrail projects.&nbsp; As a supplier of guardrail beam, post, end terminal and guardrail accessories, we design the protective guardrails for highways and secondary roads, parking lots, factories, and warehouses. Strong R&amp;D team and strictly controlled production process ensure that our guardrail beams meet the standard of highways and workplaces in different countries. Besides guardrails, Roadsky also manufacture high efficient hydraulic guardrail post installation equipment. Both crawler-type and wheel-type guardrail pile driver are provided for different working conditions. Roadsky post driver can pile and extract different types of ...","og_url":"https:\/\/roadskyguardrail.com\/fr\/about","og_site_name":"Nanjing Roadsky Traffic Facility Co.,Ltd (Roadsky Corporation)","article_modified_time":"2025-12-10T03:56:06+00:00","og_image":[{"width":600,"height":425,"url":"https:\/\/roadskyguardrail.com\/wp-content\/uploads\/2024\/04\/RoadSky-Staff-Group-Photo.jpg","type":"image\/jpeg"}],"twitter_card":"summary_large_image","twitter_misc":{"Est. reading time":"3 minutes"},"schema":{"@context":"https:\/\/schema.org","@graph":[{"@type":"WebPage","@id":"https:\/\/roadskyguardrail.com\/about","url":"https:\/\/roadskyguardrail.com\/about","name":"A propos de nous - RoadskyGuardrail","isPartOf":{"@id":"https:\/\/roadskyguardrail.com\/#website"},"primaryImageOfPage":{"@id":"https:\/\/roadskyguardrail.com\/about#primaryimage"},"image":{"@id":"https:\/\/roadskyguardrail.com\/about#primaryimage"},"thumbnailUrl":"https:\/\/roadskyguardrail.com\/wp-content\/uploads\/2024\/04\/RoadSky-Staff-Group-Photo.jpg","datePublished":"2010-05-02T04:20:46+00:00","dateModified":"2025-12-10T03:56:06+00:00","breadcrumb":{"@id":"https:\/\/roadskyguardrail.com\/about#breadcrumb"},"inLanguage":"fr-FR","potentialAction":[{"@type":"ReadAction","target":["https:\/\/roadskyguardrail.com\/about"]}]},{"@type":"ImageObject","inLanguage":"fr-FR","@id":"https:\/\/roadskyguardrail.com\/about#primaryimage","url":"https:\/\/roadskyguardrail.com\/wp-content\/uploads\/2024\/04\/RoadSky-Staff-Group-Photo.jpg","contentUrl":"https:\/\/roadskyguardrail.com\/wp-content\/uploads\/2024\/04\/RoadSky-Staff-Group-Photo.jpg"},{"@type":"BreadcrumbList","@id":"https:\/\/roadskyguardrail.com\/about#breadcrumb","itemListElement":[{"@type":"ListItem","position":1,"name":"Home","item":"https:\/\/roadskyguardrail.com\/"},{"@type":"ListItem","position":2,"name":"About US"}]},{"@type":"WebSite","@id":"https:\/\/roadskyguardrail.com\/#website","url":"https:\/\/roadskyguardrail.com\/","name":"Nanjing Roadsky Traffic Facility Co. Ltd (Roadsky Corporation)","description":"RoadSkyGuardrail.com","potentialAction":[{"@type":"SearchAction","target":{"@type":"EntryPoint","urlTemplate":"https:\/\/roadskyguardrail.com\/?s={search_term_string}"},"query-input":{"@type":"PropertyValueSpecification","valueRequired":true,"valueName":"search_term_string"}}],"inLanguage":"fr-FR"}]}},"_links":{"self":[{"href":"https:\/\/roadskyguardrail.com\/fr\/wp-json\/wp\/v2\/pages\/10","targetHints":{"allow":["GET"]}}],"collection":[{"href":"https:\/\/roadskyguardrail.com\/fr\/wp-json\/wp\/v2\/pages"}],"about":[{"href":"https:\/\/roadskyguardrail.com\/fr\/wp-json\/wp\/v2\/types\/page"}],"author":[{"embeddable":true,"href":"https:\/\/roadskyguardrail.com\/fr\/wp-json\/wp\/v2\/users\/1"}],"replies":[{"embeddable":true,"href":"https:\/\/roadskyguardrail.com\/fr\/wp-json\/wp\/v2\/comments?post=10"}],"version-history":[{"count":17,"href":"https:\/\/roadskyguardrail.com\/fr\/wp-json\/wp\/v2\/pages\/10\/revisions"}],"predecessor-version":[{"id":4808,"href":"https:\/\/roadskyguardrail.com\/fr\/wp-json\/wp\/v2\/pages\/10\/revisions\/4808"}],"wp:attachment":[{"href":"https:\/\/roadskyguardrail.com\/fr\/wp-json\/wp\/v2\/media?parent=10"}],"curies":[{"name":"wp","href":"https:\/\/api.w.org\/{rel}","templated":true}]}}