{"id":4309,"date":"2024-10-25T08:02:05","date_gmt":"2024-10-25T08:02:05","guid":{"rendered":"https:\/\/roadskyguardrail.com\/?page_id=4309"},"modified":"2024-10-25T08:02:07","modified_gmt":"2024-10-25T08:02:07","slug":"flex-beam-guardrails","status":"publish","type":"page","link":"https:\/\/roadskyguardrail.com\/es\/flex-beam-guardrails","title":{"rendered":"Barandillas Flex Beam"},"content":{"rendered":"<p>Las barreras de seguridad de vigas flexibles son una parte esencial de la infraestructura moderna de seguridad vial, ya que proporcionan una combinaci\u00f3n equilibrada de durabilidad, flexibilidad y rentabilidad. Su capacidad para absorber la energ\u00eda de los impactos, proteger a los ocupantes de los veh\u00edculos y adaptarse a las distintas condiciones de la carretera las convierte en la opci\u00f3n preferida de las autoridades viales y los urbanistas de todo el mundo.<\/p>\n\n\n\n<h2 class=\"wp-block-heading\">Productos relacionados<\/h2>\n\n\n\n<div class=\"wp-block-columns is-layout-flex wp-container-core-columns-is-layout-9d6595d7 wp-block-columns-is-layout-flex\">\n<div class=\"wp-block-column is-layout-flow wp-block-column-is-layout-flow\"><div class=\"wp-block-image\">\n<figure class=\"aligncenter size-large is-resized\"><a href=\"https:\/\/roadskyguardrail.com\/es\/w-beam\" target=\"_blank\" rel=\"noreferrer noopener\"><img decoding=\"async\" src=\"https:\/\/roadskyguardrail.com\/wp-content\/uploads\/2017\/05\/IMG_1197.jpg\" alt=\"Viga W Barandilla galvanizada\" style=\"object-fit:cover;width:200px;height:200px\"\/><\/a><figcaption class=\"wp-element-caption\"><a href=\"https:\/\/roadskyguardrail.com\/es\/w-beam\" target=\"_blank\" rel=\"noreferrer noopener\">Viga W Barandilla galvanizada<\/a><\/figcaption><\/figure><\/div><\/div>\n\n\n\n<div class=\"wp-block-column is-layout-flow wp-block-column-is-layout-flow\">\n<p>La barandilla galvanizada de viga W es la barrera de seguridad m\u00e1s com\u00fan en las autopistas, dise\u00f1ada para evitar que el veh\u00edculo se salga de la carretera en una zona peligrosa. Roadsky puede suministrar barandillas est\u00e1ndar AASHTO y accesorios para proyectos de barandillas de carretera y autopistas. Las vigas est\u00e1n recubiertas con una capa uniforme de revestimiento de zinc para evitar los puntos d\u00e9biles causados por el \u00f3xido y la corrosi\u00f3n.<\/p>\n<\/div>\n<\/div>\n\n\n\n<div class=\"wp-block-columns is-layout-flex wp-container-core-columns-is-layout-9d6595d7 wp-block-columns-is-layout-flex\">\n<div class=\"wp-block-column is-layout-flow wp-block-column-is-layout-flow\"><div class=\"wp-block-image\">\n<figure class=\"aligncenter size-large is-resized\"><a href=\"https:\/\/roadskyguardrail.com\/es\/thrie-beam\" target=\"_blank\" rel=\"noreferrer noopener\"><img decoding=\"async\" src=\"https:\/\/roadskyguardrail.com\/wp-content\/uploads\/2014\/05\/Thrie-beam-guardrail-2.jpg\" alt=\"Barandilla Thrie Beam\" style=\"object-fit:cover;width:200px;height:200px\"\/><\/a><figcaption class=\"wp-element-caption\"><a href=\"https:\/\/roadskyguardrail.com\/es\/thrie-beam\" target=\"_blank\" rel=\"noreferrer noopener\">Barandilla Thrie Beam<\/a><\/figcaption><\/figure><\/div><\/div>\n\n\n\n<div class=\"wp-block-column is-layout-flow wp-block-column-is-layout-flow\">\n<p>Las barandillas de acero galvanizado son las barreras anticolisi\u00f3n m\u00e1s comunes, dise\u00f1adas para evitar que los veh\u00edculos se salgan de la carretera en zonas peligrosas. En comparaci\u00f3n con la viga w, thrie viga (tres vigas) barandilla tiene mejor rendimiento anticolisi\u00f3n, que se aplica extensamente en carretera peligrosa como puente.<\/p>\n<\/div>\n<\/div>\n\n\n\n<div class=\"wp-block-columns is-layout-flex wp-container-core-columns-is-layout-9d6595d7 wp-block-columns-is-layout-flex\">\n<div class=\"wp-block-column is-layout-flow wp-block-column-is-layout-flow\"><div class=\"wp-block-image\">\n<figure class=\"aligncenter size-large is-resized\"><a href=\"https:\/\/roadskyguardrail.com\/es\/radius-beam\" target=\"_blank\" rel=\"noreferrer noopener\"><img decoding=\"async\" src=\"https:\/\/roadskyguardrail.com\/wp-content\/uploads\/2017\/07\/Radius-Beam.jpg\" alt=\"Radio Barandilla Viga\" style=\"object-fit:cover;width:200px;height:200px\"\/><\/a><figcaption class=\"wp-element-caption\"><a href=\"https:\/\/roadskyguardrail.com\/es\/radius-beam\" target=\"_blank\" rel=\"noreferrer noopener\">Radio Barandilla Viga<\/a><\/figcaption><\/figure><\/div><\/div>\n\n\n\n<div class=\"wp-block-column is-layout-flow wp-block-column-is-layout-flow\">\n<p>La viga de radio es una forma curvada especial para proporcionar una transici\u00f3n suave en curvas con un radio de 1,5 m a 50 m, que se refiere a la cara de tr\u00e1fico de la carretera. La viga de radio es necesaria para radios m\u00e1s estrechos y puede curvarse de forma convexa o c\u00f3ncava en varios grados para diferentes aplicaciones en carreteras.<\/p>\n<\/div>\n<\/div>\n\n\n\n<div class=\"wp-block-columns is-layout-flex wp-container-core-columns-is-layout-9d6595d7 wp-block-columns-is-layout-flex\">\n<div class=\"wp-block-column is-layout-flow wp-block-column-is-layout-flow\"><div class=\"wp-block-image\">\n<figure class=\"aligncenter size-large is-resized\"><a href=\"https:\/\/roadskyguardrail.com\/es\/curved-guardrail-beam\" target=\"_blank\" rel=\"noreferrer noopener\"><img decoding=\"async\" src=\"https:\/\/roadskyguardrail.com\/wp-content\/uploads\/2011\/07\/MG_3185.jpg\" alt=\"Viga curva de barandilla\" style=\"object-fit:cover;width:200px;height:200px\"\/><\/a><figcaption class=\"wp-element-caption\"><a href=\"https:\/\/roadskyguardrail.com\/es\/curved-guardrail-beam\" target=\"_blank\" rel=\"noreferrer noopener\">Viga curva de barandilla<\/a><\/figcaption><\/figure><\/div><\/div>\n\n\n\n<div class=\"wp-block-column is-layout-flow wp-block-column-is-layout-flow\">\n<p>La barandilla curva es una barrera de seguridad especializada dise\u00f1ada para alinearse con las curvas naturales de una carretera. Construidas con acero duradero u otros materiales resistentes a los impactos, estas vigas se instalan a lo largo del borde de las secciones curvas de las carreteras para evitar que los veh\u00edculos se desv\u00eden, ofreciendo un entorno de conducci\u00f3n m\u00e1s seguro. A diferencia de los guardarra\u00edles rectos, las vigas curvas est\u00e1n dise\u00f1adas para adaptarse perfectamente al trazado de la carretera, reduciendo la posibilidad de colisiones bruscas y guiando eficazmente a los veh\u00edculos en los giros.<\/p>\n<\/div>\n<\/div>\n\n\n\n<h2 class=\"wp-block-heading\">Aplicaciones de las barandillas de vigas flexibles<\/h2>\n\n\n\n<p>Los guardarra\u00edles de viga flexible se utilizan habitualmente en zonas de alto riesgo y en lugares donde los veh\u00edculos pueden perder el control, entre ellos:<\/p>\n\n\n\n<ul class=\"wp-block-list\">\n<li>Carreteras<\/li>\n\n\n\n<li>Puentes y pasos elevados<\/li>\n\n\n\n<li>Carreteras rurales y con curvas<\/li>\n\n\n\n<li>Obst\u00e1culos en carretera<\/li>\n<\/ul>\n\n\n\n<h2 class=\"wp-block-heading\">Barandillas RoadSky y Flex Beam<\/h2>\n\n\n\n<p>RoadSky es un servicio profesional <strong><a href=\"https:\/\/roadskyguardrail.com\/es\/\" target=\"_blank\" rel=\"noreferrer noopener\" style=\"text-decoration: underline;\">proveedor de barreras de seguridad<\/a><\/strong> con una gran variedad de modelos para elegir, y tambi\u00e9n ofrece <strong><a href=\"https:\/\/roadskyguardrail.com\/es\/pile-driver\" target=\"_blank\" rel=\"noreferrer noopener\" style=\"text-decoration: underline;\">m\u00e1quinas de instalaci\u00f3n de barandillas<\/a><\/strong> para satisfacer las distintas necesidades de los clientes. Si busca estos productos para su proyecto, puede ponerse en contacto con nosotros directamente para obtener m\u00e1s informaci\u00f3n.<\/p>\n\n\n\n<h2 class=\"wp-block-heading\">P\u00f3ngase en contacto con nosotros<\/h2>\n\n\n\n<p><em>Rellene el siguiente formulario y nuestros representantes comerciales se pondr\u00e1n en contacto con usted en breve.<\/em><\/p>\n\n\n\n<div class=\"wp-block-contact-form-7-contact-form-selector\">\n<div class=\"wpcf7 no-js\" id=\"wpcf7-f5-o1\" lang=\"en-US\" dir=\"ltr\" data-wpcf7-id=\"5\">\n<div class=\"screen-reader-response\"><p role=\"status\" aria-live=\"polite\" aria-atomic=\"true\"><\/p> <ul><\/ul><\/div>\n<form action=\"\/es\/wp-json\/wp\/v2\/pages\/4309#wpcf7-f5-o1\" method=\"post\" class=\"wpcf7-form init\" aria-label=\"Formulario de contacto\" novalidate=\"novalidate\" data-status=\"init\" data-trp-original-action=\"\/es\/wp-json\/wp\/v2\/pages\/4309#wpcf7-f5-o1\">\n<fieldset class=\"hidden-fields-container\"><input type=\"hidden\" name=\"_wpcf7\" value=\"5\" \/><input type=\"hidden\" name=\"_wpcf7_version\" value=\"6.1.5\" \/><input type=\"hidden\" name=\"_wpcf7_locale\" value=\"en_US\" \/><input type=\"hidden\" name=\"_wpcf7_unit_tag\" value=\"wpcf7-f5-o1\" \/><input type=\"hidden\" name=\"_wpcf7_container_post\" value=\"0\" \/><input type=\"hidden\" name=\"_wpcf7_posted_data_hash\" value=\"\" \/>\n<\/fieldset>\n<div class=\"wpcf7-turnstile cf-turnstile\" data-sitekey=\"0x4AAAAAACH9ueYy7fDdFIjX\" data-response-field-name=\"_wpcf7_turnstile_response\"><\/div>\n\n<p><label><em>*<\/em>Asunto:<\/label><span class=\"wpcf7-form-control-wrap\" data-name=\"your-subject\"><input size=\"40\" maxlength=\"400\" class=\"wpcf7-form-control wpcf7-text wpcf7-validates-as-required\" id=\"your-subject\" aria-required=\"true\" aria-invalid=\"false\" value=\"Product Inquiry\" type=\"text\" name=\"your-subject\" \/><\/span>\n<\/p>\n<p><label><em>*<\/em>Nombre:<\/label><span class=\"wpcf7-form-control-wrap\" data-name=\"your-name\"><input size=\"40\" maxlength=\"400\" class=\"wpcf7-form-control wpcf7-text wpcf7-validates-as-required\" id=\"your-name\" aria-required=\"true\" aria-invalid=\"false\" placeholder=\"Por favor, rellene el nombre com\u00fanmente utilizado\" value=\"\" type=\"text\" name=\"your-name\" \/><\/span>\n<\/p>\n<p><label><em>*<\/em>Correo electr\u00f3nico:<\/label><span class=\"wpcf7-form-control-wrap\" data-name=\"your-email\"><input size=\"40\" maxlength=\"400\" class=\"wpcf7-form-control wpcf7-email wpcf7-validates-as-required wpcf7-text wpcf7-validates-as-email\" id=\"your-email\" aria-required=\"true\" aria-invalid=\"false\" placeholder=\"Rellene el correo electr\u00f3nico de uso com\u00fan\" value=\"\" type=\"email\" name=\"your-email\" \/><\/span>\n<\/p>\n<p><label>Tel\u00e9fono:<\/label><span class=\"wpcf7-form-control-wrap\" data-name=\"your-phone\"><input size=\"40\" maxlength=\"400\" class=\"wpcf7-form-control wpcf7-text\" id=\"your-phone\" aria-invalid=\"false\" placeholder=\"Rellene el n\u00famero de tel\u00e9fono de contacto o el tel\u00e9fono m\u00f3vil\" value=\"\" type=\"text\" name=\"your-phone\" \/><\/span>\n<\/p>\n<p><label>Pa\u00eds:<\/label><span class=\"wpcf7-form-control-wrap\" data-name=\"your-country\"><input size=\"40\" maxlength=\"400\" class=\"wpcf7-form-control wpcf7-text\" id=\"your-country\" aria-invalid=\"false\" placeholder=\"Indique su pa\u00eds\" value=\"\" type=\"text\" name=\"your-country\" \/><\/span>\n<\/p>\n<p><label>Empresa:<\/label><span class=\"wpcf7-form-control-wrap\" data-name=\"your-company\"><input size=\"40\" maxlength=\"400\" class=\"wpcf7-form-control wpcf7-text\" id=\"your-company\" aria-invalid=\"false\" placeholder=\"Rellene el nombre de la empresa\" value=\"\" type=\"text\" name=\"your-company\" \/><\/span>\n<\/p>\n<p><label><em>*<\/em>Mensaje:<\/label><span class=\"wpcf7-form-control-wrap\" data-name=\"your-message\"><textarea cols=\"40\" rows=\"10\" maxlength=\"2000\" class=\"wpcf7-form-control wpcf7-textarea wpcf7-validates-as-required\" aria-required=\"true\" aria-invalid=\"false\" placeholder=\"Rellene los datos que desee conocer, como nombre del producto, especificaciones, precio, MOQ, etc.\" name=\"your-message\"><\/textarea><\/span>\n<\/p>\n<p class=\"btn-submit\"><label> <\/label><input class=\"wpcf7-form-control wpcf7-submit has-spinner\" type=\"submit\" value=\"ENVIAR\" \/>\n<\/p><div class=\"wpcf7-response-output\" aria-hidden=\"true\"><\/div>\n<input type=\"hidden\" name=\"trp-form-language\" value=\"es\"\/><\/form>\n<\/div>\n<\/div>","protected":false},"excerpt":{"rendered":"<p>Las barreras de seguridad de vigas flexibles son una parte esencial de la infraestructura moderna de seguridad vial, ya que proporcionan una combinaci\u00f3n equilibrada de durabilidad, flexibilidad y rentabilidad. Su capacidad para absorber la energ\u00eda del impacto, proteger a los ocupantes de los veh\u00edculos y adaptarse a las distintas condiciones de la carretera las convierte en la opci\u00f3n preferida de las autoridades viales y los urbanistas de todo el mundo. Productos relacionados Los guardarra\u00edles galvanizados de viga en W son las barreras de seguridad para carreteras m\u00e1s comunes, dise\u00f1adas para evitar que el veh\u00edculo se salga de la carretera en una zona peligrosa. Roadsky puede suministrar barandilla est\u00e1ndar AASHTO y accesorios para proyectos de barandilla de carretera y autopista. Las vigas est\u00e1n recubiertas con una capa uniforme de revestimiento de zinc para evitar los puntos d\u00e9biles causados por el \u00f3xido y la corrosi\u00f3n. La viga de barandilla de acero galvanizado es la barrera de seguridad m\u00e1s com\u00fan dise\u00f1ada para evitar que el veh\u00edculo se salga de la carretera en una zona peligrosa. En comparaci\u00f3n con la viga W, la barrera de seguridad de tres vigas tiene un mejor rendimiento anticolisi\u00f3n, que se aplica ampliamente en carreteras peligrosas como puentes. Viga de radio es especial ...<\/p>","protected":false},"author":1,"featured_media":0,"parent":0,"menu_order":0,"comment_status":"closed","ping_status":"closed","template":"","meta":{"footnotes":""},"class_list":["post-4309","page","type-page","status-publish","hentry"],"yoast_head":"<!-- This site is optimized with the Yoast SEO plugin v27.4 - https:\/\/yoast.com\/product\/yoast-seo-wordpress\/ -->\n<title>Flex Beam Guardrails - RoadSky<\/title>\n<meta name=\"robots\" content=\"index, follow, max-snippet:-1, max-image-preview:large, max-video-preview:-1\" \/>\n<link rel=\"canonical\" href=\"https:\/\/roadskyguardrail.com\/es\/flex-beam-guardrails\" \/>\n<meta property=\"og:locale\" content=\"es_ES\" \/>\n<meta property=\"og:type\" content=\"article\" \/>\n<meta property=\"og:title\" content=\"Flex Beam Guardrails - RoadSky\" \/>\n<meta property=\"og:description\" content=\"Flex beam guardrails are an essential part of modern road safety infrastructure, providing a balanced blend of durability, flexibility, and cost-effectiveness. Their ability to absorb impact energy, protect vehicle occupants, and adapt to various road conditions makes them a preferred choice for highway authorities and city planners worldwide. Related Products W beam galvanized guardrail is the most common highway crash barriers designed to prevent the vehicle from running out of the road in dangerous area. Roadsky can supply&nbsp;AASHTO standard guardrail and accessories for roadside and highway guardrail projects. The beams are coated with a uniform layer of zinc coating to prevent weak spots caused by rust and corrosion. Galvanized steel guardrail beam is the most common crash barriers designed to prevent the vehicle from running out of the road in dangerous area. Compared to w beam, thrie beam (three beam) guardrail has better anti-collision performance, which is widely applied in dangerous road such as bridge. Radius beam is special made ...\" \/>\n<meta property=\"og:url\" content=\"https:\/\/roadskyguardrail.com\/es\/flex-beam-guardrails\" \/>\n<meta property=\"og:site_name\" content=\"Nanjing Roadsky Traffic Facility Co.,Ltd (Roadsky Corporation)\" \/>\n<meta property=\"article:modified_time\" content=\"2024-10-25T08:02:07+00:00\" \/>\n<meta property=\"og:image\" content=\"https:\/\/roadskyguardrail.com\/wp-content\/uploads\/2017\/05\/IMG_1197.jpg\" \/>\n<meta name=\"twitter:card\" content=\"summary_large_image\" \/>\n<meta name=\"twitter:label1\" content=\"Est. reading time\" \/>\n\t<meta name=\"twitter:data1\" content=\"3 minutos\" \/>\n<script type=\"application\/ld+json\" class=\"yoast-schema-graph\">{\"@context\":\"https:\\\/\\\/schema.org\",\"@graph\":[{\"@type\":\"WebPage\",\"@id\":\"https:\\\/\\\/roadskyguardrail.com\\\/flex-beam-guardrails\",\"url\":\"https:\\\/\\\/roadskyguardrail.com\\\/flex-beam-guardrails\",\"name\":\"Flex Beam Guardrails - RoadSky\",\"isPartOf\":{\"@id\":\"https:\\\/\\\/roadskyguardrail.com\\\/#website\"},\"primaryImageOfPage\":{\"@id\":\"https:\\\/\\\/roadskyguardrail.com\\\/flex-beam-guardrails#primaryimage\"},\"image\":{\"@id\":\"https:\\\/\\\/roadskyguardrail.com\\\/flex-beam-guardrails#primaryimage\"},\"thumbnailUrl\":\"https:\\\/\\\/roadskyguardrail.com\\\/wp-content\\\/uploads\\\/2017\\\/05\\\/IMG_1197.jpg\",\"datePublished\":\"2024-10-25T08:02:05+00:00\",\"dateModified\":\"2024-10-25T08:02:07+00:00\",\"breadcrumb\":{\"@id\":\"https:\\\/\\\/roadskyguardrail.com\\\/flex-beam-guardrails#breadcrumb\"},\"inLanguage\":\"es\",\"potentialAction\":[{\"@type\":\"ReadAction\",\"target\":[\"https:\\\/\\\/roadskyguardrail.com\\\/flex-beam-guardrails\"]}]},{\"@type\":\"ImageObject\",\"inLanguage\":\"es\",\"@id\":\"https:\\\/\\\/roadskyguardrail.com\\\/flex-beam-guardrails#primaryimage\",\"url\":\"https:\\\/\\\/roadskyguardrail.com\\\/wp-content\\\/uploads\\\/2017\\\/05\\\/IMG_1197.jpg\",\"contentUrl\":\"https:\\\/\\\/roadskyguardrail.com\\\/wp-content\\\/uploads\\\/2017\\\/05\\\/IMG_1197.jpg\"},{\"@type\":\"BreadcrumbList\",\"@id\":\"https:\\\/\\\/roadskyguardrail.com\\\/flex-beam-guardrails#breadcrumb\",\"itemListElement\":[{\"@type\":\"ListItem\",\"position\":1,\"name\":\"Home\",\"item\":\"https:\\\/\\\/roadskyguardrail.com\\\/\"},{\"@type\":\"ListItem\",\"position\":2,\"name\":\"Flex Beam Guardrails\"}]},{\"@type\":\"WebSite\",\"@id\":\"https:\\\/\\\/roadskyguardrail.com\\\/#website\",\"url\":\"https:\\\/\\\/roadskyguardrail.com\\\/\",\"name\":\"Nanjing Roadsky Traffic Facility Co.,Ltd (Roadsky Corporation)\",\"description\":\"RoadSkyGuardrail.com\",\"potentialAction\":[{\"@type\":\"SearchAction\",\"target\":{\"@type\":\"EntryPoint\",\"urlTemplate\":\"https:\\\/\\\/roadskyguardrail.com\\\/?s={search_term_string}\"},\"query-input\":{\"@type\":\"PropertyValueSpecification\",\"valueRequired\":true,\"valueName\":\"search_term_string\"}}],\"inLanguage\":\"es\"}]}<\/script>\n<!-- \/ Yoast SEO plugin. -->","yoast_head_json":{"title":"Barandillas Flex Beam - RoadSky","robots":{"index":"index","follow":"follow","max-snippet":"max-snippet:-1","max-image-preview":"max-image-preview:large","max-video-preview":"max-video-preview:-1"},"canonical":"https:\/\/roadskyguardrail.com\/es\/flex-beam-guardrails","og_locale":"es_ES","og_type":"article","og_title":"Flex Beam Guardrails - RoadSky","og_description":"Flex beam guardrails are an essential part of modern road safety infrastructure, providing a balanced blend of durability, flexibility, and cost-effectiveness. Their ability to absorb impact energy, protect vehicle occupants, and adapt to various road conditions makes them a preferred choice for highway authorities and city planners worldwide. Related Products W beam galvanized guardrail is the most common highway crash barriers designed to prevent the vehicle from running out of the road in dangerous area. Roadsky can supply&nbsp;AASHTO standard guardrail and accessories for roadside and highway guardrail projects. The beams are coated with a uniform layer of zinc coating to prevent weak spots caused by rust and corrosion. Galvanized steel guardrail beam is the most common crash barriers designed to prevent the vehicle from running out of the road in dangerous area. Compared to w beam, thrie beam (three beam) guardrail has better anti-collision performance, which is widely applied in dangerous road such as bridge. Radius beam is special made ...","og_url":"https:\/\/roadskyguardrail.com\/es\/flex-beam-guardrails","og_site_name":"Nanjing Roadsky Traffic Facility Co.,Ltd (Roadsky Corporation)","article_modified_time":"2024-10-25T08:02:07+00:00","og_image":[{"url":"https:\/\/roadskyguardrail.com\/wp-content\/uploads\/2017\/05\/IMG_1197.jpg","type":"","width":"","height":""}],"twitter_card":"summary_large_image","twitter_misc":{"Est. reading time":"3 minutos"},"schema":{"@context":"https:\/\/schema.org","@graph":[{"@type":"WebPage","@id":"https:\/\/roadskyguardrail.com\/flex-beam-guardrails","url":"https:\/\/roadskyguardrail.com\/flex-beam-guardrails","name":"Barandillas Flex Beam - RoadSky","isPartOf":{"@id":"https:\/\/roadskyguardrail.com\/#website"},"primaryImageOfPage":{"@id":"https:\/\/roadskyguardrail.com\/flex-beam-guardrails#primaryimage"},"image":{"@id":"https:\/\/roadskyguardrail.com\/flex-beam-guardrails#primaryimage"},"thumbnailUrl":"https:\/\/roadskyguardrail.com\/wp-content\/uploads\/2017\/05\/IMG_1197.jpg","datePublished":"2024-10-25T08:02:05+00:00","dateModified":"2024-10-25T08:02:07+00:00","breadcrumb":{"@id":"https:\/\/roadskyguardrail.com\/flex-beam-guardrails#breadcrumb"},"inLanguage":"es","potentialAction":[{"@type":"ReadAction","target":["https:\/\/roadskyguardrail.com\/flex-beam-guardrails"]}]},{"@type":"ImageObject","inLanguage":"es","@id":"https:\/\/roadskyguardrail.com\/flex-beam-guardrails#primaryimage","url":"https:\/\/roadskyguardrail.com\/wp-content\/uploads\/2017\/05\/IMG_1197.jpg","contentUrl":"https:\/\/roadskyguardrail.com\/wp-content\/uploads\/2017\/05\/IMG_1197.jpg"},{"@type":"BreadcrumbList","@id":"https:\/\/roadskyguardrail.com\/flex-beam-guardrails#breadcrumb","itemListElement":[{"@type":"ListItem","position":1,"name":"Home","item":"https:\/\/roadskyguardrail.com\/"},{"@type":"ListItem","position":2,"name":"Flex Beam Guardrails"}]},{"@type":"WebSite","@id":"https:\/\/roadskyguardrail.com\/#website","url":"https:\/\/roadskyguardrail.com\/","name":"Nanjing Roadsky Traffic Facility Co.,Ltd (Roadsky Corporation)","description":"RoadSkyGuardrail.com","potentialAction":[{"@type":"SearchAction","target":{"@type":"EntryPoint","urlTemplate":"https:\/\/roadskyguardrail.com\/?s={search_term_string}"},"query-input":{"@type":"PropertyValueSpecification","valueRequired":true,"valueName":"search_term_string"}}],"inLanguage":"es"}]}},"_links":{"self":[{"href":"https:\/\/roadskyguardrail.com\/es\/wp-json\/wp\/v2\/pages\/4309","targetHints":{"allow":["GET"]}}],"collection":[{"href":"https:\/\/roadskyguardrail.com\/es\/wp-json\/wp\/v2\/pages"}],"about":[{"href":"https:\/\/roadskyguardrail.com\/es\/wp-json\/wp\/v2\/types\/page"}],"author":[{"embeddable":true,"href":"https:\/\/roadskyguardrail.com\/es\/wp-json\/wp\/v2\/users\/1"}],"replies":[{"embeddable":true,"href":"https:\/\/roadskyguardrail.com\/es\/wp-json\/wp\/v2\/comments?post=4309"}],"version-history":[{"count":1,"href":"https:\/\/roadskyguardrail.com\/es\/wp-json\/wp\/v2\/pages\/4309\/revisions"}],"predecessor-version":[{"id":4312,"href":"https:\/\/roadskyguardrail.com\/es\/wp-json\/wp\/v2\/pages\/4309\/revisions\/4312"}],"wp:attachment":[{"href":"https:\/\/roadskyguardrail.com\/es\/wp-json\/wp\/v2\/media?parent=4309"}],"curies":[{"name":"wp","href":"https:\/\/api.w.org\/{rel}","templated":true}]}}