{"id":10,"date":"2010-05-02T04:20:46","date_gmt":"2010-05-02T04:20:46","guid":{"rendered":"https:\/\/roadskyguardrail.com\/?page_id=10"},"modified":"2025-12-10T03:56:06","modified_gmt":"2025-12-10T03:56:06","slug":"about","status":"publish","type":"page","link":"https:\/\/roadskyguardrail.com\/es\/about","title":{"rendered":"Qui\u00e9nes somos"},"content":{"rendered":"<p><strong>Nanjing Roadsky Traffic Facility Co.,Ltd. (Corporaci\u00f3n Roadsky)&nbsp;<\/strong>desarrolla y fabrica <strong><a href=\"https:\/\/roadskyguardrail.com\/es\/\" target=\"_blank\" rel=\"noreferrer noopener\" style=\"text-decoration: underline;\">quitamiedos de carretera<\/a><\/strong> y equipos de instalaci\u00f3n en todo el mundo. Fundada en el a\u00f1o 2000 en Nanjing (China), nos esforzamos por ser los principales expertos en el suministro de soluciones para proyectos de carreteras y parques solares. A lo largo de los a\u00f1os, hemos sido pioneros en el desarrollo de la \u00faltima tecnolog\u00eda en la industria de la seguridad vial y hemos proporcionado conocimientos t\u00e9cnicos especializados a una amplia gama de proyectos de construcci\u00f3n de carreteras, como seguridad vial, se\u00f1alizaci\u00f3n vial, mantenimiento de carreteras y barandillas.<strong>&nbsp;<\/strong><\/p>\n\n\n<div class=\"wp-block-image\">\n<figure class=\"aligncenter size-full\"><img loading=\"lazy\" decoding=\"async\" width=\"600\" height=\"425\" src=\"https:\/\/roadskyguardrail.com\/wp-content\/uploads\/2024\/04\/RoadSky-Staff-Group-Photo.jpg\" alt=\"Foto de grupo del personal de RoadSky\" class=\"wp-image-4105\" srcset=\"https:\/\/roadskyguardrail.com\/wp-content\/uploads\/2024\/04\/RoadSky-Staff-Group-Photo.jpg 600w, https:\/\/roadskyguardrail.com\/wp-content\/uploads\/2024\/04\/RoadSky-Staff-Group-Photo-400x283.jpg 400w\" sizes=\"auto, (max-width: 600px) 100vw, 600px\" \/><\/figure><\/div>\n\n\n<p>Como proveedor de <a href=\"https:\/\/roadskyguardrail.com\/es\/guardrail-beam\" target=\"_blank\" rel=\"noreferrer noopener\" style=\"text-decoration: underline;\"><strong>viga quitamiedos<\/strong><\/a>, Con nuestras vigas de barandilla, postes, terminales y accesorios de barandilla, dise\u00f1amos las barandillas de protecci\u00f3n para autopistas y carreteras secundarias, aparcamientos, f\u00e1bricas y almacenes. Un s\u00f3lido equipo de I+D y un proceso de producci\u00f3n estrictamente controlado garantizan que nuestras vigas de barandilla cumplan la normativa de carreteras y lugares de trabajo de distintos pa\u00edses.<\/p>\n\n\n\n<p>Adem\u00e1s de barandillas, Roadsky tambi\u00e9n fabrica equipos hidr\u00e1ulicos de instalaci\u00f3n de postes de barandillas de alta eficacia. Tanto sobre orugas como sobre ruedas <strong><a style=\"text-decoration: underline;\" href=\"https:\/\/roadskyguardrail.com\/es\/pile-driver\" target=\"_blank\" rel=\"noreferrer noopener\">martinete de barandilla<\/a><\/strong> para diferentes condiciones de trabajo. La hincadora de postes Roadsky puede apilar y extraer diferentes tipos de postes como tipo C, tipo U, tipo H, etc. Tambi\u00e9n suministramos <strong><a href=\"https:\/\/roadskyguardrail.com\/es\/solar-pile-driver\" target=\"_blank\" rel=\"noreferrer noopener\" style=\"text-decoration: underline;\">martinete solar<\/a><\/strong> para instalaciones fotovoltaicas. A petici\u00f3n de los clientes, tambi\u00e9n ofrecemos m\u00e1quinas de formaci\u00f3n y reparaci\u00f3n de barandillas.<\/p>\n\n\n\n<figure class=\"wp-block-gallery has-nested-images columns-2 is-cropped wp-block-gallery-1 is-layout-flex wp-block-gallery-is-layout-flex\">\n<figure class=\"wp-block-image size-large\"><img loading=\"lazy\" decoding=\"async\" width=\"300\" height=\"199\" data-id=\"12\" src=\"https:\/\/roadskyguardrail.com\/wp-content\/uploads\/2010\/05\/about-us1.jpg\" alt=\"\" class=\"wp-image-12\"\/><\/figure>\n\n\n\n<figure class=\"wp-block-image size-large\"><img loading=\"lazy\" decoding=\"async\" width=\"300\" height=\"200\" data-id=\"13\" src=\"https:\/\/roadskyguardrail.com\/wp-content\/uploads\/2010\/05\/about-us2.jpg\" alt=\"\" class=\"wp-image-13\"\/><\/figure>\n<\/figure>\n\n\n\n<p>Desarrollamos, fabricamos y suministramos una amplia gama de productos de seguridad para carreteras, aparcamientos, construcci\u00f3n y mantenimiento, que son productos de seguridad simplemente estructurados que pueden manejarse e instalarse c\u00f3modamente. Hemos estado fabricando y suministrando barandillas e instalaci\u00f3n de la m\u00e1s alta calidad, m\u00e1quinas y materiales de se\u00f1alizaci\u00f3n vial, mantenimiento de carreteras y productos de seguridad para contratistas viales de todo el mundo. Nos enorgullecemos de nuestro s\u00f3lido equipo de I+D y de nuestro proceso de producci\u00f3n estrictamente controlado para garantizar que nuestros productos finales cumplen la normativa de carreteras y seguridad vial de diferentes pa\u00edses. Fabricamos maquinaria y materiales a medida si es necesario o en funci\u00f3n de las especificaciones del cliente.<\/p>\n\n\n\n<p>La mayor\u00eda de nuestros productos se exportan a m\u00e1s de cien (100) pa\u00edses de \u00c1frica, Am\u00e9rica del Norte y del Sur, incluida Am\u00e9rica Central, Oriente Medio, Sudeste Asi\u00e1tico, Asia Central, Europa y Ocean\u00eda. En particular, exportamos a gran escala productos de se\u00f1alizaci\u00f3n y mantenimiento de carreteras a pa\u00edses de \u00c1frica, Am\u00e9rica Central y del Sur, Oriente Medio, Sudeste Asi\u00e1tico y Asia Central.<\/p>\n\n\n\n<p>Como desarrollador y fabricante pionero de productos para la construcci\u00f3n de carreteras, Roadsky Corp. es capaz de proporcionar no s\u00f3lo las materias primas y los equipos para la producci\u00f3n de productos de seguridad, sino tambi\u00e9n el programa de formaci\u00f3n. La formaci\u00f3n especializada incluye el funcionamiento y mantenimiento de los equipos, la instrucci\u00f3n en proyectos de se\u00f1alizaci\u00f3n vial y la formaci\u00f3n de los trabajadores. Podemos enviar trabajadores experimentados para ayudar y apoyar el trabajo de todo un proyecto de carreteras. Si es necesario, tambi\u00e9n podemos dedicarnos a la transferencia de tecnolog\u00eda, en la que nuestra empresa hace especial hincapi\u00e9.<\/p>\n\n\n\n<p>Un proveedor profesional de soluciones de mantenimiento de carreteras, que puede fabricar una gama completa de productos de mantenimiento de carreteras y proporcionar asistencia t\u00e9cnica completa para la construcci\u00f3n de carreteras y proyectos de seguridad. Nuestros productos y servicios van m\u00e1s all\u00e1 de la relaci\u00f3n comercial con nuestros clientes, nos asociamos para proporcionar y entregar todo tipo de productos de seguridad con el compromiso de hacer que cada carretera sea mucho m\u00e1s segura para todos.<\/p>\n\n\n\n<h2 class=\"wp-block-heading has-text-align-center has-white-color has-text-color has-background\" style=\"background-color:#465c7d\">Impulsemos su negocio hoy mismo<\/h2>\n\n\n\n<div class=\"wp-block-contact-form-7-contact-form-selector\">\n<div class=\"wpcf7 no-js\" id=\"wpcf7-f5-o1\" lang=\"en-US\" dir=\"ltr\" data-wpcf7-id=\"5\">\n<div class=\"screen-reader-response\"><p role=\"status\" aria-live=\"polite\" aria-atomic=\"true\"><\/p> <ul><\/ul><\/div>\n<form action=\"\/es\/wp-json\/wp\/v2\/pages\/10#wpcf7-f5-o1\" method=\"post\" class=\"wpcf7-form init\" aria-label=\"Formulario de contacto\" novalidate=\"novalidate\" data-status=\"init\" data-trp-original-action=\"\/es\/wp-json\/wp\/v2\/pages\/10#wpcf7-f5-o1\">\n<fieldset class=\"hidden-fields-container\"><input type=\"hidden\" name=\"_wpcf7\" value=\"5\" \/><input type=\"hidden\" name=\"_wpcf7_version\" value=\"6.1.5\" \/><input type=\"hidden\" name=\"_wpcf7_locale\" value=\"en_US\" \/><input type=\"hidden\" name=\"_wpcf7_unit_tag\" value=\"wpcf7-f5-o1\" \/><input type=\"hidden\" name=\"_wpcf7_container_post\" value=\"0\" \/><input type=\"hidden\" name=\"_wpcf7_posted_data_hash\" value=\"\" \/>\n<\/fieldset>\n<div class=\"wpcf7-turnstile cf-turnstile\" data-sitekey=\"0x4AAAAAACH9ueYy7fDdFIjX\" data-response-field-name=\"_wpcf7_turnstile_response\"><\/div>\n\n<p><label><em>*<\/em>Asunto:<\/label><span class=\"wpcf7-form-control-wrap\" data-name=\"your-subject\"><input size=\"40\" maxlength=\"400\" class=\"wpcf7-form-control wpcf7-text wpcf7-validates-as-required\" id=\"your-subject\" aria-required=\"true\" aria-invalid=\"false\" value=\"Product Inquiry\" type=\"text\" name=\"your-subject\" \/><\/span>\n<\/p>\n<p><label><em>*<\/em>Nombre:<\/label><span class=\"wpcf7-form-control-wrap\" data-name=\"your-name\"><input size=\"40\" maxlength=\"400\" class=\"wpcf7-form-control wpcf7-text wpcf7-validates-as-required\" id=\"your-name\" aria-required=\"true\" aria-invalid=\"false\" placeholder=\"Por favor, rellene el nombre com\u00fanmente utilizado\" value=\"\" type=\"text\" name=\"your-name\" \/><\/span>\n<\/p>\n<p><label><em>*<\/em>Correo electr\u00f3nico:<\/label><span class=\"wpcf7-form-control-wrap\" data-name=\"your-email\"><input size=\"40\" maxlength=\"400\" class=\"wpcf7-form-control wpcf7-email wpcf7-validates-as-required wpcf7-text wpcf7-validates-as-email\" id=\"your-email\" aria-required=\"true\" aria-invalid=\"false\" placeholder=\"Rellene el correo electr\u00f3nico de uso com\u00fan\" value=\"\" type=\"email\" name=\"your-email\" \/><\/span>\n<\/p>\n<p><label>Tel\u00e9fono:<\/label><span class=\"wpcf7-form-control-wrap\" data-name=\"your-phone\"><input size=\"40\" maxlength=\"400\" class=\"wpcf7-form-control wpcf7-text\" id=\"your-phone\" aria-invalid=\"false\" placeholder=\"Rellene el n\u00famero de tel\u00e9fono de contacto o el tel\u00e9fono m\u00f3vil\" value=\"\" type=\"text\" name=\"your-phone\" \/><\/span>\n<\/p>\n<p><label>Pa\u00eds:<\/label><span class=\"wpcf7-form-control-wrap\" data-name=\"your-country\"><input size=\"40\" maxlength=\"400\" class=\"wpcf7-form-control wpcf7-text\" id=\"your-country\" aria-invalid=\"false\" placeholder=\"Indique su pa\u00eds\" value=\"\" type=\"text\" name=\"your-country\" \/><\/span>\n<\/p>\n<p><label>Empresa:<\/label><span class=\"wpcf7-form-control-wrap\" data-name=\"your-company\"><input size=\"40\" maxlength=\"400\" class=\"wpcf7-form-control wpcf7-text\" id=\"your-company\" aria-invalid=\"false\" placeholder=\"Rellene el nombre de la empresa\" value=\"\" type=\"text\" name=\"your-company\" \/><\/span>\n<\/p>\n<p><label><em>*<\/em>Mensaje:<\/label><span class=\"wpcf7-form-control-wrap\" data-name=\"your-message\"><textarea cols=\"40\" rows=\"10\" maxlength=\"2000\" class=\"wpcf7-form-control wpcf7-textarea wpcf7-validates-as-required\" aria-required=\"true\" aria-invalid=\"false\" placeholder=\"Rellene los datos que desee conocer, como nombre del producto, especificaciones, precio, MOQ, etc.\" name=\"your-message\"><\/textarea><\/span>\n<\/p>\n<p class=\"btn-submit\"><label> <\/label><input class=\"wpcf7-form-control wpcf7-submit has-spinner\" type=\"submit\" value=\"ENVIAR\" \/>\n<\/p><div class=\"wpcf7-response-output\" aria-hidden=\"true\"><\/div>\n<input type=\"hidden\" name=\"trp-form-language\" value=\"es\"\/><\/form>\n<\/div>\n<\/div>","protected":false},"excerpt":{"rendered":"<p>Nanjing Roadsky Traffic Facility Co.,Ltd. Ltd. (Roadsky Corporation) desarrolla y fabrica barandillas para carreteras y equipos de instalaci\u00f3n en todo el mundo. Fundada en 2000 en Nanjing, China, nos esforzamos por ser los principales expertos en el suministro de soluciones para proyectos de autopistas y parques solares. A lo largo de los a\u00f1os, hemos sido pioneros en el desarrollo de la \u00faltima tecnolog\u00eda en la industria de la seguridad vial y hemos proporcionado conocimientos t\u00e9cnicos especializados a una amplia gama de proyectos de construcci\u00f3n de carreteras, como seguridad vial, se\u00f1alizaci\u00f3n vial, mantenimiento de carreteras y barandillas.  Como proveedor de vigas, postes, terminales y accesorios para barandillas, dise\u00f1amos barandillas de protecci\u00f3n para autopistas y carreteras secundarias, aparcamientos, f\u00e1bricas y almacenes. Un s\u00f3lido equipo de I+D y un proceso de producci\u00f3n estrictamente controlado garantizan que nuestras vigas de barandilla cumplan la normativa de autopistas y lugares de trabajo de distintos pa\u00edses. Adem\u00e1s de barandillas, Roadsky tambi\u00e9n fabrica equipos hidr\u00e1ulicos de alta eficiencia para la instalaci\u00f3n de postes de barandillas. Tanto la hincadora de postes sobre orugas como la hincadora de postes sobre ruedas se proporcionan para diferentes condiciones de trabajo. La hincadora de postes Roadsky puede apilar y extraer diferentes tipos de ...<\/p>","protected":false},"author":1,"featured_media":0,"parent":0,"menu_order":0,"comment_status":"closed","ping_status":"closed","template":"","meta":{"footnotes":""},"class_list":["post-10","page","type-page","status-publish","hentry"],"yoast_head":"<!-- This site is optimized with the Yoast SEO plugin v27.3 - https:\/\/yoast.com\/product\/yoast-seo-wordpress\/ -->\n<title>About US - RoadskyGuardrail<\/title>\n<meta name=\"robots\" content=\"index, follow, max-snippet:-1, max-image-preview:large, max-video-preview:-1\" \/>\n<link rel=\"canonical\" href=\"https:\/\/roadskyguardrail.com\/es\/about\" \/>\n<meta property=\"og:locale\" content=\"es_ES\" \/>\n<meta property=\"og:type\" content=\"article\" \/>\n<meta property=\"og:title\" content=\"About US - RoadskyGuardrail\" \/>\n<meta property=\"og:description\" content=\"Nanjing Roadsky Traffic Facility Co.,Ltd. (Roadsky Corporation)&nbsp;develops and manufactures highway guardrail and installation equipment everywhere in the world. Established in 2000 at Nanjing China, we endeavored to be the leading expert in providing&nbsp;highway and solar farm project solutions. Throughout the years, we pioneered development of the latest technology in road safety industry and provided technical expertise from specialized to a wider range of road construction from Road Safety, Road Marking, Road Maintenance, and Guardrail projects.&nbsp; As a supplier of guardrail beam, post, end terminal and guardrail accessories, we design the protective guardrails for highways and secondary roads, parking lots, factories, and warehouses. Strong R&amp;D team and strictly controlled production process ensure that our guardrail beams meet the standard of highways and workplaces in different countries. Besides guardrails, Roadsky also manufacture high efficient hydraulic guardrail post installation equipment. Both crawler-type and wheel-type guardrail pile driver are provided for different working conditions. Roadsky post driver can pile and extract different types of ...\" \/>\n<meta property=\"og:url\" content=\"https:\/\/roadskyguardrail.com\/es\/about\" \/>\n<meta property=\"og:site_name\" content=\"Nanjing Roadsky Traffic Facility Co.,Ltd (Roadsky Corporation)\" \/>\n<meta property=\"article:modified_time\" content=\"2025-12-10T03:56:06+00:00\" \/>\n<meta property=\"og:image\" content=\"https:\/\/roadskyguardrail.com\/wp-content\/uploads\/2024\/04\/RoadSky-Staff-Group-Photo.jpg\" \/>\n\t<meta property=\"og:image:width\" content=\"600\" \/>\n\t<meta property=\"og:image:height\" content=\"425\" \/>\n\t<meta property=\"og:image:type\" content=\"image\/jpeg\" \/>\n<meta name=\"twitter:card\" content=\"summary_large_image\" \/>\n<meta name=\"twitter:label1\" content=\"Est. reading time\" \/>\n\t<meta name=\"twitter:data1\" content=\"3 minutos\" \/>\n<script type=\"application\/ld+json\" class=\"yoast-schema-graph\">{\"@context\":\"https:\\\/\\\/schema.org\",\"@graph\":[{\"@type\":\"WebPage\",\"@id\":\"https:\\\/\\\/roadskyguardrail.com\\\/about\",\"url\":\"https:\\\/\\\/roadskyguardrail.com\\\/about\",\"name\":\"About US - RoadskyGuardrail\",\"isPartOf\":{\"@id\":\"https:\\\/\\\/roadskyguardrail.com\\\/#website\"},\"primaryImageOfPage\":{\"@id\":\"https:\\\/\\\/roadskyguardrail.com\\\/about#primaryimage\"},\"image\":{\"@id\":\"https:\\\/\\\/roadskyguardrail.com\\\/about#primaryimage\"},\"thumbnailUrl\":\"https:\\\/\\\/roadskyguardrail.com\\\/wp-content\\\/uploads\\\/2024\\\/04\\\/RoadSky-Staff-Group-Photo.jpg\",\"datePublished\":\"2010-05-02T04:20:46+00:00\",\"dateModified\":\"2025-12-10T03:56:06+00:00\",\"breadcrumb\":{\"@id\":\"https:\\\/\\\/roadskyguardrail.com\\\/about#breadcrumb\"},\"inLanguage\":\"es\",\"potentialAction\":[{\"@type\":\"ReadAction\",\"target\":[\"https:\\\/\\\/roadskyguardrail.com\\\/about\"]}]},{\"@type\":\"ImageObject\",\"inLanguage\":\"es\",\"@id\":\"https:\\\/\\\/roadskyguardrail.com\\\/about#primaryimage\",\"url\":\"https:\\\/\\\/roadskyguardrail.com\\\/wp-content\\\/uploads\\\/2024\\\/04\\\/RoadSky-Staff-Group-Photo.jpg\",\"contentUrl\":\"https:\\\/\\\/roadskyguardrail.com\\\/wp-content\\\/uploads\\\/2024\\\/04\\\/RoadSky-Staff-Group-Photo.jpg\"},{\"@type\":\"BreadcrumbList\",\"@id\":\"https:\\\/\\\/roadskyguardrail.com\\\/about#breadcrumb\",\"itemListElement\":[{\"@type\":\"ListItem\",\"position\":1,\"name\":\"Home\",\"item\":\"https:\\\/\\\/roadskyguardrail.com\\\/\"},{\"@type\":\"ListItem\",\"position\":2,\"name\":\"About US\"}]},{\"@type\":\"WebSite\",\"@id\":\"https:\\\/\\\/roadskyguardrail.com\\\/#website\",\"url\":\"https:\\\/\\\/roadskyguardrail.com\\\/\",\"name\":\"Nanjing Roadsky Traffic Facility Co.,Ltd (Roadsky Corporation)\",\"description\":\"RoadSkyGuardrail.com\",\"potentialAction\":[{\"@type\":\"SearchAction\",\"target\":{\"@type\":\"EntryPoint\",\"urlTemplate\":\"https:\\\/\\\/roadskyguardrail.com\\\/?s={search_term_string}\"},\"query-input\":{\"@type\":\"PropertyValueSpecification\",\"valueRequired\":true,\"valueName\":\"search_term_string\"}}],\"inLanguage\":\"es\"}]}<\/script>\n<!-- \/ Yoast SEO plugin. -->","yoast_head_json":{"title":"Acerca de nosotros - RoadskyGuardrail","robots":{"index":"index","follow":"follow","max-snippet":"max-snippet:-1","max-image-preview":"max-image-preview:large","max-video-preview":"max-video-preview:-1"},"canonical":"https:\/\/roadskyguardrail.com\/es\/about","og_locale":"es_ES","og_type":"article","og_title":"About US - RoadskyGuardrail","og_description":"Nanjing Roadsky Traffic Facility Co.,Ltd. (Roadsky Corporation)&nbsp;develops and manufactures highway guardrail and installation equipment everywhere in the world. Established in 2000 at Nanjing China, we endeavored to be the leading expert in providing&nbsp;highway and solar farm project solutions. Throughout the years, we pioneered development of the latest technology in road safety industry and provided technical expertise from specialized to a wider range of road construction from Road Safety, Road Marking, Road Maintenance, and Guardrail projects.&nbsp; As a supplier of guardrail beam, post, end terminal and guardrail accessories, we design the protective guardrails for highways and secondary roads, parking lots, factories, and warehouses. Strong R&amp;D team and strictly controlled production process ensure that our guardrail beams meet the standard of highways and workplaces in different countries. Besides guardrails, Roadsky also manufacture high efficient hydraulic guardrail post installation equipment. Both crawler-type and wheel-type guardrail pile driver are provided for different working conditions. Roadsky post driver can pile and extract different types of ...","og_url":"https:\/\/roadskyguardrail.com\/es\/about","og_site_name":"Nanjing Roadsky Traffic Facility Co.,Ltd (Roadsky Corporation)","article_modified_time":"2025-12-10T03:56:06+00:00","og_image":[{"width":600,"height":425,"url":"https:\/\/roadskyguardrail.com\/wp-content\/uploads\/2024\/04\/RoadSky-Staff-Group-Photo.jpg","type":"image\/jpeg"}],"twitter_card":"summary_large_image","twitter_misc":{"Est. reading time":"3 minutos"},"schema":{"@context":"https:\/\/schema.org","@graph":[{"@type":"WebPage","@id":"https:\/\/roadskyguardrail.com\/about","url":"https:\/\/roadskyguardrail.com\/about","name":"Acerca de nosotros - RoadskyGuardrail","isPartOf":{"@id":"https:\/\/roadskyguardrail.com\/#website"},"primaryImageOfPage":{"@id":"https:\/\/roadskyguardrail.com\/about#primaryimage"},"image":{"@id":"https:\/\/roadskyguardrail.com\/about#primaryimage"},"thumbnailUrl":"https:\/\/roadskyguardrail.com\/wp-content\/uploads\/2024\/04\/RoadSky-Staff-Group-Photo.jpg","datePublished":"2010-05-02T04:20:46+00:00","dateModified":"2025-12-10T03:56:06+00:00","breadcrumb":{"@id":"https:\/\/roadskyguardrail.com\/about#breadcrumb"},"inLanguage":"es","potentialAction":[{"@type":"ReadAction","target":["https:\/\/roadskyguardrail.com\/about"]}]},{"@type":"ImageObject","inLanguage":"es","@id":"https:\/\/roadskyguardrail.com\/about#primaryimage","url":"https:\/\/roadskyguardrail.com\/wp-content\/uploads\/2024\/04\/RoadSky-Staff-Group-Photo.jpg","contentUrl":"https:\/\/roadskyguardrail.com\/wp-content\/uploads\/2024\/04\/RoadSky-Staff-Group-Photo.jpg"},{"@type":"BreadcrumbList","@id":"https:\/\/roadskyguardrail.com\/about#breadcrumb","itemListElement":[{"@type":"ListItem","position":1,"name":"Home","item":"https:\/\/roadskyguardrail.com\/"},{"@type":"ListItem","position":2,"name":"About US"}]},{"@type":"WebSite","@id":"https:\/\/roadskyguardrail.com\/#website","url":"https:\/\/roadskyguardrail.com\/","name":"Nanjing Roadsky Traffic Facility Co.,Ltd (Roadsky Corporation)","description":"RoadSkyGuardrail.com","potentialAction":[{"@type":"SearchAction","target":{"@type":"EntryPoint","urlTemplate":"https:\/\/roadskyguardrail.com\/?s={search_term_string}"},"query-input":{"@type":"PropertyValueSpecification","valueRequired":true,"valueName":"search_term_string"}}],"inLanguage":"es"}]}},"_links":{"self":[{"href":"https:\/\/roadskyguardrail.com\/es\/wp-json\/wp\/v2\/pages\/10","targetHints":{"allow":["GET"]}}],"collection":[{"href":"https:\/\/roadskyguardrail.com\/es\/wp-json\/wp\/v2\/pages"}],"about":[{"href":"https:\/\/roadskyguardrail.com\/es\/wp-json\/wp\/v2\/types\/page"}],"author":[{"embeddable":true,"href":"https:\/\/roadskyguardrail.com\/es\/wp-json\/wp\/v2\/users\/1"}],"replies":[{"embeddable":true,"href":"https:\/\/roadskyguardrail.com\/es\/wp-json\/wp\/v2\/comments?post=10"}],"version-history":[{"count":17,"href":"https:\/\/roadskyguardrail.com\/es\/wp-json\/wp\/v2\/pages\/10\/revisions"}],"predecessor-version":[{"id":4808,"href":"https:\/\/roadskyguardrail.com\/es\/wp-json\/wp\/v2\/pages\/10\/revisions\/4808"}],"wp:attachment":[{"href":"https:\/\/roadskyguardrail.com\/es\/wp-json\/wp\/v2\/media?parent=10"}],"curies":[{"name":"wp","href":"https:\/\/api.w.org\/{rel}","templated":true}]}}