{"id":4309,"date":"2024-10-25T08:02:05","date_gmt":"2024-10-25T08:02:05","guid":{"rendered":"https:\/\/roadskyguardrail.com\/?page_id=4309"},"modified":"2024-10-25T08:02:07","modified_gmt":"2024-10-25T08:02:07","slug":"flex-beam-guardrails","status":"publish","type":"page","link":"https:\/\/roadskyguardrail.com\/de\/flex-beam-guardrails","title":{"rendered":"Flexbeam-Gel\u00e4nder"},"content":{"rendered":"<p>Flexible Leitplanken sind ein wesentlicher Bestandteil der modernen Stra\u00dfenverkehrsinfrastruktur und bieten eine ausgewogene Mischung aus Haltbarkeit, Flexibilit\u00e4t und Kosteneffizienz. Ihre F\u00e4higkeit, Aufprallenergie zu absorbieren, Fahrzeuginsassen zu sch\u00fctzen und sich an unterschiedliche Stra\u00dfenbedingungen anzupassen, macht sie zur bevorzugten Wahl von Stra\u00dfenverkehrsbeh\u00f6rden und Stadtplanern weltweit.<\/p>\n\n\n\n<h2 class=\"wp-block-heading\">Verwandte Produkte<\/h2>\n\n\n\n<div class=\"wp-block-columns is-layout-flex wp-container-core-columns-is-layout-9d6595d7 wp-block-columns-is-layout-flex\">\n<div class=\"wp-block-column is-layout-flow wp-block-column-is-layout-flow\"><div class=\"wp-block-image\">\n<figure class=\"aligncenter size-large is-resized\"><a href=\"https:\/\/roadskyguardrail.com\/de\/w-beam\" target=\"_blank\" rel=\"noreferrer noopener\"><img decoding=\"async\" src=\"https:\/\/roadskyguardrail.com\/wp-content\/uploads\/2017\/05\/IMG_1197.jpg\" alt=\"W-Tr\u00e4ger verzinktes Gel\u00e4nder\" style=\"object-fit:cover;width:200px;height:200px\"\/><\/a><figcaption class=\"wp-element-caption\"><a href=\"https:\/\/roadskyguardrail.com\/de\/w-beam\" target=\"_blank\" rel=\"noreferrer noopener\">W-Tr\u00e4ger verzinktes Gel\u00e4nder<\/a><\/figcaption><\/figure><\/div><\/div>\n\n\n\n<div class=\"wp-block-column is-layout-flow wp-block-column-is-layout-flow\">\n<p>Die verzinkte Leitplanke mit W-Tr\u00e4gern ist die h\u00e4ufigste Leitplanke auf Autobahnen, die verhindern soll, dass ein Fahrzeug in einem gef\u00e4hrlichen Bereich von der Stra\u00dfe abkommt. Roadsky kann AASHTO Standard Leitplanken und Zubeh\u00f6r f\u00fcr Stra\u00dfenrand und Autobahn Leitplanken Projekte liefern. Die Balken sind mit einer gleichm\u00e4\u00dfigen Zinkschicht \u00fcberzogen, um Schwachstellen durch Rost und Korrosion zu verhindern.<\/p>\n<\/div>\n<\/div>\n\n\n\n<div class=\"wp-block-columns is-layout-flex wp-container-core-columns-is-layout-9d6595d7 wp-block-columns-is-layout-flex\">\n<div class=\"wp-block-column is-layout-flow wp-block-column-is-layout-flow\"><div class=\"wp-block-image\">\n<figure class=\"aligncenter size-large is-resized\"><a href=\"https:\/\/roadskyguardrail.com\/de\/thrie-beam\" target=\"_blank\" rel=\"noreferrer noopener\"><img decoding=\"async\" src=\"https:\/\/roadskyguardrail.com\/wp-content\/uploads\/2014\/05\/Thrie-beam-guardrail-2.jpg\" alt=\"Dreistrahliges Gel\u00e4nder\" style=\"object-fit:cover;width:200px;height:200px\"\/><\/a><figcaption class=\"wp-element-caption\"><a href=\"https:\/\/roadskyguardrail.com\/de\/thrie-beam\" target=\"_blank\" rel=\"noreferrer noopener\">Dreistrahliges Gel\u00e4nder<\/a><\/figcaption><\/figure><\/div><\/div>\n\n\n\n<div class=\"wp-block-column is-layout-flow wp-block-column-is-layout-flow\">\n<p>Verzinkte Stahlleitplanken sind die g\u00e4ngigsten Leitplanken, die verhindern sollen, dass ein Fahrzeug in einem gef\u00e4hrlichen Bereich von der Stra\u00dfe abkommt. Im Vergleich zu w Balken, thrie Strahl (drei Strahl) Leitplanke hat eine bessere Anti-Kollision Leistung, die weit in gef\u00e4hrlichen Stra\u00dfe wie Br\u00fccke angewendet wird.<\/p>\n<\/div>\n<\/div>\n\n\n\n<div class=\"wp-block-columns is-layout-flex wp-container-core-columns-is-layout-9d6595d7 wp-block-columns-is-layout-flex\">\n<div class=\"wp-block-column is-layout-flow wp-block-column-is-layout-flow\"><div class=\"wp-block-image\">\n<figure class=\"aligncenter size-large is-resized\"><a href=\"https:\/\/roadskyguardrail.com\/de\/radius-beam\" target=\"_blank\" rel=\"noreferrer noopener\"><img decoding=\"async\" src=\"https:\/\/roadskyguardrail.com\/wp-content\/uploads\/2017\/07\/Radius-Beam.jpg\" alt=\"Radius Gel\u00e4ndertr\u00e4ger\" style=\"object-fit:cover;width:200px;height:200px\"\/><\/a><figcaption class=\"wp-element-caption\"><a href=\"https:\/\/roadskyguardrail.com\/de\/radius-beam\" target=\"_blank\" rel=\"noreferrer noopener\">Radius Gel\u00e4ndertr\u00e4ger<\/a><\/figcaption><\/figure><\/div><\/div>\n\n\n\n<div class=\"wp-block-column is-layout-flow wp-block-column-is-layout-flow\">\n<p>Der Radiusbalken ist eine speziell angefertigte gebogene Form, die einen sanften \u00dcbergang in Kurven mit einem Radius von 1,5 bis 50 m erm\u00f6glicht, der sich auf die Verkehrsfl\u00e4che der Stra\u00dfe bezieht. Der Radiusbalken wird f\u00fcr engere Radien ben\u00f6tigt und kann entweder konvex oder konkav in verschiedenen Graden f\u00fcr verschiedene Stra\u00dfenanwendungen gebogen werden.<\/p>\n<\/div>\n<\/div>\n\n\n\n<div class=\"wp-block-columns is-layout-flex wp-container-core-columns-is-layout-9d6595d7 wp-block-columns-is-layout-flex\">\n<div class=\"wp-block-column is-layout-flow wp-block-column-is-layout-flow\"><div class=\"wp-block-image\">\n<figure class=\"aligncenter size-large is-resized\"><a href=\"https:\/\/roadskyguardrail.com\/de\/curved-guardrail-beam\" target=\"_blank\" rel=\"noreferrer noopener\"><img decoding=\"async\" src=\"https:\/\/roadskyguardrail.com\/wp-content\/uploads\/2011\/07\/MG_3185.jpg\" alt=\"Gebogene Gel\u00e4nderbalken\" style=\"object-fit:cover;width:200px;height:200px\"\/><\/a><figcaption class=\"wp-element-caption\"><a href=\"https:\/\/roadskyguardrail.com\/de\/curved-guardrail-beam\" target=\"_blank\" rel=\"noreferrer noopener\">Gebogene Gel\u00e4nderbalken<\/a><\/figcaption><\/figure><\/div><\/div>\n\n\n\n<div class=\"wp-block-column is-layout-flow wp-block-column-is-layout-flow\">\n<p>Eine gebogene Leitplanke ist eine spezielle Sicherheitsbarriere am Stra\u00dfenrand, die so konstruiert ist, dass sie sich den nat\u00fcrlichen Kurven einer Fahrbahn anpasst. Diese aus haltbarem Stahl oder anderen sto\u00dffesten Materialien gefertigten Balken werden entlang der Kante gekr\u00fcmmter Stra\u00dfenabschnitte installiert, um Fahrzeuge am Abbiegen zu hindern und so eine sicherere Fahrumgebung zu schaffen. Im Gegensatz zu geraden Leitplanken passen sich gebogene Leitplanken nahtlos an den Stra\u00dfenverlauf an, verringern das Risiko abrupter Zusammenst\u00f6\u00dfe und leiten Fahrzeuge effektiv durch Kurven.<\/p>\n<\/div>\n<\/div>\n\n\n\n<h2 class=\"wp-block-heading\">Anwendungen von Flex Beam Guardrails<\/h2>\n\n\n\n<p>Flexible Leitplanken werden in der Regel in Risikobereichen und an Stellen eingesetzt, an denen Fahrzeuge die Kontrolle verlieren k\u00f6nnen, z. B:<\/p>\n\n\n\n<ul class=\"wp-block-list\">\n<li>Autobahnen<\/li>\n\n\n\n<li>Br\u00fccken und \u00dcberf\u00fchrungen<\/li>\n\n\n\n<li>L\u00e4ndliche und kurvenreiche Stra\u00dfen<\/li>\n\n\n\n<li>Hindernisse am Stra\u00dfenrand<\/li>\n<\/ul>\n\n\n\n<h2 class=\"wp-block-heading\">RoadSky und Flex Beam Leitplanken<\/h2>\n\n\n\n<p>RoadSky ist ein professionelles <strong><a href=\"https:\/\/roadskyguardrail.com\/de\/\" target=\"_blank\" rel=\"noreferrer noopener\" style=\"text-decoration: underline;\">Anbieter von Leitplanken f\u00fcr Autobahnen<\/a><\/strong> mit einer Vielzahl von Modellen zur Auswahl, und bietet auch <strong><a href=\"https:\/\/roadskyguardrail.com\/de\/pile-driver\" target=\"_blank\" rel=\"noreferrer noopener\" style=\"text-decoration: underline;\">Maschinen f\u00fcr die Gel\u00e4ndermontage<\/a><\/strong> um den unterschiedlichen Bed\u00fcrfnissen der Kunden gerecht zu werden. Wenn Sie diese Produkte f\u00fcr Ihr Projekt suchen, k\u00f6nnen Sie sich f\u00fcr weitere Informationen direkt an uns wenden.<\/p>\n\n\n\n<h2 class=\"wp-block-heading\">Kontaktieren Sie uns f\u00fcr ein kostenloses Angebot<\/h2>\n\n\n\n<p><em>F\u00fcllen Sie das nachstehende Formular aus, und unsere Vertriebsmitarbeiter werden sich in K\u00fcrze mit Ihnen in Verbindung setzen.<\/em><\/p>\n\n\n\n<div class=\"wp-block-contact-form-7-contact-form-selector\">\n<div class=\"wpcf7 no-js\" id=\"wpcf7-f5-o1\" lang=\"en-US\" dir=\"ltr\" data-wpcf7-id=\"5\">\n<div class=\"screen-reader-response\"><p role=\"status\" aria-live=\"polite\" aria-atomic=\"true\"><\/p> <ul><\/ul><\/div>\n<form action=\"\/de\/wp-json\/wp\/v2\/pages\/4309#wpcf7-f5-o1\" method=\"post\" class=\"wpcf7-form init\" aria-label=\"Kontakt-Formular\" novalidate=\"novalidate\" data-status=\"init\" data-trp-original-action=\"\/de\/wp-json\/wp\/v2\/pages\/4309#wpcf7-f5-o1\">\n<fieldset class=\"hidden-fields-container\"><input type=\"hidden\" name=\"_wpcf7\" value=\"5\" \/><input type=\"hidden\" name=\"_wpcf7_version\" value=\"6.1.5\" \/><input type=\"hidden\" name=\"_wpcf7_locale\" value=\"en_US\" \/><input type=\"hidden\" name=\"_wpcf7_unit_tag\" value=\"wpcf7-f5-o1\" \/><input type=\"hidden\" name=\"_wpcf7_container_post\" value=\"0\" \/><input type=\"hidden\" name=\"_wpcf7_posted_data_hash\" value=\"\" \/>\n<\/fieldset>\n<div class=\"wpcf7-turnstile cf-turnstile\" data-sitekey=\"0x4AAAAAACH9ueYy7fDdFIjX\" data-response-field-name=\"_wpcf7_turnstile_response\"><\/div>\n\n<p><label><em>*<\/em>Thema:<\/label><span class=\"wpcf7-form-control-wrap\" data-name=\"your-subject\"><input size=\"40\" maxlength=\"400\" class=\"wpcf7-form-control wpcf7-text wpcf7-validates-as-required\" id=\"your-subject\" aria-required=\"true\" aria-invalid=\"false\" value=\"Product Inquiry\" type=\"text\" name=\"your-subject\" \/><\/span>\n<\/p>\n<p><label><em>*<\/em>Name:<\/label><span class=\"wpcf7-form-control-wrap\" data-name=\"your-name\"><input size=\"40\" maxlength=\"400\" class=\"wpcf7-form-control wpcf7-text wpcf7-validates-as-required\" id=\"your-name\" aria-required=\"true\" aria-invalid=\"false\" placeholder=\"Bitte geben Sie den gebr\u00e4uchlichen Namen an\" value=\"\" type=\"text\" name=\"your-name\" \/><\/span>\n<\/p>\n<p><label><em>*<\/em>E-Mail:<\/label><span class=\"wpcf7-form-control-wrap\" data-name=\"your-email\"><input size=\"40\" maxlength=\"400\" class=\"wpcf7-form-control wpcf7-email wpcf7-validates-as-required wpcf7-text wpcf7-validates-as-email\" id=\"your-email\" aria-required=\"true\" aria-invalid=\"false\" placeholder=\"Bitte geben Sie die \u00fcblicherweise verwendete E-Mail an\" value=\"\" type=\"email\" name=\"your-email\" \/><\/span>\n<\/p>\n<p><label>Telefon:<\/label><span class=\"wpcf7-form-control-wrap\" data-name=\"your-phone\"><input size=\"40\" maxlength=\"400\" class=\"wpcf7-form-control wpcf7-text\" id=\"your-phone\" aria-invalid=\"false\" placeholder=\"Bitte geben Sie eine Kontakttelefonnummer oder ein Mobiltelefon an\" value=\"\" type=\"text\" name=\"your-phone\" \/><\/span>\n<\/p>\n<p><label>Land:<\/label><span class=\"wpcf7-form-control-wrap\" data-name=\"your-country\"><input size=\"40\" maxlength=\"400\" class=\"wpcf7-form-control wpcf7-text\" id=\"your-country\" aria-invalid=\"false\" placeholder=\"Bitte geben Sie Ihr Land an\" value=\"\" type=\"text\" name=\"your-country\" \/><\/span>\n<\/p>\n<p><label>Unternehmen:<\/label><span class=\"wpcf7-form-control-wrap\" data-name=\"your-company\"><input size=\"40\" maxlength=\"400\" class=\"wpcf7-form-control wpcf7-text\" id=\"your-company\" aria-invalid=\"false\" placeholder=\"Bitte geben Sie den Firmennamen ein\" value=\"\" type=\"text\" name=\"your-company\" \/><\/span>\n<\/p>\n<p><label><em>*<\/em>Nachricht:<\/label><span class=\"wpcf7-form-control-wrap\" data-name=\"your-message\"><textarea cols=\"40\" rows=\"10\" maxlength=\"2000\" class=\"wpcf7-form-control wpcf7-textarea wpcf7-validates-as-required\" aria-required=\"true\" aria-invalid=\"false\" placeholder=\"Bitte geben Sie die Details an, die Sie wissen m\u00f6chten, wie z.B. Produktname, Spezifikationen, Preis, MOQ, etc.\" name=\"your-message\"><\/textarea><\/span>\n<\/p>\n<p class=\"btn-submit\"><label> <\/label><input class=\"wpcf7-form-control wpcf7-submit has-spinner\" type=\"submit\" value=\"SUBMIT\" \/>\n<\/p><div class=\"wpcf7-response-output\" aria-hidden=\"true\"><\/div>\n<input type=\"hidden\" name=\"trp-form-language\" value=\"de\"\/><\/form>\n<\/div>\n<\/div>","protected":false},"excerpt":{"rendered":"<p>Flex beam guardrails are an essential part of modern road safety infrastructure, providing a balanced blend of durability, flexibility, and cost-effectiveness. Their ability to absorb impact energy, protect vehicle occupants, and adapt to various road conditions makes them a preferred choice for highway authorities and city planners worldwide. Related Products W beam galvanized guardrail is the most common highway crash barriers designed to prevent the vehicle from running out of the road in dangerous area. Roadsky can supply&nbsp;AASHTO standard guardrail and accessories for roadside and highway guardrail projects. The beams are coated with a uniform layer of zinc coating to prevent weak spots caused by rust and corrosion. Galvanized steel guardrail beam is the most common crash barriers designed to prevent the vehicle from running out of the road in dangerous area. Compared to w beam, thrie beam (three beam) guardrail has better anti-collision performance, which is widely applied in dangerous road such as bridge. Radius beam is special made &#8230;<\/p>","protected":false},"author":1,"featured_media":0,"parent":0,"menu_order":0,"comment_status":"closed","ping_status":"closed","template":"","meta":{"footnotes":""},"class_list":["post-4309","page","type-page","status-publish","hentry"],"yoast_head":"<!-- This site is optimized with the Yoast SEO plugin v27.4 - https:\/\/yoast.com\/product\/yoast-seo-wordpress\/ -->\n<title>Flex Beam Guardrails - RoadSky<\/title>\n<meta name=\"robots\" content=\"index, follow, max-snippet:-1, max-image-preview:large, max-video-preview:-1\" \/>\n<link rel=\"canonical\" href=\"https:\/\/roadskyguardrail.com\/de\/flex-beam-guardrails\" \/>\n<meta property=\"og:locale\" content=\"de_DE\" \/>\n<meta property=\"og:type\" content=\"article\" \/>\n<meta property=\"og:title\" content=\"Flex Beam Guardrails - RoadSky\" \/>\n<meta property=\"og:description\" content=\"Flex beam guardrails are an essential part of modern road safety infrastructure, providing a balanced blend of durability, flexibility, and cost-effectiveness. Their ability to absorb impact energy, protect vehicle occupants, and adapt to various road conditions makes them a preferred choice for highway authorities and city planners worldwide. Related Products W beam galvanized guardrail is the most common highway crash barriers designed to prevent the vehicle from running out of the road in dangerous area. Roadsky can supply&nbsp;AASHTO standard guardrail and accessories for roadside and highway guardrail projects. The beams are coated with a uniform layer of zinc coating to prevent weak spots caused by rust and corrosion. Galvanized steel guardrail beam is the most common crash barriers designed to prevent the vehicle from running out of the road in dangerous area. Compared to w beam, thrie beam (three beam) guardrail has better anti-collision performance, which is widely applied in dangerous road such as bridge. Radius beam is special made ...\" \/>\n<meta property=\"og:url\" content=\"https:\/\/roadskyguardrail.com\/de\/flex-beam-guardrails\" \/>\n<meta property=\"og:site_name\" content=\"Nanjing Roadsky Traffic Facility Co.,Ltd (Roadsky Corporation)\" \/>\n<meta property=\"article:modified_time\" content=\"2024-10-25T08:02:07+00:00\" \/>\n<meta property=\"og:image\" content=\"https:\/\/roadskyguardrail.com\/wp-content\/uploads\/2017\/05\/IMG_1197.jpg\" \/>\n<meta name=\"twitter:card\" content=\"summary_large_image\" \/>\n<meta name=\"twitter:label1\" content=\"Est. reading time\" \/>\n\t<meta name=\"twitter:data1\" content=\"3\u00a0Minuten\" \/>\n<script type=\"application\/ld+json\" class=\"yoast-schema-graph\">{\"@context\":\"https:\\\/\\\/schema.org\",\"@graph\":[{\"@type\":\"WebPage\",\"@id\":\"https:\\\/\\\/roadskyguardrail.com\\\/flex-beam-guardrails\",\"url\":\"https:\\\/\\\/roadskyguardrail.com\\\/flex-beam-guardrails\",\"name\":\"Flex Beam Guardrails - RoadSky\",\"isPartOf\":{\"@id\":\"https:\\\/\\\/roadskyguardrail.com\\\/#website\"},\"primaryImageOfPage\":{\"@id\":\"https:\\\/\\\/roadskyguardrail.com\\\/flex-beam-guardrails#primaryimage\"},\"image\":{\"@id\":\"https:\\\/\\\/roadskyguardrail.com\\\/flex-beam-guardrails#primaryimage\"},\"thumbnailUrl\":\"https:\\\/\\\/roadskyguardrail.com\\\/wp-content\\\/uploads\\\/2017\\\/05\\\/IMG_1197.jpg\",\"datePublished\":\"2024-10-25T08:02:05+00:00\",\"dateModified\":\"2024-10-25T08:02:07+00:00\",\"breadcrumb\":{\"@id\":\"https:\\\/\\\/roadskyguardrail.com\\\/flex-beam-guardrails#breadcrumb\"},\"inLanguage\":\"de\",\"potentialAction\":[{\"@type\":\"ReadAction\",\"target\":[\"https:\\\/\\\/roadskyguardrail.com\\\/flex-beam-guardrails\"]}]},{\"@type\":\"ImageObject\",\"inLanguage\":\"de\",\"@id\":\"https:\\\/\\\/roadskyguardrail.com\\\/flex-beam-guardrails#primaryimage\",\"url\":\"https:\\\/\\\/roadskyguardrail.com\\\/wp-content\\\/uploads\\\/2017\\\/05\\\/IMG_1197.jpg\",\"contentUrl\":\"https:\\\/\\\/roadskyguardrail.com\\\/wp-content\\\/uploads\\\/2017\\\/05\\\/IMG_1197.jpg\"},{\"@type\":\"BreadcrumbList\",\"@id\":\"https:\\\/\\\/roadskyguardrail.com\\\/flex-beam-guardrails#breadcrumb\",\"itemListElement\":[{\"@type\":\"ListItem\",\"position\":1,\"name\":\"Home\",\"item\":\"https:\\\/\\\/roadskyguardrail.com\\\/\"},{\"@type\":\"ListItem\",\"position\":2,\"name\":\"Flex Beam Guardrails\"}]},{\"@type\":\"WebSite\",\"@id\":\"https:\\\/\\\/roadskyguardrail.com\\\/#website\",\"url\":\"https:\\\/\\\/roadskyguardrail.com\\\/\",\"name\":\"Nanjing Roadsky Traffic Facility Co.,Ltd (Roadsky Corporation)\",\"description\":\"RoadSkyGuardrail.com\",\"potentialAction\":[{\"@type\":\"SearchAction\",\"target\":{\"@type\":\"EntryPoint\",\"urlTemplate\":\"https:\\\/\\\/roadskyguardrail.com\\\/?s={search_term_string}\"},\"query-input\":{\"@type\":\"PropertyValueSpecification\",\"valueRequired\":true,\"valueName\":\"search_term_string\"}}],\"inLanguage\":\"de\"}]}<\/script>\n<!-- \/ Yoast SEO plugin. -->","yoast_head_json":{"title":"Flex Beam Leitplanken - RoadSky","robots":{"index":"index","follow":"follow","max-snippet":"max-snippet:-1","max-image-preview":"max-image-preview:large","max-video-preview":"max-video-preview:-1"},"canonical":"https:\/\/roadskyguardrail.com\/de\/flex-beam-guardrails","og_locale":"de_DE","og_type":"article","og_title":"Flex Beam Guardrails - RoadSky","og_description":"Flex beam guardrails are an essential part of modern road safety infrastructure, providing a balanced blend of durability, flexibility, and cost-effectiveness. Their ability to absorb impact energy, protect vehicle occupants, and adapt to various road conditions makes them a preferred choice for highway authorities and city planners worldwide. Related Products W beam galvanized guardrail is the most common highway crash barriers designed to prevent the vehicle from running out of the road in dangerous area. Roadsky can supply&nbsp;AASHTO standard guardrail and accessories for roadside and highway guardrail projects. The beams are coated with a uniform layer of zinc coating to prevent weak spots caused by rust and corrosion. Galvanized steel guardrail beam is the most common crash barriers designed to prevent the vehicle from running out of the road in dangerous area. Compared to w beam, thrie beam (three beam) guardrail has better anti-collision performance, which is widely applied in dangerous road such as bridge. Radius beam is special made ...","og_url":"https:\/\/roadskyguardrail.com\/de\/flex-beam-guardrails","og_site_name":"Nanjing Roadsky Traffic Facility Co.,Ltd (Roadsky Corporation)","article_modified_time":"2024-10-25T08:02:07+00:00","og_image":[{"url":"https:\/\/roadskyguardrail.com\/wp-content\/uploads\/2017\/05\/IMG_1197.jpg","type":"","width":"","height":""}],"twitter_card":"summary_large_image","twitter_misc":{"Est. reading time":"3\u00a0Minuten"},"schema":{"@context":"https:\/\/schema.org","@graph":[{"@type":"WebPage","@id":"https:\/\/roadskyguardrail.com\/flex-beam-guardrails","url":"https:\/\/roadskyguardrail.com\/flex-beam-guardrails","name":"Flex Beam Leitplanken - RoadSky","isPartOf":{"@id":"https:\/\/roadskyguardrail.com\/#website"},"primaryImageOfPage":{"@id":"https:\/\/roadskyguardrail.com\/flex-beam-guardrails#primaryimage"},"image":{"@id":"https:\/\/roadskyguardrail.com\/flex-beam-guardrails#primaryimage"},"thumbnailUrl":"https:\/\/roadskyguardrail.com\/wp-content\/uploads\/2017\/05\/IMG_1197.jpg","datePublished":"2024-10-25T08:02:05+00:00","dateModified":"2024-10-25T08:02:07+00:00","breadcrumb":{"@id":"https:\/\/roadskyguardrail.com\/flex-beam-guardrails#breadcrumb"},"inLanguage":"de","potentialAction":[{"@type":"ReadAction","target":["https:\/\/roadskyguardrail.com\/flex-beam-guardrails"]}]},{"@type":"ImageObject","inLanguage":"de","@id":"https:\/\/roadskyguardrail.com\/flex-beam-guardrails#primaryimage","url":"https:\/\/roadskyguardrail.com\/wp-content\/uploads\/2017\/05\/IMG_1197.jpg","contentUrl":"https:\/\/roadskyguardrail.com\/wp-content\/uploads\/2017\/05\/IMG_1197.jpg"},{"@type":"BreadcrumbList","@id":"https:\/\/roadskyguardrail.com\/flex-beam-guardrails#breadcrumb","itemListElement":[{"@type":"ListItem","position":1,"name":"Home","item":"https:\/\/roadskyguardrail.com\/"},{"@type":"ListItem","position":2,"name":"Flex Beam Guardrails"}]},{"@type":"WebSite","@id":"https:\/\/roadskyguardrail.com\/#website","url":"https:\/\/roadskyguardrail.com\/","name":"Nanjing Roadsky Traffic Facility Co.,Ltd (Roadsky Corporation)","description":"RoadSkyGuardrail.com","potentialAction":[{"@type":"SearchAction","target":{"@type":"EntryPoint","urlTemplate":"https:\/\/roadskyguardrail.com\/?s={search_term_string}"},"query-input":{"@type":"PropertyValueSpecification","valueRequired":true,"valueName":"search_term_string"}}],"inLanguage":"de"}]}},"_links":{"self":[{"href":"https:\/\/roadskyguardrail.com\/de\/wp-json\/wp\/v2\/pages\/4309","targetHints":{"allow":["GET"]}}],"collection":[{"href":"https:\/\/roadskyguardrail.com\/de\/wp-json\/wp\/v2\/pages"}],"about":[{"href":"https:\/\/roadskyguardrail.com\/de\/wp-json\/wp\/v2\/types\/page"}],"author":[{"embeddable":true,"href":"https:\/\/roadskyguardrail.com\/de\/wp-json\/wp\/v2\/users\/1"}],"replies":[{"embeddable":true,"href":"https:\/\/roadskyguardrail.com\/de\/wp-json\/wp\/v2\/comments?post=4309"}],"version-history":[{"count":1,"href":"https:\/\/roadskyguardrail.com\/de\/wp-json\/wp\/v2\/pages\/4309\/revisions"}],"predecessor-version":[{"id":4312,"href":"https:\/\/roadskyguardrail.com\/de\/wp-json\/wp\/v2\/pages\/4309\/revisions\/4312"}],"wp:attachment":[{"href":"https:\/\/roadskyguardrail.com\/de\/wp-json\/wp\/v2\/media?parent=4309"}],"curies":[{"name":"wp","href":"https:\/\/api.w.org\/{rel}","templated":true}]}}