{"id":214,"date":"2015-05-09T02:08:23","date_gmt":"2015-05-09T02:08:23","guid":{"rendered":"https:\/\/roadskyguardrail.com\/?page_id=214"},"modified":"2025-10-28T02:07:38","modified_gmt":"2025-10-28T02:07:38","slug":"products","status":"publish","type":"page","link":"https:\/\/roadskyguardrail.com\/de\/products","title":{"rendered":"Produkte"},"content":{"rendered":"<p>\u200b<\/p>\n<table style=\"height: 471px;\" border=\"1\" width=\"838\">\n<tbody>\n<tr>\n<td>\n<h2 class=\"cur-title\">Leitplankensystem<\/h2>\n<\/td>\n<td style=\"text-align: right;\" colspan=\"2 \">Mehr<\/td>\n<\/tr>\n<tr>\n<td><a href=\"https:\/\/roadskyguardrail.com\/de\/guardrail-beam\"><img loading=\"lazy\" decoding=\"async\" class=\"aligncenter\" src=\"\/wp-content\/uploads\/2017\/05\/IMG_1197.jpg\" width=\"300\" height=\"300\" \/><\/a><\/td>\n<td><a href=\"https:\/\/roadskyguardrail.com\/de\/guardrail-post\"><img loading=\"lazy\" decoding=\"async\" class=\"aligncenter wp-image-73\" src=\"https:\/\/roadskyguardrail.com\/wp-content\/uploads\/2017\/05\/U-Post-1-400x400.jpg\" alt=\"U-Pfosten\" width=\"300\" height=\"300\" srcset=\"https:\/\/roadskyguardrail.com\/wp-content\/uploads\/2017\/05\/U-Post-1.jpg 400w, https:\/\/roadskyguardrail.com\/wp-content\/uploads\/2017\/05\/U-Post-1-150x150.jpg 150w\" sizes=\"auto, (max-width: 300px) 100vw, 300px\" \/><\/a><\/td>\n<td><a href=\"https:\/\/roadskyguardrail.com\/de\/bridge-end-terminal\"><img loading=\"lazy\" decoding=\"async\" class=\"aligncenter wp-image-3340\" src=\"https:\/\/roadskyguardrail.com\/wp-content\/uploads\/2017\/05\/\u4e3b\u56fe3-3-400x398.jpg\" alt=\"Br\u00fcckenendst\u00fcck\" width=\"300\" height=\"298\" srcset=\"https:\/\/roadskyguardrail.com\/wp-content\/uploads\/2017\/05\/\u4e3b\u56fe3-3-400x398.jpg 400w, https:\/\/roadskyguardrail.com\/wp-content\/uploads\/2017\/05\/\u4e3b\u56fe3-3-150x150.jpg 150w, https:\/\/roadskyguardrail.com\/wp-content\/uploads\/2017\/05\/\u4e3b\u56fe3-3.jpg 575w\" sizes=\"auto, (max-width: 300px) 100vw, 300px\" \/><\/a><\/td>\n<\/tr>\n<tr>\n<td>\n<h3 style=\"text-align: center;\"><a href=\"https:\/\/roadskyguardrail.com\/de\/guardrail-beam\">Leitplankenbalken<\/a><\/h3>\n<\/td>\n<td>\n<h3 style=\"text-align: center;\"><a href=\"https:\/\/roadskyguardrail.com\/de\/guardrail-post\">Gel\u00e4nderpfosten<\/a><\/h3>\n<\/td>\n<td>\n<h3 style=\"text-align: center;\"><a href=\"https:\/\/roadskyguardrail.com\/de\/guardrail-end-terminal\">Leitplankenendst\u00fcck<\/a><\/h3>\n<\/td>\n<\/tr>\n<\/tbody>\n<\/table>\n<p><!--more--><\/p>\n<p><!--more--><\/p>\n<p><!--more--><\/p>\n<table style=\"height: 470px;\" border=\"1\" width=\"840\">\n<tbody>\n<tr>\n<td>\n<h2 class=\"cur-title\"><a title=\"Leitplankenpfosten-Treiber\" href=\"https:\/\/roadskyguardrail.com\/de\/pile-driver\">Leitplankenpfosten-Treiber<\/a><\/h2>\n<\/td>\n<td style=\"text-align: right;\" colspan=\"2 \"><a href=\"https:\/\/roadskyguardrail.com\/de\/pile-driver\">Mehr<\/a><\/td>\n<\/tr>\n<tr>\n<td><img loading=\"lazy\" decoding=\"async\" class=\"alignnone size-full wp-image-3420\" src=\"https:\/\/roadskyguardrail.com\/wp-content\/uploads\/2023\/02\/IMG_3384.jpg\" alt=\"\" width=\"300\" height=\"300\" srcset=\"https:\/\/roadskyguardrail.com\/wp-content\/uploads\/2023\/02\/IMG_3384.jpg 300w, https:\/\/roadskyguardrail.com\/wp-content\/uploads\/2023\/02\/IMG_3384-150x150.jpg 150w\" sizes=\"auto, (max-width: 300px) 100vw, 300px\" \/><\/td>\n<td>\u00a0<a href=\"https:\/\/roadskyguardrail.com\/de\/yc-guardrail-pile-driver\"><img loading=\"lazy\" decoding=\"async\" class=\"aligncenter\" src=\"\/wp-content\/uploads\/2014\/05\/YC-series-guardrail-post-driver-1.jpg\" width=\"300\" height=\"300\" \/><\/a><\/td>\n<td>\u00a0<a href=\"https:\/\/roadskyguardrail.com\/de\/highway-guardrail-post-driver\"><img loading=\"lazy\" decoding=\"async\" class=\"aligncenter\" src=\"\/wp-content\/uploads\/2014\/05\/TDB-series-pile-driver.jpg\" width=\"300\" height=\"300\" \/><\/a><\/td>\n<\/tr>\n<tr>\n<td>\n<h3 style=\"text-align: center;\"><a href=\"https:\/\/roadskyguardrail.com\/de\/solar-pile-driver\">Solar-Ramme<\/a><\/h3>\n<\/td>\n<td>\n<h3 style=\"text-align: center;\"><a href=\"https:\/\/roadskyguardrail.com\/de\/yc-guardrail-pile-driver\">YC Leitplankenramme\u00a0<\/a><\/h3>\n<\/td>\n<td>\n<h3 style=\"text-align: center;\"><a href=\"https:\/\/roadskyguardrail.com\/de\/yw-pile-driver\">YW Rammger\u00e4t<\/a><\/h3>\n<\/td>\n<\/tr>\n<\/tbody>\n<\/table>\n<p><!--more--><\/p>\n<table style=\"height: 475px;\" border=\"1\" width=\"841\">\n<tbody>\n<tr>\n<td>\n<h2 class=\"cur-title\"><a title=\"Gel\u00e4nder-Zubeh\u00f6r\" href=\"https:\/\/roadskyguardrail.com\/de\/accessory\">Gel\u00e4nder-Zubeh\u00f6r<\/a><\/h2>\n<\/td>\n<td style=\"text-align: right;\" colspan=\"2 \"><a href=\"https:\/\/roadskyguardrail.com\/de\/accessory\">Mehr<\/a><\/td>\n<\/tr>\n<tr>\n<td>\u00a0<a href=\"https:\/\/roadskyguardrail.com\/de\/guardrail-bolts-nuts\"><img loading=\"lazy\" decoding=\"async\" class=\"aligncenter\" src=\"https:\/\/roadskyguardrail.com\/wp-content\/uploads\/2017\/05\/Bolts-Nuts.jpg\" width=\"300\" height=\"300\" \/><\/a><\/td>\n<td>\u00a0<a href=\"https:\/\/roadskyguardrail.com\/de\/guardrail-delineator-reflector\"><img loading=\"lazy\" decoding=\"async\" class=\"aligncenter\" src=\"https:\/\/roadskyguardrail.com\/wp-content\/uploads\/2017\/05\/road-guardrail-delineator.jpg\" width=\"300\" height=\"300\" \/><\/a><\/td>\n<td>\u00a0<a href=\"https:\/\/roadskyguardrail.com\/de\/guardrail-spacer-blocks\"><img loading=\"lazy\" decoding=\"async\" class=\"aligncenter\" src=\"https:\/\/roadskyguardrail.com\/wp-content\/uploads\/2017\/05\/Guardrail-Spacer-Blocks.jpg\" width=\"300\" height=\"300\" \/><\/a><\/td>\n<\/tr>\n<tr>\n<td>\n<h3 style=\"text-align: center;\"><a href=\"https:\/\/roadskyguardrail.com\/de\/guardrail-bolts-nuts\">Gel\u00e4nderbolzen und -muttern<\/a><\/h3>\n<\/td>\n<td>\n<h3 style=\"text-align: center;\"><a href=\"https:\/\/roadskyguardrail.com\/de\/guardrail-reflector\">Leitplanken-Leitpfosten-Reflektor<\/a><\/h3>\n<\/td>\n<td>\n<h3 style=\"text-align: center;\"><a href=\"https:\/\/roadskyguardrail.com\/de\/guardrail-spacer\">Gel\u00e4nder-Distanzbl\u00f6cke<\/a><\/h3>\n<\/td>\n<\/tr>\n<\/tbody>\n<\/table>","protected":false},"excerpt":{"rendered":"<p>Gel\u00e4ndersystem Mehr Gel\u00e4ndertr\u00e4ger Gel\u00e4nderpfosten Gel\u00e4nderendst\u00fcck<\/p>","protected":false},"author":1,"featured_media":0,"parent":0,"menu_order":0,"comment_status":"closed","ping_status":"closed","template":"","meta":{"footnotes":""},"class_list":["post-214","page","type-page","status-publish","hentry"],"yoast_head":"<!-- This site is optimized with the Yoast SEO plugin v27.3 - https:\/\/yoast.com\/product\/yoast-seo-wordpress\/ -->\n<title>Highway Guardrail Products Lists &amp; Catalogs - RoadSky<\/title>\n<meta name=\"description\" content=\"We offer all kinds of highway guardrail products, include: guardrail beam, guardrail post, guardrail post driver and guardrail accessories.\" \/>\n<meta name=\"robots\" content=\"index, follow, max-snippet:-1, max-image-preview:large, max-video-preview:-1\" \/>\n<link rel=\"canonical\" href=\"https:\/\/roadskyguardrail.com\/de\/products\" \/>\n<meta property=\"og:locale\" content=\"de_DE\" \/>\n<meta property=\"og:type\" content=\"article\" \/>\n<meta property=\"og:title\" content=\"Highway Guardrail Products Lists &amp; Catalogs - RoadSky\" \/>\n<meta property=\"og:description\" content=\"We offer all kinds of highway guardrail products, include: guardrail beam, guardrail post, guardrail post driver and guardrail accessories.\" \/>\n<meta property=\"og:url\" content=\"https:\/\/roadskyguardrail.com\/de\/products\" \/>\n<meta property=\"og:site_name\" content=\"Nanjing Roadsky Traffic Facility Co.,Ltd (Roadsky Corporation)\" \/>\n<meta property=\"article:modified_time\" content=\"2025-10-28T02:07:38+00:00\" \/>\n<meta property=\"og:image\" content=\"https:\/\/roadskyguardrail.com\/wp-content\/uploads\/2017\/05\/U-Post-1-400x400.jpg\" \/>\n<meta name=\"twitter:card\" content=\"summary_large_image\" \/>\n<meta name=\"twitter:label1\" content=\"Est. reading time\" \/>\n\t<meta name=\"twitter:data1\" content=\"2\u00a0Minuten\" \/>\n<script type=\"application\/ld+json\" class=\"yoast-schema-graph\">{\"@context\":\"https:\\\/\\\/schema.org\",\"@graph\":[{\"@type\":\"WebPage\",\"@id\":\"https:\\\/\\\/roadskyguardrail.com\\\/products\",\"url\":\"https:\\\/\\\/roadskyguardrail.com\\\/products\",\"name\":\"Highway Guardrail Products Lists & Catalogs - RoadSky\",\"isPartOf\":{\"@id\":\"https:\\\/\\\/roadskyguardrail.com\\\/#website\"},\"primaryImageOfPage\":{\"@id\":\"https:\\\/\\\/roadskyguardrail.com\\\/products#primaryimage\"},\"image\":{\"@id\":\"https:\\\/\\\/roadskyguardrail.com\\\/products#primaryimage\"},\"thumbnailUrl\":\"http:\\\/\\\/roadskyguardrail.com\\\/wp-content\\\/uploads\\\/2017\\\/05\\\/U-Post-1-400x400.jpg\",\"datePublished\":\"2015-05-09T02:08:23+00:00\",\"dateModified\":\"2025-10-28T02:07:38+00:00\",\"description\":\"We offer all kinds of highway guardrail products, include: guardrail beam, guardrail post, guardrail post driver and guardrail accessories.\",\"breadcrumb\":{\"@id\":\"https:\\\/\\\/roadskyguardrail.com\\\/products#breadcrumb\"},\"inLanguage\":\"de\",\"potentialAction\":[{\"@type\":\"ReadAction\",\"target\":[\"https:\\\/\\\/roadskyguardrail.com\\\/products\"]}]},{\"@type\":\"ImageObject\",\"inLanguage\":\"de\",\"@id\":\"https:\\\/\\\/roadskyguardrail.com\\\/products#primaryimage\",\"url\":\"http:\\\/\\\/roadskyguardrail.com\\\/wp-content\\\/uploads\\\/2017\\\/05\\\/U-Post-1-400x400.jpg\",\"contentUrl\":\"http:\\\/\\\/roadskyguardrail.com\\\/wp-content\\\/uploads\\\/2017\\\/05\\\/U-Post-1-400x400.jpg\"},{\"@type\":\"BreadcrumbList\",\"@id\":\"https:\\\/\\\/roadskyguardrail.com\\\/products#breadcrumb\",\"itemListElement\":[{\"@type\":\"ListItem\",\"position\":1,\"name\":\"Home\",\"item\":\"https:\\\/\\\/roadskyguardrail.com\\\/\"},{\"@type\":\"ListItem\",\"position\":2,\"name\":\"Products\"}]},{\"@type\":\"WebSite\",\"@id\":\"https:\\\/\\\/roadskyguardrail.com\\\/#website\",\"url\":\"https:\\\/\\\/roadskyguardrail.com\\\/\",\"name\":\"Nanjing Roadsky Traffic Facility Co.,Ltd (Roadsky Corporation)\",\"description\":\"RoadSkyGuardrail.com\",\"potentialAction\":[{\"@type\":\"SearchAction\",\"target\":{\"@type\":\"EntryPoint\",\"urlTemplate\":\"https:\\\/\\\/roadskyguardrail.com\\\/?s={search_term_string}\"},\"query-input\":{\"@type\":\"PropertyValueSpecification\",\"valueRequired\":true,\"valueName\":\"search_term_string\"}}],\"inLanguage\":\"de\"}]}<\/script>\n<!-- \/ Yoast SEO plugin. -->","yoast_head_json":{"title":"Stra\u00dfenleitplanken-Produkte Listen &amp; Kataloge - RoadSky","description":"Wir bieten alle Arten von Leitplankenprodukten f\u00fcr Autobahnen an, darunter: Leitplankenbalken, Leitplankenpfosten, Leitplankenpfostenfahrer und Leitplankenzubeh\u00f6r.","robots":{"index":"index","follow":"follow","max-snippet":"max-snippet:-1","max-image-preview":"max-image-preview:large","max-video-preview":"max-video-preview:-1"},"canonical":"https:\/\/roadskyguardrail.com\/de\/products","og_locale":"de_DE","og_type":"article","og_title":"Highway Guardrail Products Lists & Catalogs - RoadSky","og_description":"We offer all kinds of highway guardrail products, include: guardrail beam, guardrail post, guardrail post driver and guardrail accessories.","og_url":"https:\/\/roadskyguardrail.com\/de\/products","og_site_name":"Nanjing Roadsky Traffic Facility Co.,Ltd (Roadsky Corporation)","article_modified_time":"2025-10-28T02:07:38+00:00","og_image":[{"url":"https:\/\/roadskyguardrail.com\/wp-content\/uploads\/2017\/05\/U-Post-1-400x400.jpg","type":"","width":"","height":""}],"twitter_card":"summary_large_image","twitter_misc":{"Est. reading time":"2\u00a0Minuten"},"schema":{"@context":"https:\/\/schema.org","@graph":[{"@type":"WebPage","@id":"https:\/\/roadskyguardrail.com\/products","url":"https:\/\/roadskyguardrail.com\/products","name":"Stra\u00dfenleitplanken-Produkte Listen &amp; Kataloge - RoadSky","isPartOf":{"@id":"https:\/\/roadskyguardrail.com\/#website"},"primaryImageOfPage":{"@id":"https:\/\/roadskyguardrail.com\/products#primaryimage"},"image":{"@id":"https:\/\/roadskyguardrail.com\/products#primaryimage"},"thumbnailUrl":"https:\/\/roadskyguardrail.com\/wp-content\/uploads\/2017\/05\/U-Post-1-400x400.jpg","datePublished":"2015-05-09T02:08:23+00:00","dateModified":"2025-10-28T02:07:38+00:00","description":"Wir bieten alle Arten von Leitplankenprodukten f\u00fcr Autobahnen an, darunter: Leitplankenbalken, Leitplankenpfosten, Leitplankenpfostenfahrer und Leitplankenzubeh\u00f6r.","breadcrumb":{"@id":"https:\/\/roadskyguardrail.com\/products#breadcrumb"},"inLanguage":"de","potentialAction":[{"@type":"ReadAction","target":["https:\/\/roadskyguardrail.com\/products"]}]},{"@type":"ImageObject","inLanguage":"de","@id":"https:\/\/roadskyguardrail.com\/products#primaryimage","url":"https:\/\/roadskyguardrail.com\/wp-content\/uploads\/2017\/05\/U-Post-1-400x400.jpg","contentUrl":"https:\/\/roadskyguardrail.com\/wp-content\/uploads\/2017\/05\/U-Post-1-400x400.jpg"},{"@type":"BreadcrumbList","@id":"https:\/\/roadskyguardrail.com\/products#breadcrumb","itemListElement":[{"@type":"ListItem","position":1,"name":"Home","item":"https:\/\/roadskyguardrail.com\/"},{"@type":"ListItem","position":2,"name":"Products"}]},{"@type":"WebSite","@id":"https:\/\/roadskyguardrail.com\/#website","url":"https:\/\/roadskyguardrail.com\/","name":"Nanjing Roadsky Traffic Facility Co.,Ltd (Roadsky Corporation)","description":"RoadSkyGuardrail.com","potentialAction":[{"@type":"SearchAction","target":{"@type":"EntryPoint","urlTemplate":"https:\/\/roadskyguardrail.com\/?s={search_term_string}"},"query-input":{"@type":"PropertyValueSpecification","valueRequired":true,"valueName":"search_term_string"}}],"inLanguage":"de"}]}},"_links":{"self":[{"href":"https:\/\/roadskyguardrail.com\/de\/wp-json\/wp\/v2\/pages\/214","targetHints":{"allow":["GET"]}}],"collection":[{"href":"https:\/\/roadskyguardrail.com\/de\/wp-json\/wp\/v2\/pages"}],"about":[{"href":"https:\/\/roadskyguardrail.com\/de\/wp-json\/wp\/v2\/types\/page"}],"author":[{"embeddable":true,"href":"https:\/\/roadskyguardrail.com\/de\/wp-json\/wp\/v2\/users\/1"}],"replies":[{"embeddable":true,"href":"https:\/\/roadskyguardrail.com\/de\/wp-json\/wp\/v2\/comments?post=214"}],"version-history":[{"count":28,"href":"https:\/\/roadskyguardrail.com\/de\/wp-json\/wp\/v2\/pages\/214\/revisions"}],"predecessor-version":[{"id":4783,"href":"https:\/\/roadskyguardrail.com\/de\/wp-json\/wp\/v2\/pages\/214\/revisions\/4783"}],"wp:attachment":[{"href":"https:\/\/roadskyguardrail.com\/de\/wp-json\/wp\/v2\/media?parent=214"}],"curies":[{"name":"wp","href":"https:\/\/api.w.org\/{rel}","templated":true}]}}