{"id":17,"date":"2010-05-02T04:24:54","date_gmt":"2010-05-02T04:24:54","guid":{"rendered":"https:\/\/roadskyguardrail.com\/?page_id=17"},"modified":"2025-08-12T09:01:32","modified_gmt":"2025-08-12T09:01:32","slug":"contact","status":"publish","type":"page","link":"https:\/\/roadskyguardrail.com\/de\/contact","title":{"rendered":"Kontakt US"},"content":{"rendered":"<p>Wir freuen uns auf Ihre Anfrage und versprechen Ihnen eine zeitnahe Antwort. Wenn Sie an unseren Produkten interessiert sind, z\u00f6gern Sie bitte nicht, uns f\u00fcr weitere Informationen direkt zu kontaktieren. Wir freuen uns darauf, langfristige Gesch\u00e4ftsbeziehungen mit Ihnen aufzubauen und Ihr gesch\u00e4tztes Unternehmen in K\u00fcrze zu bedienen.<\/p>\n\n\n\n<div class=\"wp-block-columns is-layout-flex wp-container-core-columns-is-layout-9d6595d7 wp-block-columns-is-layout-flex\">\n<div class=\"wp-block-column is-layout-flow wp-block-column-is-layout-flow\" style=\"flex-basis:30%\"><div class=\"wp-block-image\">\n<figure class=\"aligncenter size-full\"><img loading=\"lazy\" decoding=\"async\" width=\"170\" height=\"155\" src=\"https:\/\/roadskyguardrail.com\/wp-content\/uploads\/2024\/03\/Where-there-is-a-road-there-is-Roadsky.jpg\" alt=\"Wo eine Stra\u00dfe ist, ist auch Roadsky\" class=\"wp-image-4056\"\/><\/figure><\/div><\/div>\n\n\n\n<div class=\"wp-block-column is-layout-flow wp-block-column-is-layout-flow\" style=\"flex-basis:70%\">\n<p><strong>ROADSKY GRUPPE<\/strong><br>Johnson Dai<br>Handy &amp; WhatsApp: 0086 15189842612<br>E-Mail: <a href=\"mailto:info@roadskyguardrail.com\" rel=\"nofollow\">info@roadskyguardrail.com<\/a><br>Anschrift: 3rd Floor, Building 27, No.2 Qiancheng Avenue, Intelligent Manufacturing Industrial Park, Jiangbei New District, Nanjing, China<br>Postleitzahl: 210000<\/p>\n<\/div>\n<\/div>\n\n\n\n<h2 class=\"wp-block-heading\">Hinterlassen Sie uns eine Nachricht<\/h2>\n\n\n\n<p><em>F\u00fcllen Sie das nachstehende Formular aus, und unsere Vertriebsmitarbeiter werden sich in K\u00fcrze mit Ihnen in Verbindung setzen.<\/em><\/p>\n\n\n\n<div class=\"wp-block-contact-form-7-contact-form-selector\">\n<div class=\"wpcf7 no-js\" id=\"wpcf7-f5-o1\" lang=\"en-US\" dir=\"ltr\" data-wpcf7-id=\"5\">\n<div class=\"screen-reader-response\"><p role=\"status\" aria-live=\"polite\" aria-atomic=\"true\"><\/p> <ul><\/ul><\/div>\n<form action=\"\/de\/wp-json\/wp\/v2\/pages\/17#wpcf7-f5-o1\" method=\"post\" class=\"wpcf7-form init\" aria-label=\"Kontakt-Formular\" novalidate=\"novalidate\" data-status=\"init\" data-trp-original-action=\"\/de\/wp-json\/wp\/v2\/pages\/17#wpcf7-f5-o1\">\n<fieldset class=\"hidden-fields-container\"><input type=\"hidden\" name=\"_wpcf7\" value=\"5\" \/><input type=\"hidden\" name=\"_wpcf7_version\" value=\"6.1.5\" \/><input type=\"hidden\" name=\"_wpcf7_locale\" value=\"en_US\" \/><input type=\"hidden\" name=\"_wpcf7_unit_tag\" value=\"wpcf7-f5-o1\" \/><input type=\"hidden\" name=\"_wpcf7_container_post\" value=\"0\" \/><input type=\"hidden\" name=\"_wpcf7_posted_data_hash\" value=\"\" \/>\n<\/fieldset>\n<div class=\"wpcf7-turnstile cf-turnstile\" data-sitekey=\"0x4AAAAAACH9ueYy7fDdFIjX\" data-response-field-name=\"_wpcf7_turnstile_response\"><\/div>\n\n<p><label><em>*<\/em>Thema:<\/label><span class=\"wpcf7-form-control-wrap\" data-name=\"your-subject\"><input size=\"40\" maxlength=\"400\" class=\"wpcf7-form-control wpcf7-text wpcf7-validates-as-required\" id=\"your-subject\" aria-required=\"true\" aria-invalid=\"false\" value=\"Product Inquiry\" type=\"text\" name=\"your-subject\" \/><\/span>\n<\/p>\n<p><label><em>*<\/em>Name:<\/label><span class=\"wpcf7-form-control-wrap\" data-name=\"your-name\"><input size=\"40\" maxlength=\"400\" class=\"wpcf7-form-control wpcf7-text wpcf7-validates-as-required\" id=\"your-name\" aria-required=\"true\" aria-invalid=\"false\" placeholder=\"Bitte geben Sie den gebr\u00e4uchlichen Namen an\" value=\"\" type=\"text\" name=\"your-name\" \/><\/span>\n<\/p>\n<p><label><em>*<\/em>E-Mail:<\/label><span class=\"wpcf7-form-control-wrap\" data-name=\"your-email\"><input size=\"40\" maxlength=\"400\" class=\"wpcf7-form-control wpcf7-email wpcf7-validates-as-required wpcf7-text wpcf7-validates-as-email\" id=\"your-email\" aria-required=\"true\" aria-invalid=\"false\" placeholder=\"Bitte geben Sie die \u00fcblicherweise verwendete E-Mail an\" value=\"\" type=\"email\" name=\"your-email\" \/><\/span>\n<\/p>\n<p><label>Telefon:<\/label><span class=\"wpcf7-form-control-wrap\" data-name=\"your-phone\"><input size=\"40\" maxlength=\"400\" class=\"wpcf7-form-control wpcf7-text\" id=\"your-phone\" aria-invalid=\"false\" placeholder=\"Bitte geben Sie eine Kontakttelefonnummer oder ein Mobiltelefon an\" value=\"\" type=\"text\" name=\"your-phone\" \/><\/span>\n<\/p>\n<p><label>Land:<\/label><span class=\"wpcf7-form-control-wrap\" data-name=\"your-country\"><input size=\"40\" maxlength=\"400\" class=\"wpcf7-form-control wpcf7-text\" id=\"your-country\" aria-invalid=\"false\" placeholder=\"Bitte geben Sie Ihr Land an\" value=\"\" type=\"text\" name=\"your-country\" \/><\/span>\n<\/p>\n<p><label>Unternehmen:<\/label><span class=\"wpcf7-form-control-wrap\" data-name=\"your-company\"><input size=\"40\" maxlength=\"400\" class=\"wpcf7-form-control wpcf7-text\" id=\"your-company\" aria-invalid=\"false\" placeholder=\"Bitte geben Sie den Firmennamen ein\" value=\"\" type=\"text\" name=\"your-company\" \/><\/span>\n<\/p>\n<p><label><em>*<\/em>Nachricht:<\/label><span class=\"wpcf7-form-control-wrap\" data-name=\"your-message\"><textarea cols=\"40\" rows=\"10\" maxlength=\"2000\" class=\"wpcf7-form-control wpcf7-textarea wpcf7-validates-as-required\" aria-required=\"true\" aria-invalid=\"false\" placeholder=\"Bitte geben Sie die Details an, die Sie wissen m\u00f6chten, wie z.B. Produktname, Spezifikationen, Preis, MOQ, etc.\" name=\"your-message\"><\/textarea><\/span>\n<\/p>\n<p class=\"btn-submit\"><label> <\/label><input class=\"wpcf7-form-control wpcf7-submit has-spinner\" type=\"submit\" value=\"SUBMIT\" \/>\n<\/p><div class=\"wpcf7-response-output\" aria-hidden=\"true\"><\/div>\n<input type=\"hidden\" name=\"trp-form-language\" value=\"de\"\/><\/form>\n<\/div>\n<\/div>","protected":false},"excerpt":{"rendered":"<p>Wir freuen uns auf Ihre Anfrage und versprechen Ihnen eine zeitnahe Antwort. Wenn Sie an unseren Produkten interessiert sind, z\u00f6gern Sie bitte nicht, uns f\u00fcr weitere Informationen direkt zu kontaktieren. Wir freuen uns darauf, langfristige Gesch\u00e4ftsbeziehungen mit Ihnen aufzubauen und Ihr gesch\u00e4tztes Unternehmen in K\u00fcrze zu bedienen. ROADSKY GROUPJohnson DaiMobil &amp; WhatsApp: 0086 15189842612Email: info@roadskyguardrail.comAddress: 3rd Floor, Building 27, No.2 Qiancheng Avenue, Intelligent Manufacturing Industrial Park, Jiangbei New District, Nanjing, ChinaZip Code: 210000 Hinterlassen Sie uns eine Nachricht F\u00fcllen Sie das nachstehende Formular aus, und unsere Vertriebsmitarbeiter werden sich in K\u00fcrze mit Ihnen in Verbindung setzen.<\/p>","protected":false},"author":1,"featured_media":0,"parent":0,"menu_order":0,"comment_status":"closed","ping_status":"closed","template":"","meta":{"footnotes":""},"class_list":["post-17","page","type-page","status-publish","hentry"],"yoast_head":"<!-- This site is optimized with the Yoast SEO plugin v27.3 - https:\/\/yoast.com\/product\/yoast-seo-wordpress\/ -->\n<title>Contact US - RoadskyGuardrail<\/title>\n<meta name=\"robots\" content=\"index, follow, max-snippet:-1, max-image-preview:large, max-video-preview:-1\" \/>\n<link rel=\"canonical\" href=\"https:\/\/roadskyguardrail.com\/de\/contact\" \/>\n<meta property=\"og:locale\" content=\"de_DE\" \/>\n<meta property=\"og:type\" content=\"article\" \/>\n<meta property=\"og:title\" content=\"Contact US - RoadskyGuardrail\" \/>\n<meta property=\"og:description\" content=\"Welcome your enquiry and we promise to give you a timely response. If you are interested in our products, please do not hesitate to contact us directly for more information. We are looking forward to establishing long-term business relationships with you and serving your esteemed company shortly. ROADSKY GROUPJohnson DaiMobile &amp; WhatsApp: 0086 15189842612Email: info@roadskyguardrail.comAddress: 3rd Floor, Building 27, No.2 Qiancheng Avenue, Intelligent Manufacturing Industrial Park, Jiangbei New District, Nanjing, ChinaZip Code: 210000 Leave Us a Message Fill The Form Below, and our sales representatives will be in touch with you shortly.\" \/>\n<meta property=\"og:url\" content=\"https:\/\/roadskyguardrail.com\/de\/contact\" \/>\n<meta property=\"og:site_name\" content=\"Nanjing Roadsky Traffic Facility Co.,Ltd (Roadsky Corporation)\" \/>\n<meta property=\"article:modified_time\" content=\"2025-08-12T09:01:32+00:00\" \/>\n<meta property=\"og:image\" content=\"https:\/\/roadskyguardrail.com\/wp-content\/uploads\/2024\/03\/Where-there-is-a-road-there-is-Roadsky.jpg\" \/>\n\t<meta property=\"og:image:width\" content=\"170\" \/>\n\t<meta property=\"og:image:height\" content=\"155\" \/>\n\t<meta property=\"og:image:type\" content=\"image\/jpeg\" \/>\n<meta name=\"twitter:card\" content=\"summary_large_image\" \/>\n<meta name=\"twitter:label1\" content=\"Est. reading time\" \/>\n\t<meta name=\"twitter:data1\" content=\"1\u00a0Minute\" \/>\n<script type=\"application\/ld+json\" class=\"yoast-schema-graph\">{\"@context\":\"https:\\\/\\\/schema.org\",\"@graph\":[{\"@type\":\"WebPage\",\"@id\":\"https:\\\/\\\/roadskyguardrail.com\\\/contact\",\"url\":\"https:\\\/\\\/roadskyguardrail.com\\\/contact\",\"name\":\"Contact US - RoadskyGuardrail\",\"isPartOf\":{\"@id\":\"https:\\\/\\\/roadskyguardrail.com\\\/#website\"},\"primaryImageOfPage\":{\"@id\":\"https:\\\/\\\/roadskyguardrail.com\\\/contact#primaryimage\"},\"image\":{\"@id\":\"https:\\\/\\\/roadskyguardrail.com\\\/contact#primaryimage\"},\"thumbnailUrl\":\"https:\\\/\\\/roadskyguardrail.com\\\/wp-content\\\/uploads\\\/2024\\\/03\\\/Where-there-is-a-road-there-is-Roadsky.jpg\",\"datePublished\":\"2010-05-02T04:24:54+00:00\",\"dateModified\":\"2025-08-12T09:01:32+00:00\",\"breadcrumb\":{\"@id\":\"https:\\\/\\\/roadskyguardrail.com\\\/contact#breadcrumb\"},\"inLanguage\":\"de\",\"potentialAction\":[{\"@type\":\"ReadAction\",\"target\":[\"https:\\\/\\\/roadskyguardrail.com\\\/contact\"]}]},{\"@type\":\"ImageObject\",\"inLanguage\":\"de\",\"@id\":\"https:\\\/\\\/roadskyguardrail.com\\\/contact#primaryimage\",\"url\":\"https:\\\/\\\/roadskyguardrail.com\\\/wp-content\\\/uploads\\\/2024\\\/03\\\/Where-there-is-a-road-there-is-Roadsky.jpg\",\"contentUrl\":\"https:\\\/\\\/roadskyguardrail.com\\\/wp-content\\\/uploads\\\/2024\\\/03\\\/Where-there-is-a-road-there-is-Roadsky.jpg\"},{\"@type\":\"BreadcrumbList\",\"@id\":\"https:\\\/\\\/roadskyguardrail.com\\\/contact#breadcrumb\",\"itemListElement\":[{\"@type\":\"ListItem\",\"position\":1,\"name\":\"Home\",\"item\":\"https:\\\/\\\/roadskyguardrail.com\\\/\"},{\"@type\":\"ListItem\",\"position\":2,\"name\":\"Contact US\"}]},{\"@type\":\"WebSite\",\"@id\":\"https:\\\/\\\/roadskyguardrail.com\\\/#website\",\"url\":\"https:\\\/\\\/roadskyguardrail.com\\\/\",\"name\":\"Nanjing Roadsky Traffic Facility Co.,Ltd (Roadsky Corporation)\",\"description\":\"RoadSkyGuardrail.com\",\"potentialAction\":[{\"@type\":\"SearchAction\",\"target\":{\"@type\":\"EntryPoint\",\"urlTemplate\":\"https:\\\/\\\/roadskyguardrail.com\\\/?s={search_term_string}\"},\"query-input\":{\"@type\":\"PropertyValueSpecification\",\"valueRequired\":true,\"valueName\":\"search_term_string\"}}],\"inLanguage\":\"de\"}]}<\/script>\n<!-- \/ Yoast SEO plugin. -->","yoast_head_json":{"title":"Kontakt US - RoadskyGuardrail","robots":{"index":"index","follow":"follow","max-snippet":"max-snippet:-1","max-image-preview":"max-image-preview:large","max-video-preview":"max-video-preview:-1"},"canonical":"https:\/\/roadskyguardrail.com\/de\/contact","og_locale":"de_DE","og_type":"article","og_title":"Contact US - RoadskyGuardrail","og_description":"Welcome your enquiry and we promise to give you a timely response. If you are interested in our products, please do not hesitate to contact us directly for more information. We are looking forward to establishing long-term business relationships with you and serving your esteemed company shortly. ROADSKY GROUPJohnson DaiMobile &amp; WhatsApp: 0086 15189842612Email: info@roadskyguardrail.comAddress: 3rd Floor, Building 27, No.2 Qiancheng Avenue, Intelligent Manufacturing Industrial Park, Jiangbei New District, Nanjing, ChinaZip Code: 210000 Leave Us a Message Fill The Form Below, and our sales representatives will be in touch with you shortly.","og_url":"https:\/\/roadskyguardrail.com\/de\/contact","og_site_name":"Nanjing Roadsky Traffic Facility Co.,Ltd (Roadsky Corporation)","article_modified_time":"2025-08-12T09:01:32+00:00","og_image":[{"width":170,"height":155,"url":"https:\/\/roadskyguardrail.com\/wp-content\/uploads\/2024\/03\/Where-there-is-a-road-there-is-Roadsky.jpg","type":"image\/jpeg"}],"twitter_card":"summary_large_image","twitter_misc":{"Est. reading time":"1\u00a0Minute"},"schema":{"@context":"https:\/\/schema.org","@graph":[{"@type":"WebPage","@id":"https:\/\/roadskyguardrail.com\/contact","url":"https:\/\/roadskyguardrail.com\/contact","name":"Kontakt US - RoadskyGuardrail","isPartOf":{"@id":"https:\/\/roadskyguardrail.com\/#website"},"primaryImageOfPage":{"@id":"https:\/\/roadskyguardrail.com\/contact#primaryimage"},"image":{"@id":"https:\/\/roadskyguardrail.com\/contact#primaryimage"},"thumbnailUrl":"https:\/\/roadskyguardrail.com\/wp-content\/uploads\/2024\/03\/Where-there-is-a-road-there-is-Roadsky.jpg","datePublished":"2010-05-02T04:24:54+00:00","dateModified":"2025-08-12T09:01:32+00:00","breadcrumb":{"@id":"https:\/\/roadskyguardrail.com\/contact#breadcrumb"},"inLanguage":"de","potentialAction":[{"@type":"ReadAction","target":["https:\/\/roadskyguardrail.com\/contact"]}]},{"@type":"ImageObject","inLanguage":"de","@id":"https:\/\/roadskyguardrail.com\/contact#primaryimage","url":"https:\/\/roadskyguardrail.com\/wp-content\/uploads\/2024\/03\/Where-there-is-a-road-there-is-Roadsky.jpg","contentUrl":"https:\/\/roadskyguardrail.com\/wp-content\/uploads\/2024\/03\/Where-there-is-a-road-there-is-Roadsky.jpg"},{"@type":"BreadcrumbList","@id":"https:\/\/roadskyguardrail.com\/contact#breadcrumb","itemListElement":[{"@type":"ListItem","position":1,"name":"Home","item":"https:\/\/roadskyguardrail.com\/"},{"@type":"ListItem","position":2,"name":"Contact US"}]},{"@type":"WebSite","@id":"https:\/\/roadskyguardrail.com\/#website","url":"https:\/\/roadskyguardrail.com\/","name":"Nanjing Roadsky Traffic Facility Co.,Ltd (Roadsky Corporation)","description":"RoadSkyGuardrail.com","potentialAction":[{"@type":"SearchAction","target":{"@type":"EntryPoint","urlTemplate":"https:\/\/roadskyguardrail.com\/?s={search_term_string}"},"query-input":{"@type":"PropertyValueSpecification","valueRequired":true,"valueName":"search_term_string"}}],"inLanguage":"de"}]}},"_links":{"self":[{"href":"https:\/\/roadskyguardrail.com\/de\/wp-json\/wp\/v2\/pages\/17","targetHints":{"allow":["GET"]}}],"collection":[{"href":"https:\/\/roadskyguardrail.com\/de\/wp-json\/wp\/v2\/pages"}],"about":[{"href":"https:\/\/roadskyguardrail.com\/de\/wp-json\/wp\/v2\/types\/page"}],"author":[{"embeddable":true,"href":"https:\/\/roadskyguardrail.com\/de\/wp-json\/wp\/v2\/users\/1"}],"replies":[{"embeddable":true,"href":"https:\/\/roadskyguardrail.com\/de\/wp-json\/wp\/v2\/comments?post=17"}],"version-history":[{"count":14,"href":"https:\/\/roadskyguardrail.com\/de\/wp-json\/wp\/v2\/pages\/17\/revisions"}],"predecessor-version":[{"id":4748,"href":"https:\/\/roadskyguardrail.com\/de\/wp-json\/wp\/v2\/pages\/17\/revisions\/4748"}],"wp:attachment":[{"href":"https:\/\/roadskyguardrail.com\/de\/wp-json\/wp\/v2\/media?parent=17"}],"curies":[{"name":"wp","href":"https:\/\/api.w.org\/{rel}","templated":true}]}}