{"id":10,"date":"2010-05-02T04:20:46","date_gmt":"2010-05-02T04:20:46","guid":{"rendered":"https:\/\/roadskyguardrail.com\/?page_id=10"},"modified":"2025-12-10T03:56:06","modified_gmt":"2025-12-10T03:56:06","slug":"about","status":"publish","type":"page","link":"https:\/\/roadskyguardrail.com\/de\/about","title":{"rendered":"\u00dcber US"},"content":{"rendered":"<p><strong>Nanjing Roadsky Traffic Facility Co.,Ltd. (Roadsky Gesellschaft)&nbsp;<\/strong>entwickelt und fertigt <strong><a href=\"https:\/\/roadskyguardrail.com\/de\/\" target=\"_blank\" rel=\"noreferrer noopener\" style=\"text-decoration: underline;\">Autobahnleitplanke<\/a><\/strong> und Installationsausr\u00fcstung \u00fcberall auf der Welt. Seit unserer Gr\u00fcndung im Jahr 2000 in Nanjing, China, haben wir uns zum f\u00fchrenden Experten f\u00fcr L\u00f6sungen f\u00fcr Autobahn- und Solarparkprojekte entwickelt. Im Laufe der Jahre leisteten wir Pionierarbeit bei der Entwicklung der neuesten Technologie in der Stra\u00dfenverkehrssicherheitsbranche und boten technisches Fachwissen f\u00fcr ein breiteres Spektrum von Stra\u00dfenbauprojekten, wie z. B. Stra\u00dfensicherheit, Stra\u00dfenmarkierungen, Stra\u00dfeninstandhaltung und Leitplanken.<strong>&nbsp;<\/strong><\/p>\n\n\n<div class=\"wp-block-image\">\n<figure class=\"aligncenter size-full\"><img loading=\"lazy\" decoding=\"async\" width=\"600\" height=\"425\" src=\"https:\/\/roadskyguardrail.com\/wp-content\/uploads\/2024\/04\/RoadSky-Staff-Group-Photo.jpg\" alt=\"RoadSky Mitarbeiter Gruppenfoto\" class=\"wp-image-4105\" srcset=\"https:\/\/roadskyguardrail.com\/wp-content\/uploads\/2024\/04\/RoadSky-Staff-Group-Photo.jpg 600w, https:\/\/roadskyguardrail.com\/wp-content\/uploads\/2024\/04\/RoadSky-Staff-Group-Photo-400x283.jpg 400w\" sizes=\"auto, (max-width: 600px) 100vw, 600px\" \/><\/figure><\/div>\n\n\n<p>Als Anbieter von <a href=\"https:\/\/roadskyguardrail.com\/de\/guardrail-beam\" target=\"_blank\" rel=\"noreferrer noopener\" style=\"text-decoration: underline;\"><strong>Leitplankenbalken<\/strong><\/a>, Mit unseren Leitplanken, Pfosten, Endst\u00fccken und Leitplankenzubeh\u00f6r entwerfen wir Schutzplanken f\u00fcr Autobahnen und Nebenstra\u00dfen, Parkpl\u00e4tze, Fabriken und Lagerhallen. Ein starkes Forschungs- und Entwicklungsteam und ein streng kontrollierter Produktionsprozess sorgen daf\u00fcr, dass unsere Schutzplanken den Standards von Autobahnen und Arbeitspl\u00e4tzen in verschiedenen L\u00e4ndern entsprechen.<\/p>\n\n\n\n<p>Neben Leitplanken stellt Roadsky auch hocheffiziente hydraulische Leitplankenpfostenmontageger\u00e4te her. Sowohl Raupen- als auch Radmaschinen <strong><a style=\"text-decoration: underline;\" href=\"https:\/\/roadskyguardrail.com\/de\/pile-driver\" target=\"_blank\" rel=\"noreferrer noopener\">Rammger\u00e4t f\u00fcr Leitplanken<\/a><\/strong> sind f\u00fcr unterschiedliche Arbeitsbedingungen vorgesehen. Roadsky Pfostenramme kann verschiedene Arten von Pfosten wie C-Typ, U-Typ, H-Typ, etc. stapeln und herausziehen. Wir liefern auch die <strong><a href=\"https:\/\/roadskyguardrail.com\/de\/solar-pile-driver\" target=\"_blank\" rel=\"noreferrer noopener\" style=\"text-decoration: underline;\">Solarramme<\/a><\/strong> f\u00fcr Photovoltaikanlagen. Auf Wunsch der Kunden bieten wir auch Maschinen f\u00fcr die Formung und Reparatur von Gel\u00e4ndern an.<\/p>\n\n\n\n<figure class=\"wp-block-gallery has-nested-images columns-2 is-cropped wp-block-gallery-1 is-layout-flex wp-block-gallery-is-layout-flex\">\n<figure class=\"wp-block-image size-large\"><img loading=\"lazy\" decoding=\"async\" width=\"300\" height=\"199\" data-id=\"12\" src=\"https:\/\/roadskyguardrail.com\/wp-content\/uploads\/2010\/05\/about-us1.jpg\" alt=\"\" class=\"wp-image-12\"\/><\/figure>\n\n\n\n<figure class=\"wp-block-image size-large\"><img loading=\"lazy\" decoding=\"async\" width=\"300\" height=\"200\" data-id=\"13\" src=\"https:\/\/roadskyguardrail.com\/wp-content\/uploads\/2010\/05\/about-us2.jpg\" alt=\"\" class=\"wp-image-13\"\/><\/figure>\n<\/figure>\n\n\n\n<p>Wir entwickeln, produzieren und liefern eine breite Palette von Sicherheitsprodukten f\u00fcr Stra\u00dfen, Parkpl\u00e4tze, Bau und Instandhaltung, die einfach strukturierte Sicherheitsprodukte sind, die bequem bedient und installiert werden k\u00f6nnen. Wir produzieren und liefern die hochwertigsten Leitplanken und Installationen, Stra\u00dfenmarkierungsmaschinen und -materialien, Stra\u00dfenwartungs- und Sicherheitsprodukte f\u00fcr Stra\u00dfenbauunternehmen weltweit. Wir sind stolz auf unser starkes Forschungs- und Entwicklungsteam und den streng kontrollierten Produktionsprozess, um sicherzustellen, dass unsere Endprodukte den Standards f\u00fcr Autobahnen und Stra\u00dfensicherheit in verschiedenen L\u00e4ndern entsprechen. Bei Bedarf oder auf der Grundlage von Kundenspezifikationen stellen wir verschiedene Maschinen und Materialien nach Ma\u00df her.<\/p>\n\n\n\n<p>Die meisten unserer Produkte werden in mehr als einhundert (100) L\u00e4nder in Afrika, Nord- und S\u00fcdamerika einschlie\u00dflich Mittelamerika, im Nahen Osten, in S\u00fcdostasien, Zentralasien, Europa und Ozeanien exportiert. Wir haben einen besonders gro\u00dfen Exportbedarf f\u00fcr Stra\u00dfenmarkierung und -instandhaltung in L\u00e4nder in Afrika, Mittel- und S\u00fcdamerika, im Nahen Osten, in S\u00fcdostasien und in Zentralasien.<\/p>\n\n\n\n<p>Als Pionier in der Entwicklung und Herstellung von Stra\u00dfenbauprodukten ist die Roadsky Corp. in der Lage, nicht nur die Rohstoffe und die Ausr\u00fcstung f\u00fcr die Herstellung von Sicherheitsprodukten zu liefern, sondern auch das Schulungsprogramm. Unser Fachwissen umfasst den Betrieb und die Wartung von Ger\u00e4ten, die Einweisung in Stra\u00dfenmarkierungsprojekte und die Schulung von Arbeitern. Wir k\u00f6nnen erfahrene Mitarbeiter entsenden, um die Arbeit eines gesamten Stra\u00dfenbauprojekts zu begleiten und zu unterst\u00fctzen. Falls erforderlich, k\u00f6nnen wir auch den Technologietransfer \u00fcbernehmen, auf den unser Unternehmen besonderen Wert legt.<\/p>\n\n\n\n<p>Ein professioneller Anbieter von L\u00f6sungen f\u00fcr die Stra\u00dfeninstandhaltung, der eine breite Palette von Stra\u00dfeninstandhaltungsprodukten herstellen und umfassende technische Unterst\u00fctzung f\u00fcr Stra\u00dfenbau- und Sicherheitsprojekte bieten kann. Unsere Produkte und Dienstleistungen gehen \u00fcber die Gesch\u00e4ftsbeziehung mit unseren Kunden hinaus. Wir sind Partner bei der Bereitstellung und Lieferung aller Arten von Sicherheitsprodukten mit der Verpflichtung, jede Stra\u00dfe f\u00fcr alle sicherer zu machen.<\/p>\n\n\n\n<h2 class=\"wp-block-heading has-text-align-center has-white-color has-text-color has-background\" style=\"background-color:#465c7d\">Lassen Sie uns Ihr Gesch\u00e4ft heute ankurbeln<\/h2>\n\n\n\n<div class=\"wp-block-contact-form-7-contact-form-selector\">\n<div class=\"wpcf7 no-js\" id=\"wpcf7-f5-o1\" lang=\"en-US\" dir=\"ltr\" data-wpcf7-id=\"5\">\n<div class=\"screen-reader-response\"><p role=\"status\" aria-live=\"polite\" aria-atomic=\"true\"><\/p> <ul><\/ul><\/div>\n<form action=\"\/de\/wp-json\/wp\/v2\/pages\/10#wpcf7-f5-o1\" method=\"post\" class=\"wpcf7-form init\" aria-label=\"Kontakt-Formular\" novalidate=\"novalidate\" data-status=\"init\" data-trp-original-action=\"\/de\/wp-json\/wp\/v2\/pages\/10#wpcf7-f5-o1\">\n<fieldset class=\"hidden-fields-container\"><input type=\"hidden\" name=\"_wpcf7\" value=\"5\" \/><input type=\"hidden\" name=\"_wpcf7_version\" value=\"6.1.5\" \/><input type=\"hidden\" name=\"_wpcf7_locale\" value=\"en_US\" \/><input type=\"hidden\" name=\"_wpcf7_unit_tag\" value=\"wpcf7-f5-o1\" \/><input type=\"hidden\" name=\"_wpcf7_container_post\" value=\"0\" \/><input type=\"hidden\" name=\"_wpcf7_posted_data_hash\" value=\"\" \/>\n<\/fieldset>\n<div class=\"wpcf7-turnstile cf-turnstile\" data-sitekey=\"0x4AAAAAACH9ueYy7fDdFIjX\" data-response-field-name=\"_wpcf7_turnstile_response\"><\/div>\n\n<p><label><em>*<\/em>Thema:<\/label><span class=\"wpcf7-form-control-wrap\" data-name=\"your-subject\"><input size=\"40\" maxlength=\"400\" class=\"wpcf7-form-control wpcf7-text wpcf7-validates-as-required\" id=\"your-subject\" aria-required=\"true\" aria-invalid=\"false\" value=\"Product Inquiry\" type=\"text\" name=\"your-subject\" \/><\/span>\n<\/p>\n<p><label><em>*<\/em>Name:<\/label><span class=\"wpcf7-form-control-wrap\" data-name=\"your-name\"><input size=\"40\" maxlength=\"400\" class=\"wpcf7-form-control wpcf7-text wpcf7-validates-as-required\" id=\"your-name\" aria-required=\"true\" aria-invalid=\"false\" placeholder=\"Bitte geben Sie den gebr\u00e4uchlichen Namen an\" value=\"\" type=\"text\" name=\"your-name\" \/><\/span>\n<\/p>\n<p><label><em>*<\/em>E-Mail:<\/label><span class=\"wpcf7-form-control-wrap\" data-name=\"your-email\"><input size=\"40\" maxlength=\"400\" class=\"wpcf7-form-control wpcf7-email wpcf7-validates-as-required wpcf7-text wpcf7-validates-as-email\" id=\"your-email\" aria-required=\"true\" aria-invalid=\"false\" placeholder=\"Bitte geben Sie die \u00fcblicherweise verwendete E-Mail an\" value=\"\" type=\"email\" name=\"your-email\" \/><\/span>\n<\/p>\n<p><label>Telefon:<\/label><span class=\"wpcf7-form-control-wrap\" data-name=\"your-phone\"><input size=\"40\" maxlength=\"400\" class=\"wpcf7-form-control wpcf7-text\" id=\"your-phone\" aria-invalid=\"false\" placeholder=\"Bitte geben Sie eine Kontakttelefonnummer oder ein Mobiltelefon an\" value=\"\" type=\"text\" name=\"your-phone\" \/><\/span>\n<\/p>\n<p><label>Land:<\/label><span class=\"wpcf7-form-control-wrap\" data-name=\"your-country\"><input size=\"40\" maxlength=\"400\" class=\"wpcf7-form-control wpcf7-text\" id=\"your-country\" aria-invalid=\"false\" placeholder=\"Bitte geben Sie Ihr Land an\" value=\"\" type=\"text\" name=\"your-country\" \/><\/span>\n<\/p>\n<p><label>Unternehmen:<\/label><span class=\"wpcf7-form-control-wrap\" data-name=\"your-company\"><input size=\"40\" maxlength=\"400\" class=\"wpcf7-form-control wpcf7-text\" id=\"your-company\" aria-invalid=\"false\" placeholder=\"Bitte geben Sie den Firmennamen ein\" value=\"\" type=\"text\" name=\"your-company\" \/><\/span>\n<\/p>\n<p><label><em>*<\/em>Nachricht:<\/label><span class=\"wpcf7-form-control-wrap\" data-name=\"your-message\"><textarea cols=\"40\" rows=\"10\" maxlength=\"2000\" class=\"wpcf7-form-control wpcf7-textarea wpcf7-validates-as-required\" aria-required=\"true\" aria-invalid=\"false\" placeholder=\"Bitte geben Sie die Details an, die Sie wissen m\u00f6chten, wie z.B. Produktname, Spezifikationen, Preis, MOQ, etc.\" name=\"your-message\"><\/textarea><\/span>\n<\/p>\n<p class=\"btn-submit\"><label> <\/label><input class=\"wpcf7-form-control wpcf7-submit has-spinner\" type=\"submit\" value=\"SUBMIT\" \/>\n<\/p><div class=\"wpcf7-response-output\" aria-hidden=\"true\"><\/div>\n<input type=\"hidden\" name=\"trp-form-language\" value=\"de\"\/><\/form>\n<\/div>\n<\/div>","protected":false},"excerpt":{"rendered":"<p>Nanjing Roadsky Traffic Facility Co.,Ltd. (Roadsky Corporation) entwickelt und fertigt Autobahnleitplanken und Installationsger\u00e4te f\u00fcr die ganze Welt. Das Unternehmen wurde im Jahr 2000 in Nanjing, China, gegr\u00fcndet und hat sich zum Ziel gesetzt, der f\u00fchrende Experte f\u00fcr L\u00f6sungen f\u00fcr Autobahn- und Solarparkprojekte zu werden. Im Laufe der Jahre leisteten wir Pionierarbeit bei der Entwicklung der neuesten Technologien in der Stra\u00dfenverkehrssicherheitsbranche und boten technisches Fachwissen von der Spezialisierung auf ein breiteres Spektrum von Stra\u00dfenbauprojekten in den Bereichen Verkehrssicherheit, Stra\u00dfenmarkierung, Stra\u00dfeninstandhaltung und Leitplanken.  Als Lieferant von Leitplankenbalken, Pfosten, Endst\u00fccken und Leitplankenzubeh\u00f6r entwerfen wir Schutzplanken f\u00fcr Autobahnen und Nebenstra\u00dfen, Parkpl\u00e4tze, Fabriken und Lagerhallen. Ein starkes Forschungs- und Entwicklungsteam und ein streng kontrollierter Produktionsprozess sorgen daf\u00fcr, dass unsere Leitplankenbalken den Standards von Autobahnen und Arbeitspl\u00e4tzen in verschiedenen L\u00e4ndern entsprechen. Neben Leitplanken stellt Roadsky auch hocheffiziente hydraulische Gel\u00e4nderpfosten-Installationsger\u00e4te her. Sowohl Raupen- als auch Radpfahlrammen werden f\u00fcr unterschiedliche Arbeitsbedingungen angeboten. Roadsky Pfostentreiber k\u00f6nnen verschiedene Arten von Pf\u00e4hlen und ...<\/p>","protected":false},"author":1,"featured_media":0,"parent":0,"menu_order":0,"comment_status":"closed","ping_status":"closed","template":"","meta":{"footnotes":""},"class_list":["post-10","page","type-page","status-publish","hentry"],"yoast_head":"<!-- This site is optimized with the Yoast SEO plugin v27.3 - https:\/\/yoast.com\/product\/yoast-seo-wordpress\/ -->\n<title>About US - RoadskyGuardrail<\/title>\n<meta name=\"robots\" content=\"index, follow, max-snippet:-1, max-image-preview:large, max-video-preview:-1\" \/>\n<link rel=\"canonical\" href=\"https:\/\/roadskyguardrail.com\/de\/about\" \/>\n<meta property=\"og:locale\" content=\"de_DE\" \/>\n<meta property=\"og:type\" content=\"article\" \/>\n<meta property=\"og:title\" content=\"About US - RoadskyGuardrail\" \/>\n<meta property=\"og:description\" content=\"Nanjing Roadsky Traffic Facility Co.,Ltd. (Roadsky Corporation)&nbsp;develops and manufactures highway guardrail and installation equipment everywhere in the world. Established in 2000 at Nanjing China, we endeavored to be the leading expert in providing&nbsp;highway and solar farm project solutions. Throughout the years, we pioneered development of the latest technology in road safety industry and provided technical expertise from specialized to a wider range of road construction from Road Safety, Road Marking, Road Maintenance, and Guardrail projects.&nbsp; As a supplier of guardrail beam, post, end terminal and guardrail accessories, we design the protective guardrails for highways and secondary roads, parking lots, factories, and warehouses. Strong R&amp;D team and strictly controlled production process ensure that our guardrail beams meet the standard of highways and workplaces in different countries. Besides guardrails, Roadsky also manufacture high efficient hydraulic guardrail post installation equipment. Both crawler-type and wheel-type guardrail pile driver are provided for different working conditions. Roadsky post driver can pile and extract different types of ...\" \/>\n<meta property=\"og:url\" content=\"https:\/\/roadskyguardrail.com\/de\/about\" \/>\n<meta property=\"og:site_name\" content=\"Nanjing Roadsky Traffic Facility Co.,Ltd (Roadsky Corporation)\" \/>\n<meta property=\"article:modified_time\" content=\"2025-12-10T03:56:06+00:00\" \/>\n<meta property=\"og:image\" content=\"https:\/\/roadskyguardrail.com\/wp-content\/uploads\/2024\/04\/RoadSky-Staff-Group-Photo.jpg\" \/>\n\t<meta property=\"og:image:width\" content=\"600\" \/>\n\t<meta property=\"og:image:height\" content=\"425\" \/>\n\t<meta property=\"og:image:type\" content=\"image\/jpeg\" \/>\n<meta name=\"twitter:card\" content=\"summary_large_image\" \/>\n<meta name=\"twitter:label1\" content=\"Est. reading time\" \/>\n\t<meta name=\"twitter:data1\" content=\"3\u00a0Minuten\" \/>\n<script type=\"application\/ld+json\" class=\"yoast-schema-graph\">{\"@context\":\"https:\\\/\\\/schema.org\",\"@graph\":[{\"@type\":\"WebPage\",\"@id\":\"https:\\\/\\\/roadskyguardrail.com\\\/about\",\"url\":\"https:\\\/\\\/roadskyguardrail.com\\\/about\",\"name\":\"About US - RoadskyGuardrail\",\"isPartOf\":{\"@id\":\"https:\\\/\\\/roadskyguardrail.com\\\/#website\"},\"primaryImageOfPage\":{\"@id\":\"https:\\\/\\\/roadskyguardrail.com\\\/about#primaryimage\"},\"image\":{\"@id\":\"https:\\\/\\\/roadskyguardrail.com\\\/about#primaryimage\"},\"thumbnailUrl\":\"https:\\\/\\\/roadskyguardrail.com\\\/wp-content\\\/uploads\\\/2024\\\/04\\\/RoadSky-Staff-Group-Photo.jpg\",\"datePublished\":\"2010-05-02T04:20:46+00:00\",\"dateModified\":\"2025-12-10T03:56:06+00:00\",\"breadcrumb\":{\"@id\":\"https:\\\/\\\/roadskyguardrail.com\\\/about#breadcrumb\"},\"inLanguage\":\"de\",\"potentialAction\":[{\"@type\":\"ReadAction\",\"target\":[\"https:\\\/\\\/roadskyguardrail.com\\\/about\"]}]},{\"@type\":\"ImageObject\",\"inLanguage\":\"de\",\"@id\":\"https:\\\/\\\/roadskyguardrail.com\\\/about#primaryimage\",\"url\":\"https:\\\/\\\/roadskyguardrail.com\\\/wp-content\\\/uploads\\\/2024\\\/04\\\/RoadSky-Staff-Group-Photo.jpg\",\"contentUrl\":\"https:\\\/\\\/roadskyguardrail.com\\\/wp-content\\\/uploads\\\/2024\\\/04\\\/RoadSky-Staff-Group-Photo.jpg\"},{\"@type\":\"BreadcrumbList\",\"@id\":\"https:\\\/\\\/roadskyguardrail.com\\\/about#breadcrumb\",\"itemListElement\":[{\"@type\":\"ListItem\",\"position\":1,\"name\":\"Home\",\"item\":\"https:\\\/\\\/roadskyguardrail.com\\\/\"},{\"@type\":\"ListItem\",\"position\":2,\"name\":\"About US\"}]},{\"@type\":\"WebSite\",\"@id\":\"https:\\\/\\\/roadskyguardrail.com\\\/#website\",\"url\":\"https:\\\/\\\/roadskyguardrail.com\\\/\",\"name\":\"Nanjing Roadsky Traffic Facility Co.,Ltd (Roadsky Corporation)\",\"description\":\"RoadSkyGuardrail.com\",\"potentialAction\":[{\"@type\":\"SearchAction\",\"target\":{\"@type\":\"EntryPoint\",\"urlTemplate\":\"https:\\\/\\\/roadskyguardrail.com\\\/?s={search_term_string}\"},\"query-input\":{\"@type\":\"PropertyValueSpecification\",\"valueRequired\":true,\"valueName\":\"search_term_string\"}}],\"inLanguage\":\"de\"}]}<\/script>\n<!-- \/ Yoast SEO plugin. -->","yoast_head_json":{"title":"\u00dcber US - RoadskyGuardrail","robots":{"index":"index","follow":"follow","max-snippet":"max-snippet:-1","max-image-preview":"max-image-preview:large","max-video-preview":"max-video-preview:-1"},"canonical":"https:\/\/roadskyguardrail.com\/de\/about","og_locale":"de_DE","og_type":"article","og_title":"About US - RoadskyGuardrail","og_description":"Nanjing Roadsky Traffic Facility Co.,Ltd. (Roadsky Corporation)&nbsp;develops and manufactures highway guardrail and installation equipment everywhere in the world. Established in 2000 at Nanjing China, we endeavored to be the leading expert in providing&nbsp;highway and solar farm project solutions. Throughout the years, we pioneered development of the latest technology in road safety industry and provided technical expertise from specialized to a wider range of road construction from Road Safety, Road Marking, Road Maintenance, and Guardrail projects.&nbsp; As a supplier of guardrail beam, post, end terminal and guardrail accessories, we design the protective guardrails for highways and secondary roads, parking lots, factories, and warehouses. Strong R&amp;D team and strictly controlled production process ensure that our guardrail beams meet the standard of highways and workplaces in different countries. Besides guardrails, Roadsky also manufacture high efficient hydraulic guardrail post installation equipment. Both crawler-type and wheel-type guardrail pile driver are provided for different working conditions. Roadsky post driver can pile and extract different types of ...","og_url":"https:\/\/roadskyguardrail.com\/de\/about","og_site_name":"Nanjing Roadsky Traffic Facility Co.,Ltd (Roadsky Corporation)","article_modified_time":"2025-12-10T03:56:06+00:00","og_image":[{"width":600,"height":425,"url":"https:\/\/roadskyguardrail.com\/wp-content\/uploads\/2024\/04\/RoadSky-Staff-Group-Photo.jpg","type":"image\/jpeg"}],"twitter_card":"summary_large_image","twitter_misc":{"Est. reading time":"3\u00a0Minuten"},"schema":{"@context":"https:\/\/schema.org","@graph":[{"@type":"WebPage","@id":"https:\/\/roadskyguardrail.com\/about","url":"https:\/\/roadskyguardrail.com\/about","name":"\u00dcber US - RoadskyGuardrail","isPartOf":{"@id":"https:\/\/roadskyguardrail.com\/#website"},"primaryImageOfPage":{"@id":"https:\/\/roadskyguardrail.com\/about#primaryimage"},"image":{"@id":"https:\/\/roadskyguardrail.com\/about#primaryimage"},"thumbnailUrl":"https:\/\/roadskyguardrail.com\/wp-content\/uploads\/2024\/04\/RoadSky-Staff-Group-Photo.jpg","datePublished":"2010-05-02T04:20:46+00:00","dateModified":"2025-12-10T03:56:06+00:00","breadcrumb":{"@id":"https:\/\/roadskyguardrail.com\/about#breadcrumb"},"inLanguage":"de","potentialAction":[{"@type":"ReadAction","target":["https:\/\/roadskyguardrail.com\/about"]}]},{"@type":"ImageObject","inLanguage":"de","@id":"https:\/\/roadskyguardrail.com\/about#primaryimage","url":"https:\/\/roadskyguardrail.com\/wp-content\/uploads\/2024\/04\/RoadSky-Staff-Group-Photo.jpg","contentUrl":"https:\/\/roadskyguardrail.com\/wp-content\/uploads\/2024\/04\/RoadSky-Staff-Group-Photo.jpg"},{"@type":"BreadcrumbList","@id":"https:\/\/roadskyguardrail.com\/about#breadcrumb","itemListElement":[{"@type":"ListItem","position":1,"name":"Home","item":"https:\/\/roadskyguardrail.com\/"},{"@type":"ListItem","position":2,"name":"About US"}]},{"@type":"WebSite","@id":"https:\/\/roadskyguardrail.com\/#website","url":"https:\/\/roadskyguardrail.com\/","name":"Nanjing Roadsky Traffic Facility Co.,Ltd (Roadsky Corporation)","description":"RoadSkyGuardrail.com","potentialAction":[{"@type":"SearchAction","target":{"@type":"EntryPoint","urlTemplate":"https:\/\/roadskyguardrail.com\/?s={search_term_string}"},"query-input":{"@type":"PropertyValueSpecification","valueRequired":true,"valueName":"search_term_string"}}],"inLanguage":"de"}]}},"_links":{"self":[{"href":"https:\/\/roadskyguardrail.com\/de\/wp-json\/wp\/v2\/pages\/10","targetHints":{"allow":["GET"]}}],"collection":[{"href":"https:\/\/roadskyguardrail.com\/de\/wp-json\/wp\/v2\/pages"}],"about":[{"href":"https:\/\/roadskyguardrail.com\/de\/wp-json\/wp\/v2\/types\/page"}],"author":[{"embeddable":true,"href":"https:\/\/roadskyguardrail.com\/de\/wp-json\/wp\/v2\/users\/1"}],"replies":[{"embeddable":true,"href":"https:\/\/roadskyguardrail.com\/de\/wp-json\/wp\/v2\/comments?post=10"}],"version-history":[{"count":17,"href":"https:\/\/roadskyguardrail.com\/de\/wp-json\/wp\/v2\/pages\/10\/revisions"}],"predecessor-version":[{"id":4808,"href":"https:\/\/roadskyguardrail.com\/de\/wp-json\/wp\/v2\/pages\/10\/revisions\/4808"}],"wp:attachment":[{"href":"https:\/\/roadskyguardrail.com\/de\/wp-json\/wp\/v2\/media?parent=10"}],"curies":[{"name":"wp","href":"https:\/\/api.w.org\/{rel}","templated":true}]}}